{"id":5828,"date":"2024-12-13T02:17:26","date_gmt":"2024-12-13T02:17:26","guid":{"rendered":"https:\/\/www.newcreationtv.org\/pt\/?page_id=5828"},"modified":"2026-03-26T10:06:14","modified_gmt":"2026-03-26T02:06:14","slug":"conheca-jesus","status":"publish","type":"page","link":"https:\/\/www.newcreationtv.org\/pt\/conheca-jesus\/","title":{"rendered":"Conhe\u00e7a Jesus"},"content":{"rendered":"\t\t<div data-elementor-type=\"wp-page\" data-elementor-id=\"5828\" class=\"elementor elementor-5828\" data-elementor-post-type=\"page\">\n\t\t\t\t<div class=\"elementor-element elementor-element-3fcdeb3 e-con-full bn-inner-full e-flex e-con e-parent\" data-id=\"3fcdeb3\" data-element_type=\"container\" data-e-type=\"container\">\n\t\t\t\t<div class=\"elementor-element elementor-element-dfc5a47 imgdesk elementor-hidden-mobile elementor-hidden-tablet elementor-widget elementor-widget-image\" data-id=\"dfc5a47\" data-element_type=\"widget\" data-e-type=\"widget\" data-widget_type=\"image.default\">\n\t\t\t\t<div class=\"elementor-widget-container\">\n\t\t\t\t\t\t\t\t\t\t\t\t\t\t\t<img loading=\"lazy\" decoding=\"async\" width=\"1920\" height=\"337\" src=\"https:\/\/www.newcreationtv.org\/pt\/wp-content\/uploads\/sites\/29\/2025\/04\/Know-Jesus-1920-x-337-px.jpg\" class=\"attachment-full size-full wp-image-10129\" alt=\"\" srcset=\"https:\/\/www.newcreationtv.org\/pt\/wp-content\/uploads\/sites\/29\/2025\/04\/Know-Jesus-1920-x-337-px.jpg 1920w, https:\/\/www.newcreationtv.org\/pt\/wp-content\/uploads\/sites\/29\/2025\/04\/Know-Jesus-1920-x-337-px-300x53.jpg 300w, https:\/\/www.newcreationtv.org\/pt\/wp-content\/uploads\/sites\/29\/2025\/04\/Know-Jesus-1920-x-337-px-1024x180.jpg 1024w, https:\/\/www.newcreationtv.org\/pt\/wp-content\/uploads\/sites\/29\/2025\/04\/Know-Jesus-1920-x-337-px-768x135.jpg 768w, https:\/\/www.newcreationtv.org\/pt\/wp-content\/uploads\/sites\/29\/2025\/04\/Know-Jesus-1920-x-337-px-1536x270.jpg 1536w\" sizes=\"auto, (max-width: 1920px) 100vw, 1920px\" \/>\t\t\t\t\t\t\t\t\t\t\t\t\t\t\t<\/div>\n\t\t\t\t<\/div>\n\t\t\t\t<div class=\"elementor-element elementor-element-96bcb54 imgmb elementor-hidden-desktop elementor-widget elementor-widget-image\" data-id=\"96bcb54\" data-element_type=\"widget\" data-e-type=\"widget\" data-widget_type=\"image.default\">\n\t\t\t\t<div class=\"elementor-widget-container\">\n\t\t\t\t\t\t\t\t\t\t\t\t\t\t\t<img loading=\"lazy\" decoding=\"async\" width=\"390\" height=\"220\" src=\"https:\/\/www.newcreationtv.org\/pt\/wp-content\/uploads\/sites\/29\/2025\/04\/Know-Jesus-Mobile-390-x-220-px.jpg\" class=\"attachment-full size-full wp-image-10130\" alt=\"\" srcset=\"https:\/\/www.newcreationtv.org\/pt\/wp-content\/uploads\/sites\/29\/2025\/04\/Know-Jesus-Mobile-390-x-220-px.jpg 390w, https:\/\/www.newcreationtv.org\/pt\/wp-content\/uploads\/sites\/29\/2025\/04\/Know-Jesus-Mobile-390-x-220-px-300x169.jpg 300w\" sizes=\"auto, (max-width: 390px) 100vw, 390px\" \/>\t\t\t\t\t\t\t\t\t\t\t\t\t\t\t<\/div>\n\t\t\t\t<\/div>\n\t\t\t\t<\/div>\n\t\t<div class=\"elementor-element elementor-element-953d427 container main-inner wmain-2 e-flex e-con-boxed e-con e-parent\" data-id=\"953d427\" data-element_type=\"container\" data-e-type=\"container\">\n\t\t\t\t\t<div class=\"e-con-inner\">\n\t\t\t\t<div class=\"elementor-element elementor-element-b6ed304 title-2 campaign elementor-widget elementor-widget-heading\" data-id=\"b6ed304\" data-element_type=\"widget\" data-e-type=\"widget\" data-widget_type=\"heading.default\">\n\t\t\t\t<div class=\"elementor-widget-container\">\n\t\t\t\t\t<h1 class=\"elementor-heading-title elementor-size-default\">Conhe\u00e7a Jesus\n<\/h1>\t\t\t\t<\/div>\n\t\t\t\t<\/div>\n\t\t<div class=\"elementor-element elementor-element-48727d3 e-con-full document e-flex e-con e-child\" data-id=\"48727d3\" data-element_type=\"container\" data-e-type=\"container\">\n\t\t\t\t<div class=\"elementor-element elementor-element-e7793d8 elementor-widget elementor-widget-text-editor\" data-id=\"e7793d8\" data-element_type=\"widget\" data-e-type=\"widget\" data-widget_type=\"text-editor.default\">\n\t\t\t\t<div class=\"elementor-widget-container\">\n\t\t\t\t\t\t\t\t\t<p>Por que Jesus, o Filho de Deus, escolheu entregar Sua vida por voc\u00ea e por mim?<\/p><p>Conhe\u00e7a as Boas Novas da cruz e o Salvador amoroso que fez tudo isso por n\u00f3s!<\/p>\t\t\t\t\t\t\t\t<\/div>\n\t\t\t\t<\/div>\n\t\t\t\t<div class=\"elementor-element elementor-element-12d981b title-2 campaign elementor-widget elementor-widget-heading\" data-id=\"12d981b\" data-element_type=\"widget\" data-e-type=\"widget\" data-widget_type=\"heading.default\">\n\t\t\t\t<div class=\"elementor-widget-container\">\n\t\t\t\t\t<h3 class=\"elementor-heading-title elementor-size-default\">Um Amor Incompar\u00e1vel\n<\/h3>\t\t\t\t<\/div>\n\t\t\t\t<\/div>\n\t\t\t\t<div class=\"elementor-element elementor-element-7e9351c elementor-widget elementor-widget-text-editor\" data-id=\"7e9351c\" data-element_type=\"widget\" data-e-type=\"widget\" data-widget_type=\"text-editor.default\">\n\t\t\t\t<div class=\"elementor-widget-container\">\n\t\t\t\t\t\t\t\t\t<p>Por causa do pecado do homem, n\u00e3o havia como nos aproximarmos de Deus.<\/p><p>O resultado do nosso pecado n\u00e3o foi apenas uma vida inteira de separa\u00e7\u00e3o entre n\u00f3s e Deus \u2014 mas tamb\u00e9m vergonha, enfermidades e, finalmente, a morte eterna.<\/p><p><b>Mas por causa do amor, tudo mudou.<\/b><\/p><p>Em Seu amor profundo, vasto e imensur\u00e1vel por n\u00f3s, Deus providenciou um caminho. Ele entregou Seu pr\u00f3prio Filho, Jesus, para que tomasse nosso lugar na morte por meio da cruz \u2014 para que possamos desfrutar de sa\u00fade, liberdade e vida eterna com Ele!<\/p>\t\t\t\t\t\t\t\t<\/div>\n\t\t\t\t<\/div>\n\t\t\t\t<div class=\"elementor-element elementor-element-d506395 title-2 campaign elementor-widget elementor-widget-heading\" data-id=\"d506395\" data-element_type=\"widget\" data-e-type=\"widget\" data-widget_type=\"heading.default\">\n\t\t\t\t<div class=\"elementor-widget-container\">\n\t\t\t\t\t<h3 class=\"elementor-heading-title elementor-size-default\">O Que Aconteceu na Cruz<\/h3>\t\t\t\t<\/div>\n\t\t\t\t<\/div>\n\t\t\t\t<div class=\"elementor-element elementor-element-a926aa2 elementor-widget elementor-widget-text-editor\" data-id=\"a926aa2\" data-element_type=\"widget\" data-e-type=\"widget\" data-widget_type=\"text-editor.default\">\n\t\t\t\t<div class=\"elementor-widget-container\">\n\t\t\t\t\t\t\t\t\t<p>Na cruz, aconteceu uma troca maravilhosa. Foi ali que Jesus tomou sobre si a doen\u00e7a, o julgamento e a morte que eu e voc\u00ea merec\u00edamos sofrer por causa do nosso pecado.<\/p><p>E, ao fazer isso, Ele nos permitiu receber todas as coisas boas que n\u00e3o merecemos! Desde sa\u00fade e for\u00e7a, alegria e paz, at\u00e9 sucesso em nossas fam\u00edlias e carreiras.<\/p><p>Esse \u00e9 o amor do nosso Salvador, e \u00e9 por isso que a cruz \u00e9 verdadeiramente Boas Novas para voc\u00ea e para mim!<\/p>\t\t\t\t\t\t\t\t<\/div>\n\t\t\t\t<\/div>\n\t\t\t\t<div class=\"elementor-element elementor-element-24bb98d title-2 campaign elementor-widget elementor-widget-heading\" data-id=\"24bb98d\" data-element_type=\"widget\" data-e-type=\"widget\" data-widget_type=\"heading.default\">\n\t\t\t\t<div class=\"elementor-widget-container\">\n\t\t\t\t\t<h3 class=\"elementor-heading-title elementor-size-default\">Receba Tudo o Que Jesus Fez Por Voc\u00ea<\/h3>\t\t\t\t<\/div>\n\t\t\t\t<\/div>\n\t\t\t\t<div class=\"elementor-element elementor-element-cb3239f elementor-widget elementor-widget-text-editor\" data-id=\"cb3239f\" data-element_type=\"widget\" data-e-type=\"widget\" data-widget_type=\"text-editor.default\">\n\t\t\t\t<div class=\"elementor-widget-container\">\n\t\t\t\t\t\t\t\t\t<p>Amigo, Jesus j\u00e1 fez tudo o que era necess\u00e1rio para que eu e voc\u00ea nos aproximemos de Deus e desfrutemos de Seu amor e b\u00ean\u00e7\u00e3os hoje.<\/p><p>Mas Sua obra consumada s\u00f3 pode se tornar real na sua vida se voc\u00ea tomar uma decis\u00e3o pessoal de aceit\u00e1-Lo.<\/p><p>Se voc\u00ea deseja aceitar Jesus e tudo o que Ele fez por voc\u00ea, repita esta ora\u00e7\u00e3o e creia em seu cora\u00e7\u00e3o:<\/p>\t\t\t\t\t\t\t\t<\/div>\n\t\t\t\t<\/div>\n\t\t\t\t<div class=\"elementor-element elementor-element-712ffdb bquote-2 elementor-widget__width-initial elementor-widget elementor-widget-custom_quote\" data-id=\"712ffdb\" data-element_type=\"widget\" data-e-type=\"widget\" data-widget_type=\"custom_quote.default\">\n\t\t\t\t<div class=\"elementor-widget-container\">\n\t\t\t\t\t\n\t\t<blockquote>\n\t\t\t<p>Jesus, obrigado(a) por me amar e morrer por mim na cruz. Seu sangue me lava de todo pecado. Tu \u00e9s meu Salvador. Por causa da Sua obra consumada, posso viver em Sua liberdade, alegria e sa\u00fade para sempre. Am\u00e9m!<\/p>\t\t<\/blockquote>\n\t\t<cite><\/cite>\n\n\t\t\t\t\t\t<\/div>\n\t\t\t\t<\/div>\n\t\t\t\t<div class=\"elementor-element elementor-element-1b41bc1 elementor-widget elementor-widget-text-editor\" data-id=\"1b41bc1\" data-element_type=\"widget\" data-e-type=\"widget\" data-widget_type=\"text-editor.default\">\n\t\t\t\t<div class=\"elementor-widget-container\">\n\t\t\t\t\t\t\t\t\t<p>Para saber mais sobre o que Jesus fez na cruz por voc\u00ea, deixe que este v\u00eddeo do Pastor Joseph Prince ajude voc\u00ea a entender melhor!<\/p>\t\t\t\t\t\t\t\t<\/div>\n\t\t\t\t<\/div>\n\t\t\t\t<div class=\"elementor-element elementor-element-c553ccf no-flex elementor-widget elementor-widget-html\" data-id=\"c553ccf\" data-element_type=\"widget\" data-e-type=\"widget\" data-widget_type=\"html.default\">\n\t\t\t\t<div class=\"elementor-widget-container\">\n\t\t\t\t\t<div style=\"position: relative; padding-top: 56.25%;\"><iframe src=\"https:\/\/players.sardius.media\/30cAA96F6F88B29\/dvr\/asset\/a0013FF1C563272758B1FEf58EAF\" scrolling=\"no\" style=\"border: none; position: absolute; top: 0; left: 0; height: 100%; width: 100%;\" allow=\"accelerometer; gyroscope; autoplay; encrypted-media; picture-in-picture;\" allowfullscreen=\"true\"><\/iframe><\/div>\t\t\t\t<\/div>\n\t\t\t\t<\/div>\n\t\t<div class=\"elementor-element elementor-element-a934031 e-con-full e-flex e-con e-child\" data-id=\"a934031\" data-element_type=\"container\" data-e-type=\"container\">\n\t\t\t\t<\/div>\n\t\t\t\t<div class=\"elementor-element elementor-element-6e25b5f box-1 campaign elementor-widget elementor-widget-text-editor\" data-id=\"6e25b5f\" data-element_type=\"widget\" data-e-type=\"widget\" data-widget_type=\"text-editor.default\">\n\t\t\t\t<div class=\"elementor-widget-container\">\n\t\t\t\t\t\t\t\t\t<h4><b>Estamos Muito Felizes Por Voc\u00ea Ter Dito Sim!<\/b><\/h4><p>Se voc\u00ea fez a ora\u00e7\u00e3o da salva\u00e7\u00e3o, agora voc\u00ea \u00e9 um filho de Deus e o c\u00e9u \u00e9 o seu lar!<\/p><p>Gostar\u00edamos muito de ajudar voc\u00ea a come\u00e7ar sua nova e empolgante vida com Jesus.\u00a0<\/p>\t\t\t\t\t\t\t\t<\/div>\n\t\t\t\t<\/div>\n\t\t\t\t<div class=\"elementor-element elementor-element-3a25bb0 elementor-align-center elementor-widget elementor-widget-button\" data-id=\"3a25bb0\" data-element_type=\"widget\" data-e-type=\"widget\" data-widget_type=\"button.default\">\n\t\t\t\t<div class=\"elementor-widget-container\">\n\t\t\t\t\t\t\t\t\t<div class=\"elementor-button-wrapper\">\n\t\t\t\t\t<a class=\"elementor-button elementor-button-link elementor-size-sm\" href=\"https:\/\/newcreationtv.org\/pt\/acabou-de-dizer-sim-a-jesus\">\n\t\t\t\t\t\t<span class=\"elementor-button-content-wrapper\">\n\t\t\t\t\t\t\t\t\t<span class=\"elementor-button-text\">Conecte-se conosco aqui!<\/span>\n\t\t\t\t\t<\/span>\n\t\t\t\t\t<\/a>\n\t\t\t\t<\/div>\n\t\t\t\t\t\t\t\t<\/div>\n\t\t\t\t<\/div>\n\t\t\t\t<\/div>\n\t\t\t\t\t<\/div>\n\t\t\t\t<\/div>\n\t\t\t\t<\/div>\n\t\t","protected":false},"excerpt":{"rendered":"<p>Conhe\u00e7a Jesus Por que Jesus, o Filho de Deus, escolheu entregar Sua vida por voc\u00ea e por mim? Conhe\u00e7a as Boas Novas da cruz e o Salvador amoroso que fez tudo isso por n\u00f3s! Um Amor Incompar\u00e1vel Por causa do pecado do homem, n\u00e3o havia como nos aproximarmos de Deus. O resultado do nosso pecado [&hellip;]<\/p>\n","protected":false},"author":2,"featured_media":0,"parent":0,"menu_order":0,"comment_status":"closed","ping_status":"closed","template":"","meta":{"footnotes":"","_links_to":"","_links_to_target":""},"class_list":["post-5828","page","type-page","status-publish","hentry"],"yoast_head":"<!-- This site is optimized with the Yoast SEO plugin v25.5 - https:\/\/yoast.com\/wordpress\/plugins\/seo\/ -->\n<title>Conhe\u00e7a Jesus | New Creation TV Portugu\u00eas<\/title>\n<meta name=\"description\" content=\"Conhe\u00e7a Jesus Por que Jesus, o Filho de Deus, escolheu entregar Sua vida por voc\u00ea e por mim?Conhe\u00e7a as Boas Novas da cruz e o Salvador amoroso que fez\" \/>\n<meta name=\"robots\" content=\"index, follow, max-snippet:-1, max-image-preview:large, max-video-preview:-1\" \/>\n<link rel=\"canonical\" href=\"https:\/\/www.newcreationtv.org\/pt\/conheca-jesus\/\" \/>\n<meta property=\"og:locale\" content=\"en_US\" \/>\n<meta property=\"og:type\" content=\"article\" \/>\n<meta property=\"og:title\" content=\"Conhe\u00e7a Jesus | New Creation TV Portugu\u00eas\" \/>\n<meta property=\"og:description\" content=\"Conhe\u00e7a Jesus Por que Jesus, o Filho de Deus, escolheu entregar Sua vida por voc\u00ea e por mim?Conhe\u00e7a as Boas Novas da cruz e o Salvador amoroso que fez\" \/>\n<meta property=\"og:url\" content=\"https:\/\/www.newcreationtv.org\/pt\/conheca-jesus\/\" \/>\n<meta property=\"og:site_name\" content=\"New Creation TV Portugu\u00eas\" \/>\n<meta property=\"article:modified_time\" content=\"2026-03-26T02:06:14+00:00\" \/>\n<meta property=\"og:image\" content=\"https:\/\/www.newcreationtv.org\/pt\/wp-content\/uploads\/sites\/29\/2025\/04\/Know-Jesus-1920-x-337-px.jpg\" \/>\n\t<meta property=\"og:image:width\" content=\"1920\" \/>\n\t<meta property=\"og:image:height\" content=\"337\" \/>\n\t<meta property=\"og:image:type\" content=\"image\/jpeg\" \/>\n<meta name=\"twitter:card\" content=\"summary_large_image\" \/>\n<meta name=\"twitter:label1\" content=\"Est. reading time\" \/>\n\t<meta name=\"twitter:data1\" content=\"2 minutes\" \/>\n<script type=\"application\/ld+json\" class=\"yoast-schema-graph\">{\"@context\":\"https:\/\/schema.org\",\"@graph\":[{\"@type\":\"WebPage\",\"@id\":\"https:\/\/www.newcreationtv.org\/pt\/conheca-jesus\/\",\"url\":\"https:\/\/www.newcreationtv.org\/pt\/conheca-jesus\/\",\"name\":\"Conhe\u00e7a Jesus | New Creation TV Portugu\u00eas\",\"isPartOf\":{\"@id\":\"https:\/\/www.newcreationtv.org\/pt\/#website\"},\"primaryImageOfPage\":{\"@id\":\"https:\/\/www.newcreationtv.org\/pt\/conheca-jesus\/#primaryimage\"},\"image\":{\"@id\":\"https:\/\/www.newcreationtv.org\/pt\/conheca-jesus\/#primaryimage\"},\"thumbnailUrl\":\"https:\/\/www.newcreationtv.org\/pt\/wp-content\/uploads\/sites\/29\/2025\/04\/Know-Jesus-1920-x-337-px.jpg\",\"datePublished\":\"2024-12-13T02:17:26+00:00\",\"dateModified\":\"2026-03-26T02:06:14+00:00\",\"description\":\"Conhe\u00e7a Jesus Por que Jesus, o Filho de Deus, escolheu entregar Sua vida por voc\u00ea e por mim?Conhe\u00e7a as Boas Novas da cruz e o Salvador amoroso que fez\",\"breadcrumb\":{\"@id\":\"https:\/\/www.newcreationtv.org\/pt\/conheca-jesus\/#breadcrumb\"},\"inLanguage\":\"en-US\",\"potentialAction\":[{\"@type\":\"ReadAction\",\"target\":[\"https:\/\/www.newcreationtv.org\/pt\/conheca-jesus\/\"]}]},{\"@type\":\"ImageObject\",\"inLanguage\":\"en-US\",\"@id\":\"https:\/\/www.newcreationtv.org\/pt\/conheca-jesus\/#primaryimage\",\"url\":\"https:\/\/www.newcreationtv.org\/pt\/wp-content\/uploads\/sites\/29\/2025\/04\/Know-Jesus-1920-x-337-px.jpg\",\"contentUrl\":\"https:\/\/www.newcreationtv.org\/pt\/wp-content\/uploads\/sites\/29\/2025\/04\/Know-Jesus-1920-x-337-px.jpg\",\"width\":1920,\"height\":337},{\"@type\":\"BreadcrumbList\",\"@id\":\"https:\/\/www.newcreationtv.org\/pt\/conheca-jesus\/#breadcrumb\",\"itemListElement\":[{\"@type\":\"ListItem\",\"position\":1,\"name\":\"Home\",\"item\":\"https:\/\/www.newcreationtv.org\/pt\/\"},{\"@type\":\"ListItem\",\"position\":2,\"name\":\"Conhe\u00e7a Jesus\"}]},{\"@type\":\"WebSite\",\"@id\":\"https:\/\/www.newcreationtv.org\/pt\/#website\",\"url\":\"https:\/\/www.newcreationtv.org\/pt\/\",\"name\":\"New Creation TV Portugu\u00eas\",\"description\":\"\",\"potentialAction\":[{\"@type\":\"SearchAction\",\"target\":{\"@type\":\"EntryPoint\",\"urlTemplate\":\"https:\/\/www.newcreationtv.org\/pt\/?s={search_term_string}\"},\"query-input\":{\"@type\":\"PropertyValueSpecification\",\"valueRequired\":true,\"valueName\":\"search_term_string\"}}],\"inLanguage\":\"en-US\"}]}<\/script>\n<!-- \/ Yoast SEO plugin. -->","yoast_head_json":{"title":"Conhe\u00e7a Jesus | New Creation TV Portugu\u00eas","description":"Conhe\u00e7a Jesus Por que Jesus, o Filho de Deus, escolheu entregar Sua vida por voc\u00ea e por mim?Conhe\u00e7a as Boas Novas da cruz e o Salvador amoroso que fez","robots":{"index":"index","follow":"follow","max-snippet":"max-snippet:-1","max-image-preview":"max-image-preview:large","max-video-preview":"max-video-preview:-1"},"canonical":"https:\/\/www.newcreationtv.org\/pt\/conheca-jesus\/","og_locale":"en_US","og_type":"article","og_title":"Conhe\u00e7a Jesus | New Creation TV Portugu\u00eas","og_description":"Conhe\u00e7a Jesus Por que Jesus, o Filho de Deus, escolheu entregar Sua vida por voc\u00ea e por mim?Conhe\u00e7a as Boas Novas da cruz e o Salvador amoroso que fez","og_url":"https:\/\/www.newcreationtv.org\/pt\/conheca-jesus\/","og_site_name":"New Creation TV Portugu\u00eas","article_modified_time":"2026-03-26T02:06:14+00:00","og_image":[{"width":1920,"height":337,"url":"https:\/\/www.newcreationtv.org\/pt\/wp-content\/uploads\/sites\/29\/2025\/04\/Know-Jesus-1920-x-337-px.jpg","type":"image\/jpeg"}],"twitter_card":"summary_large_image","twitter_misc":{"Est. reading time":"2 minutes"},"schema":{"@context":"https:\/\/schema.org","@graph":[{"@type":"WebPage","@id":"https:\/\/www.newcreationtv.org\/pt\/conheca-jesus\/","url":"https:\/\/www.newcreationtv.org\/pt\/conheca-jesus\/","name":"Conhe\u00e7a Jesus | New Creation TV Portugu\u00eas","isPartOf":{"@id":"https:\/\/www.newcreationtv.org\/pt\/#website"},"primaryImageOfPage":{"@id":"https:\/\/www.newcreationtv.org\/pt\/conheca-jesus\/#primaryimage"},"image":{"@id":"https:\/\/www.newcreationtv.org\/pt\/conheca-jesus\/#primaryimage"},"thumbnailUrl":"https:\/\/www.newcreationtv.org\/pt\/wp-content\/uploads\/sites\/29\/2025\/04\/Know-Jesus-1920-x-337-px.jpg","datePublished":"2024-12-13T02:17:26+00:00","dateModified":"2026-03-26T02:06:14+00:00","description":"Conhe\u00e7a Jesus Por que Jesus, o Filho de Deus, escolheu entregar Sua vida por voc\u00ea e por mim?Conhe\u00e7a as Boas Novas da cruz e o Salvador amoroso que fez","breadcrumb":{"@id":"https:\/\/www.newcreationtv.org\/pt\/conheca-jesus\/#breadcrumb"},"inLanguage":"en-US","potentialAction":[{"@type":"ReadAction","target":["https:\/\/www.newcreationtv.org\/pt\/conheca-jesus\/"]}]},{"@type":"ImageObject","inLanguage":"en-US","@id":"https:\/\/www.newcreationtv.org\/pt\/conheca-jesus\/#primaryimage","url":"https:\/\/www.newcreationtv.org\/pt\/wp-content\/uploads\/sites\/29\/2025\/04\/Know-Jesus-1920-x-337-px.jpg","contentUrl":"https:\/\/www.newcreationtv.org\/pt\/wp-content\/uploads\/sites\/29\/2025\/04\/Know-Jesus-1920-x-337-px.jpg","width":1920,"height":337},{"@type":"BreadcrumbList","@id":"https:\/\/www.newcreationtv.org\/pt\/conheca-jesus\/#breadcrumb","itemListElement":[{"@type":"ListItem","position":1,"name":"Home","item":"https:\/\/www.newcreationtv.org\/pt\/"},{"@type":"ListItem","position":2,"name":"Conhe\u00e7a Jesus"}]},{"@type":"WebSite","@id":"https:\/\/www.newcreationtv.org\/pt\/#website","url":"https:\/\/www.newcreationtv.org\/pt\/","name":"New Creation TV Portugu\u00eas","description":"","potentialAction":[{"@type":"SearchAction","target":{"@type":"EntryPoint","urlTemplate":"https:\/\/www.newcreationtv.org\/pt\/?s={search_term_string}"},"query-input":{"@type":"PropertyValueSpecification","valueRequired":true,"valueName":"search_term_string"}}],"inLanguage":"en-US"}]}},"_links":{"self":[{"href":"https:\/\/www.newcreationtv.org\/pt\/wp-json\/wp\/v2\/pages\/5828","targetHints":{"allow":["GET"]}}],"collection":[{"href":"https:\/\/www.newcreationtv.org\/pt\/wp-json\/wp\/v2\/pages"}],"about":[{"href":"https:\/\/www.newcreationtv.org\/pt\/wp-json\/wp\/v2\/types\/page"}],"author":[{"embeddable":true,"href":"https:\/\/www.newcreationtv.org\/pt\/wp-json\/wp\/v2\/users\/2"}],"replies":[{"embeddable":true,"href":"https:\/\/www.newcreationtv.org\/pt\/wp-json\/wp\/v2\/comments?post=5828"}],"version-history":[{"count":173,"href":"https:\/\/www.newcreationtv.org\/pt\/wp-json\/wp\/v2\/pages\/5828\/revisions"}],"predecessor-version":[{"id":15212,"href":"https:\/\/www.newcreationtv.org\/pt\/wp-json\/wp\/v2\/pages\/5828\/revisions\/15212"}],"wp:attachment":[{"href":"https:\/\/www.newcreationtv.org\/pt\/wp-json\/wp\/v2\/media?parent=5828"}],"curies":[{"name":"wp","href":"https:\/\/api.w.org\/{rel}","templated":true}]}}