{"id":5437,"date":"2024-12-13T03:09:50","date_gmt":"2024-12-13T03:09:50","guid":{"rendered":"https:\/\/www.newcreationtv.org\/pt\/?page_id=5437"},"modified":"2026-03-16T16:51:58","modified_gmt":"2026-03-16T08:51:58","slug":"aviso-legal","status":"publish","type":"page","link":"https:\/\/www.newcreationtv.org\/pt\/aviso-legal\/","title":{"rendered":"Aviso Legal"},"content":{"rendered":"\t\t<div data-elementor-type=\"wp-page\" data-elementor-id=\"5437\" class=\"elementor elementor-5437\" data-elementor-post-type=\"page\">\n\t\t\t\t<div class=\"elementor-element elementor-element-9b468ee e-flex e-con-boxed e-con e-parent\" data-id=\"9b468ee\" data-element_type=\"container\" data-e-type=\"container\">\n\t\t\t\t\t<div class=\"e-con-inner\">\n\t\t\t\t<div class=\"elementor-element elementor-element-55f2846 elementor-widget elementor-widget-text-editor\" data-id=\"55f2846\" data-element_type=\"widget\" data-e-type=\"widget\" data-widget_type=\"text-editor.default\">\n\t\t\t\t<div class=\"elementor-widget-container\">\n\t\t\t\t\t\t\t\t\t<div class=\"page-header text-center\"><h2 class=\"text-theme-primary\"><b>Aviso Legal<\/b><\/h2><\/div><p><span style=\"font-weight: 400;\">\u00a0<\/span><\/p><p><span style=\"font-weight: 400;\">Atrav\u00e9s da New Creation TV, a New Creation Church transmite serm\u00f5es de nossos cultos de forma direta para milh\u00f5es de lares ao redor do mundo.<\/span><\/p><p><span style=\"font-weight: 400;\">A New Creation Church \u00e9 uma igreja independente, n\u00e3o denominacional e membro do Conselho Nacional de Igrejas de Singapura (National Council of Churches of Singapore). A New Creation Church \u00e9 uma associa\u00e7\u00e3o sem fins lucrativos registrada em Singapura.<\/span><\/p><p><span style=\"font-weight: 400;\">Diretor Geral: Gideon Lim<\/span><span style=\"font-weight: 400;\"><br \/><\/span><span style=\"font-weight: 400;\">Respons\u00e1vel pelo Conte\u00fado: Dorothy Ng<\/span><span style=\"font-weight: 400;\"><br \/><\/span><span style=\"font-weight: 400;\">Registro da Igreja em Singapura, N\u00famero \u00danico de Entidade (UEN): S84SS0112C<\/span><\/p><p>Hospedagem do Site:<br \/>O site da New Creation TV \u00e9 hospedado pela Amazon Web Services Singapore Private Limited<br \/>23 Church Street, Capital Square,<br \/>Unit 10-01 to 10-04,<br \/>Singapore 049481<\/p><p><span style=\"font-weight: 400;\">Para mais informa\u00e7\u00f5es ou perguntas sobre a New Creation TV, por favor, entre em contato conosco por e-mail (Portugu\u00eas e Ingl\u00eas) ou por telefone (somente Ingl\u00eas):<\/span><\/p><ul><li><strong>Email<\/strong>: <a href=\"https:\/\/www.newcreationtv.org\/pt\/voce-tem-alguma-duvida\/\" target=\"_blank\" rel=\"noopener\">https:\/\/www.newcreationtv.org\/pt\/voce-tem-alguma-duvida\/<\/a><\/li><li><strong>Tel<\/strong>: (+65) 6338 4565<\/li><\/ul><p>Endere\u00e7o Postal:<br \/>New Creation TV<br \/>New Creation Church<br \/>51 Cuppage Road, #09-01<br \/>229469 Singapore<\/p><p><span style=\"font-weight: 400;\">Hor\u00e1rio de Funcionamento: Segunda a Sexta-feira, 9:00\u201318:00 (fuso hor\u00e1rio de Singapura)<\/span><\/p><h5><b>Propriedade Intelectual<\/b><\/h5><p><span style=\"font-weight: 400;\">Qualquer reprodu\u00e7\u00e3o \u00e9 proibida sem autoriza\u00e7\u00e3o.<\/span><\/p><p><span style=\"font-weight: 400;\">Todos os textos, fotos, v\u00eddeos, logotipos e outros elementos reproduzidos neste site s\u00e3o protegidos por direitos autorais e pela lei de marcas registradas, de acordo com as regras de Singapura e o direito internacional.<\/span><\/p><h5><strong>Deep Links<\/strong><\/h5><p><span style=\"font-weight: 400;\">Links para p\u00e1ginas no site NewCreationTV.org s\u00e3o permitidos. No entanto, deep links ou framing n\u00e3o s\u00e3o permitidos sem autoriza\u00e7\u00e3o da New Creation TV.<\/span><\/p><h5><b>Declara\u00e7\u00e3o de N\u00e3o Afilia\u00e7\u00e3o<\/b><\/h5><p><span style=\"font-weight: 400;\">Exceto aqueles especificamente mencionados em nosso site ou em nossa correspond\u00eancia oficial, n\u00e3o somos afiliados a nenhuma igreja, minist\u00e9rio ou ministro, organiza\u00e7\u00e3o, movimento ou plataforma digital, seja local ou estrangeira. Qualquer indiv\u00edduo, igreja, organiza\u00e7\u00e3o ou grupo que afirme ser afiliado a n\u00f3s (e\/ou ao Pastor Joseph Prince) o faz sem nosso conhecimento ou permiss\u00e3o e n\u00e3o nos representa.<\/span><\/p><p><span style=\"font-weight: 400;\">Se voc\u00ea tiver conhecimento de qualquer indiv\u00edduo, igreja, organiza\u00e7\u00e3o ou grupo que alegue afilia\u00e7\u00e3o ou apoio de nossa parte (e\/ou do Pastor Joseph Prince) e\/ou use tal alega\u00e7\u00e3o para arrecadar fundos ou para anunciar seus eventos, por favor, informe-nos imediatamente atrav\u00e9s de<\/span> <a href=\"https:\/\/www.newcreationtv.org\/pt\/voce-tem-alguma-duvida\/\" target=\"_blank\" rel=\"noopener\">https:\/\/www.newcreationtv.org\/pt\/voce-tem-alguma-duvida\/<\/a>.<\/p>\t\t\t\t\t\t\t\t<\/div>\n\t\t\t\t<\/div>\n\t\t\t\t\t<\/div>\n\t\t\t\t<\/div>\n\t\t\t\t<\/div>\n\t\t","protected":false},"excerpt":{"rendered":"<p>Aviso Legal \u00a0 Atrav\u00e9s da New Creation TV, a New Creation Church transmite serm\u00f5es de nossos cultos de forma direta para milh\u00f5es de lares ao redor do mundo. A New Creation Church \u00e9 uma igreja independente, n\u00e3o denominacional e membro do Conselho Nacional de Igrejas de Singapura (National Council of Churches of Singapore). A New [&hellip;]<\/p>\n","protected":false},"author":2,"featured_media":0,"parent":0,"menu_order":0,"comment_status":"closed","ping_status":"closed","template":"","meta":{"footnotes":"","_links_to":"","_links_to_target":""},"class_list":["post-5437","page","type-page","status-publish","hentry"],"yoast_head":"<!-- This site is optimized with the Yoast SEO plugin v25.5 - https:\/\/yoast.com\/wordpress\/plugins\/seo\/ -->\n<title>Aviso Legal | New Creation TV Portugu\u00eas<\/title>\n<meta name=\"description\" content=\"Aviso Legal\u00a0Atrav\u00e9s da New Creation TV, a New Creation Church transmite serm\u00f5es de nossos cultos de forma direta para milh\u00f5es de lares ao redor do mundo.A\" \/>\n<meta name=\"robots\" content=\"index, follow, max-snippet:-1, max-image-preview:large, max-video-preview:-1\" \/>\n<link rel=\"canonical\" href=\"https:\/\/www.newcreationtv.org\/pt\/aviso-legal\/\" \/>\n<meta property=\"og:locale\" content=\"en_US\" \/>\n<meta property=\"og:type\" content=\"article\" \/>\n<meta property=\"og:title\" content=\"Aviso Legal | New Creation TV Portugu\u00eas\" \/>\n<meta property=\"og:description\" content=\"Aviso Legal\u00a0Atrav\u00e9s da New Creation TV, a New Creation Church transmite serm\u00f5es de nossos cultos de forma direta para milh\u00f5es de lares ao redor do mundo.A\" \/>\n<meta property=\"og:url\" content=\"https:\/\/www.newcreationtv.org\/pt\/aviso-legal\/\" \/>\n<meta property=\"og:site_name\" content=\"New Creation TV Portugu\u00eas\" \/>\n<meta property=\"article:modified_time\" content=\"2026-03-16T08:51:58+00:00\" \/>\n<meta name=\"twitter:card\" content=\"summary_large_image\" \/>\n<meta name=\"twitter:label1\" content=\"Est. reading time\" \/>\n\t<meta name=\"twitter:data1\" content=\"2 minutes\" \/>\n<script type=\"application\/ld+json\" class=\"yoast-schema-graph\">{\"@context\":\"https:\/\/schema.org\",\"@graph\":[{\"@type\":\"WebPage\",\"@id\":\"https:\/\/www.newcreationtv.org\/pt\/aviso-legal\/\",\"url\":\"https:\/\/www.newcreationtv.org\/pt\/aviso-legal\/\",\"name\":\"Aviso Legal | New Creation TV Portugu\u00eas\",\"isPartOf\":{\"@id\":\"https:\/\/www.newcreationtv.org\/pt\/#website\"},\"datePublished\":\"2024-12-13T03:09:50+00:00\",\"dateModified\":\"2026-03-16T08:51:58+00:00\",\"description\":\"Aviso Legal\u00a0Atrav\u00e9s da New Creation TV, a New Creation Church transmite serm\u00f5es de nossos cultos de forma direta para milh\u00f5es de lares ao redor do mundo.A\",\"breadcrumb\":{\"@id\":\"https:\/\/www.newcreationtv.org\/pt\/aviso-legal\/#breadcrumb\"},\"inLanguage\":\"en-US\",\"potentialAction\":[{\"@type\":\"ReadAction\",\"target\":[\"https:\/\/www.newcreationtv.org\/pt\/aviso-legal\/\"]}]},{\"@type\":\"BreadcrumbList\",\"@id\":\"https:\/\/www.newcreationtv.org\/pt\/aviso-legal\/#breadcrumb\",\"itemListElement\":[{\"@type\":\"ListItem\",\"position\":1,\"name\":\"Home\",\"item\":\"https:\/\/www.newcreationtv.org\/pt\/\"},{\"@type\":\"ListItem\",\"position\":2,\"name\":\"Aviso Legal\"}]},{\"@type\":\"WebSite\",\"@id\":\"https:\/\/www.newcreationtv.org\/pt\/#website\",\"url\":\"https:\/\/www.newcreationtv.org\/pt\/\",\"name\":\"New Creation TV Portugu\u00eas\",\"description\":\"\",\"potentialAction\":[{\"@type\":\"SearchAction\",\"target\":{\"@type\":\"EntryPoint\",\"urlTemplate\":\"https:\/\/www.newcreationtv.org\/pt\/?s={search_term_string}\"},\"query-input\":{\"@type\":\"PropertyValueSpecification\",\"valueRequired\":true,\"valueName\":\"search_term_string\"}}],\"inLanguage\":\"en-US\"}]}<\/script>\n<!-- \/ Yoast SEO plugin. -->","yoast_head_json":{"title":"Aviso Legal | New Creation TV Portugu\u00eas","description":"Aviso Legal\u00a0Atrav\u00e9s da New Creation TV, a New Creation Church transmite serm\u00f5es de nossos cultos de forma direta para milh\u00f5es de lares ao redor do mundo.A","robots":{"index":"index","follow":"follow","max-snippet":"max-snippet:-1","max-image-preview":"max-image-preview:large","max-video-preview":"max-video-preview:-1"},"canonical":"https:\/\/www.newcreationtv.org\/pt\/aviso-legal\/","og_locale":"en_US","og_type":"article","og_title":"Aviso Legal | New Creation TV Portugu\u00eas","og_description":"Aviso Legal\u00a0Atrav\u00e9s da New Creation TV, a New Creation Church transmite serm\u00f5es de nossos cultos de forma direta para milh\u00f5es de lares ao redor do mundo.A","og_url":"https:\/\/www.newcreationtv.org\/pt\/aviso-legal\/","og_site_name":"New Creation TV Portugu\u00eas","article_modified_time":"2026-03-16T08:51:58+00:00","twitter_card":"summary_large_image","twitter_misc":{"Est. reading time":"2 minutes"},"schema":{"@context":"https:\/\/schema.org","@graph":[{"@type":"WebPage","@id":"https:\/\/www.newcreationtv.org\/pt\/aviso-legal\/","url":"https:\/\/www.newcreationtv.org\/pt\/aviso-legal\/","name":"Aviso Legal | New Creation TV Portugu\u00eas","isPartOf":{"@id":"https:\/\/www.newcreationtv.org\/pt\/#website"},"datePublished":"2024-12-13T03:09:50+00:00","dateModified":"2026-03-16T08:51:58+00:00","description":"Aviso Legal\u00a0Atrav\u00e9s da New Creation TV, a New Creation Church transmite serm\u00f5es de nossos cultos de forma direta para milh\u00f5es de lares ao redor do mundo.A","breadcrumb":{"@id":"https:\/\/www.newcreationtv.org\/pt\/aviso-legal\/#breadcrumb"},"inLanguage":"en-US","potentialAction":[{"@type":"ReadAction","target":["https:\/\/www.newcreationtv.org\/pt\/aviso-legal\/"]}]},{"@type":"BreadcrumbList","@id":"https:\/\/www.newcreationtv.org\/pt\/aviso-legal\/#breadcrumb","itemListElement":[{"@type":"ListItem","position":1,"name":"Home","item":"https:\/\/www.newcreationtv.org\/pt\/"},{"@type":"ListItem","position":2,"name":"Aviso Legal"}]},{"@type":"WebSite","@id":"https:\/\/www.newcreationtv.org\/pt\/#website","url":"https:\/\/www.newcreationtv.org\/pt\/","name":"New Creation TV Portugu\u00eas","description":"","potentialAction":[{"@type":"SearchAction","target":{"@type":"EntryPoint","urlTemplate":"https:\/\/www.newcreationtv.org\/pt\/?s={search_term_string}"},"query-input":{"@type":"PropertyValueSpecification","valueRequired":true,"valueName":"search_term_string"}}],"inLanguage":"en-US"}]}},"_links":{"self":[{"href":"https:\/\/www.newcreationtv.org\/pt\/wp-json\/wp\/v2\/pages\/5437","targetHints":{"allow":["GET"]}}],"collection":[{"href":"https:\/\/www.newcreationtv.org\/pt\/wp-json\/wp\/v2\/pages"}],"about":[{"href":"https:\/\/www.newcreationtv.org\/pt\/wp-json\/wp\/v2\/types\/page"}],"author":[{"embeddable":true,"href":"https:\/\/www.newcreationtv.org\/pt\/wp-json\/wp\/v2\/users\/2"}],"replies":[{"embeddable":true,"href":"https:\/\/www.newcreationtv.org\/pt\/wp-json\/wp\/v2\/comments?post=5437"}],"version-history":[{"count":78,"href":"https:\/\/www.newcreationtv.org\/pt\/wp-json\/wp\/v2\/pages\/5437\/revisions"}],"predecessor-version":[{"id":15153,"href":"https:\/\/www.newcreationtv.org\/pt\/wp-json\/wp\/v2\/pages\/5437\/revisions\/15153"}],"wp:attachment":[{"href":"https:\/\/www.newcreationtv.org\/pt\/wp-json\/wp\/v2\/media?parent=5437"}],"curies":[{"name":"wp","href":"https:\/\/api.w.org\/{rel}","templated":true}]}}