{"id":5432,"date":"2024-12-05T03:53:18","date_gmt":"2024-12-05T03:53:18","guid":{"rendered":"https:\/\/www.newcreationtv.org\/pt\/?page_id=5432"},"modified":"2026-02-09T01:47:15","modified_gmt":"2026-02-08T17:47:15","slug":"politica-de-cookies","status":"publish","type":"page","link":"https:\/\/www.newcreationtv.org\/pt\/politica-de-cookies\/","title":{"rendered":"Pol\u00edtica de Cookies"},"content":{"rendered":"\t\t<div data-elementor-type=\"wp-page\" data-elementor-id=\"5432\" class=\"elementor elementor-5432\" data-elementor-post-type=\"page\">\n\t\t\t\t<div class=\"elementor-element elementor-element-9b468ee e-flex e-con-boxed e-con e-parent\" data-id=\"9b468ee\" data-element_type=\"container\" data-e-type=\"container\">\n\t\t\t\t\t<div class=\"e-con-inner\">\n\t\t\t\t<div class=\"elementor-element elementor-element-55f2846 elementor-widget elementor-widget-text-editor\" data-id=\"55f2846\" data-element_type=\"widget\" data-e-type=\"widget\" data-widget_type=\"text-editor.default\">\n\t\t\t\t<div class=\"elementor-widget-container\">\n\t\t\t\t\t\t\t\t\t<div class=\"page-header text-center\"><h2 class=\"text-theme-primary\"><b>Pol\u00edtica de Cookies<\/b><\/h2><\/div><h5><strong>1. <b>O Que S\u00e3o Cookies<\/b><\/strong><\/h5><p><span style=\"font-weight: 400\">Um cookie \u00e9 uma pequena quantidade de dados que \u00e9 enviada ao seu navegador e armazenada no seu computador como um arquivo de texto. Os cookies cont\u00eam uma pequena quantidade de informa\u00e7\u00f5es espec\u00edficas sobre voc\u00ea e memorizam suas atividades espec\u00edficas em nosso site. Isso pode incluir informa\u00e7\u00f5es sobre a maneira como voc\u00ea usa nosso site, sua escolha de navegador de Internet, o tipo de dispositivo a partir do qual voc\u00ea est\u00e1 acessando nosso site e sua localiza\u00e7\u00e3o geogr\u00e1fica.<\/span><\/p><h5><strong>2. <b>Como os Utilizamos em Nosso Site<\/b><\/strong><\/h5><p><span style=\"font-weight: 400\">Para desfrutar plenamente do nosso site, recomendamos que voc\u00ea permita que seu navegador aceite os cookies. Se voc\u00ea rejeitar os cookies, poder\u00e1 n\u00e3o conseguir acessar partes do site. Os dados de cookies que coletamos podem ser utilizados por n\u00f3s para personalizar o conte\u00fado em nosso site e para nos ajudar a compreender as necessidades atuais e futuras dos visitantes.<\/span><\/p><h5><strong>3. <b>Tipos de Cookies<\/b><\/strong><\/h5><p><span style=\"font-weight: 400\">Trabalhamos com diversos fornecedores terceirizados que implementam cookies em nosso site para que possam nos fornecer servi\u00e7os. Estes s\u00e3o usados \u200b\u200bprincipalmente para fins de relat\u00f3rios, de modo que possamos melhorar a maneira como nos comunicamos.<\/span><\/p><p><strong><span style=\"text-decoration: underline\">Cookies de Terceiros<\/span><\/strong><\/p><p><span style=\"font-weight: 400\">Nosso site pode conter p\u00e1ginas que possuem fun\u00e7\u00f5es incorporadas, ferramentas de m\u00eddia social ou links fornecidos por terceiros (por exemplo, v\u00eddeos que s\u00e3o incorporados a partir do YouTube). Essas fun\u00e7\u00f5es ou links podem conter cookies de terceiros. N\u00f3s n\u00e3o controlamos a configura\u00e7\u00e3o desses cookies, por isso sugerimos que voc\u00ea verifique o site do terceiro para obter mais informa\u00e7\u00f5es sobre os cookies deles e como gerenci\u00e1-los.<\/span><\/p><p><span style=\"text-decoration: underline\"><strong>Google Analytics<\/strong><\/span><\/p><p><span style=\"font-weight: 400\">Tamb\u00e9m utilizamos o Google Analytics para nos ajudar a monitorar como nosso site \u00e9 usado. O Google utiliza os dados que coleta para rastrear e examinar o uso do nosso site, o que \u00e9 ent\u00e3o usado para preparar relat\u00f3rios sobre essas atividades e compartilh\u00e1-los com outros servi\u00e7os do Google. O Google pode usar os dados que coleta para contextualizar e personalizar a publicidade em sua pr\u00f3pria rede. As informa\u00e7\u00f5es coletadas por tais cookies s\u00e3o agregadas e n\u00e3o podem ser usadas para identific\u00e1-lo pessoalmente. Para mais detalhes, consulte a <\/span><a href=\"https:\/\/policies.google.com\/privacy\"><span style=\"font-weight: 400\">Pol\u00edtica de Privacidade do Google<\/span><\/a><span style=\"font-weight: 400\">.<\/span><\/p><p dir=\"ltr\"><span style=\"font-weight: 400\">Como alguns desses servi\u00e7os podem estar baseados fora da Uni\u00e3o Europeia (UE), eles podem n\u00e3o estar sob a jurisdi\u00e7\u00e3o dos tribunais da UE. Se voc\u00ea tiver preocupa\u00e7\u00f5es sobre isso, pode alterar suas configura\u00e7\u00f5es de cookies.<\/span><\/p><h5><strong>4. <b>Gerenciamento de Cookies<\/b><\/strong><\/h5><p><span style=\"text-decoration: underline\"><strong>Navegador<\/strong><\/span><\/p><p><span style=\"font-weight: 400\">A maioria dos navegadores permite que voc\u00ea desative a fun\u00e7\u00e3o de cookies. Para isso, voc\u00ea pode consultar os links abaixo para obter o guia de cada navegador sobre como impedir ou excluir cookies.<\/span><\/p><ul><li><a href=\"https:\/\/support.google.com\/chrome\/answer\/95647?co=GENIE.Platform=Desktop&amp;hl=en\" target=\"_blank\" rel=\"noopener\">Chrome<\/a><\/li><li><a href=\"https:\/\/support.mozilla.org\/en-US\/kb\/cookies-information-websites-store-on-your-computer\" target=\"_blank\" rel=\"noopener\">Firefox<\/a><\/li><li><a href=\"https:\/\/support.microsoft.com\/en-us\/help\/17442\/windows-internet-explorer-delete-manage-cookies#ie=ie-11\" target=\"_blank\" rel=\"noopener\">Internet Explorer<\/a><\/li><li><a href=\"https:\/\/support.apple.com\/en-sg\/guide\/safari\/sfri11471\/mac\" target=\"_blank\" rel=\"noopener\">Safari<\/a><\/li><\/ul><p><span style=\"text-decoration: underline\"><strong>Google Analytics<\/strong><\/span><\/p><p><span style=\"font-weight: 400\">Para desativar o Google Analytics, voc\u00ea pode fazer o download de um plugin de desativa\u00e7\u00e3o<\/span> <span style=\"text-decoration: underline\"><a href=\"https:\/\/tools.google.com\/dlpage\/gaoptout\" target=\"_blank\" rel=\"noopener\">aqui<\/a><\/span>. <span style=\"font-weight: 400\">Este plugin excluir\u00e1 sua visita das estat\u00edsticas de todos os websites que utilizam o Google Analytics.<\/span><\/p>\t\t\t\t\t\t\t\t<\/div>\n\t\t\t\t<\/div>\n\t\t\t\t\t<\/div>\n\t\t\t\t<\/div>\n\t\t\t\t<\/div>\n\t\t","protected":false},"excerpt":{"rendered":"<p>Pol\u00edtica de Cookies 1. O Que S\u00e3o Cookies Um cookie \u00e9 uma pequena quantidade de dados que \u00e9 enviada ao seu navegador e armazenada no seu computador como um arquivo de texto. Os cookies cont\u00eam uma pequena quantidade de informa\u00e7\u00f5es espec\u00edficas sobre voc\u00ea e memorizam suas atividades espec\u00edficas em nosso site. Isso pode incluir informa\u00e7\u00f5es [&hellip;]<\/p>\n","protected":false},"author":2,"featured_media":0,"parent":0,"menu_order":0,"comment_status":"closed","ping_status":"closed","template":"","meta":{"footnotes":"","_links_to":"","_links_to_target":""},"class_list":["post-5432","page","type-page","status-publish","hentry"],"yoast_head":"<!-- This site is optimized with the Yoast SEO plugin v25.5 - https:\/\/yoast.com\/wordpress\/plugins\/seo\/ -->\n<title>Pol\u00edtica de Cookies | New Creation TV Portugu\u00eas<\/title>\n<meta name=\"description\" content=\"Pol\u00edtica de Cookies 1. O Que S\u00e3o Cookies Um cookie \u00e9 uma pequena quantidade de dados que \u00e9 enviada ao seu navegador e armazenada no seu computador como um\" \/>\n<meta name=\"robots\" content=\"index, follow, max-snippet:-1, max-image-preview:large, max-video-preview:-1\" \/>\n<link rel=\"canonical\" href=\"https:\/\/www.newcreationtv.org\/pt\/politica-de-cookies\/\" \/>\n<meta property=\"og:locale\" content=\"en_US\" \/>\n<meta property=\"og:type\" content=\"article\" \/>\n<meta property=\"og:title\" content=\"Pol\u00edtica de Cookies | New Creation TV Portugu\u00eas\" \/>\n<meta property=\"og:description\" content=\"Pol\u00edtica de Cookies 1. O Que S\u00e3o Cookies Um cookie \u00e9 uma pequena quantidade de dados que \u00e9 enviada ao seu navegador e armazenada no seu computador como um\" \/>\n<meta property=\"og:url\" content=\"https:\/\/www.newcreationtv.org\/pt\/politica-de-cookies\/\" \/>\n<meta property=\"og:site_name\" content=\"New Creation TV Portugu\u00eas\" \/>\n<meta property=\"article:modified_time\" content=\"2026-02-08T17:47:15+00:00\" \/>\n<meta name=\"twitter:card\" content=\"summary_large_image\" \/>\n<meta name=\"twitter:label1\" content=\"Est. reading time\" \/>\n\t<meta name=\"twitter:data1\" content=\"3 minutes\" \/>\n<script type=\"application\/ld+json\" class=\"yoast-schema-graph\">{\"@context\":\"https:\/\/schema.org\",\"@graph\":[{\"@type\":\"WebPage\",\"@id\":\"https:\/\/www.newcreationtv.org\/pt\/politica-de-cookies\/\",\"url\":\"https:\/\/www.newcreationtv.org\/pt\/politica-de-cookies\/\",\"name\":\"Pol\u00edtica de Cookies | New Creation TV Portugu\u00eas\",\"isPartOf\":{\"@id\":\"https:\/\/www.newcreationtv.org\/pt\/#website\"},\"datePublished\":\"2024-12-05T03:53:18+00:00\",\"dateModified\":\"2026-02-08T17:47:15+00:00\",\"description\":\"Pol\u00edtica de Cookies 1. O Que S\u00e3o Cookies Um cookie \u00e9 uma pequena quantidade de dados que \u00e9 enviada ao seu navegador e armazenada no seu computador como um\",\"breadcrumb\":{\"@id\":\"https:\/\/www.newcreationtv.org\/pt\/politica-de-cookies\/#breadcrumb\"},\"inLanguage\":\"en-US\",\"potentialAction\":[{\"@type\":\"ReadAction\",\"target\":[\"https:\/\/www.newcreationtv.org\/pt\/politica-de-cookies\/\"]}]},{\"@type\":\"BreadcrumbList\",\"@id\":\"https:\/\/www.newcreationtv.org\/pt\/politica-de-cookies\/#breadcrumb\",\"itemListElement\":[{\"@type\":\"ListItem\",\"position\":1,\"name\":\"Home\",\"item\":\"https:\/\/www.newcreationtv.org\/pt\/\"},{\"@type\":\"ListItem\",\"position\":2,\"name\":\"Pol\u00edtica de Cookies\"}]},{\"@type\":\"WebSite\",\"@id\":\"https:\/\/www.newcreationtv.org\/pt\/#website\",\"url\":\"https:\/\/www.newcreationtv.org\/pt\/\",\"name\":\"New Creation TV Portugu\u00eas\",\"description\":\"\",\"potentialAction\":[{\"@type\":\"SearchAction\",\"target\":{\"@type\":\"EntryPoint\",\"urlTemplate\":\"https:\/\/www.newcreationtv.org\/pt\/?s={search_term_string}\"},\"query-input\":{\"@type\":\"PropertyValueSpecification\",\"valueRequired\":true,\"valueName\":\"search_term_string\"}}],\"inLanguage\":\"en-US\"}]}<\/script>\n<!-- \/ Yoast SEO plugin. -->","yoast_head_json":{"title":"Pol\u00edtica de Cookies | New Creation TV Portugu\u00eas","description":"Pol\u00edtica de Cookies 1. O Que S\u00e3o Cookies Um cookie \u00e9 uma pequena quantidade de dados que \u00e9 enviada ao seu navegador e armazenada no seu computador como um","robots":{"index":"index","follow":"follow","max-snippet":"max-snippet:-1","max-image-preview":"max-image-preview:large","max-video-preview":"max-video-preview:-1"},"canonical":"https:\/\/www.newcreationtv.org\/pt\/politica-de-cookies\/","og_locale":"en_US","og_type":"article","og_title":"Pol\u00edtica de Cookies | New Creation TV Portugu\u00eas","og_description":"Pol\u00edtica de Cookies 1. O Que S\u00e3o Cookies Um cookie \u00e9 uma pequena quantidade de dados que \u00e9 enviada ao seu navegador e armazenada no seu computador como um","og_url":"https:\/\/www.newcreationtv.org\/pt\/politica-de-cookies\/","og_site_name":"New Creation TV Portugu\u00eas","article_modified_time":"2026-02-08T17:47:15+00:00","twitter_card":"summary_large_image","twitter_misc":{"Est. reading time":"3 minutes"},"schema":{"@context":"https:\/\/schema.org","@graph":[{"@type":"WebPage","@id":"https:\/\/www.newcreationtv.org\/pt\/politica-de-cookies\/","url":"https:\/\/www.newcreationtv.org\/pt\/politica-de-cookies\/","name":"Pol\u00edtica de Cookies | New Creation TV Portugu\u00eas","isPartOf":{"@id":"https:\/\/www.newcreationtv.org\/pt\/#website"},"datePublished":"2024-12-05T03:53:18+00:00","dateModified":"2026-02-08T17:47:15+00:00","description":"Pol\u00edtica de Cookies 1. O Que S\u00e3o Cookies Um cookie \u00e9 uma pequena quantidade de dados que \u00e9 enviada ao seu navegador e armazenada no seu computador como um","breadcrumb":{"@id":"https:\/\/www.newcreationtv.org\/pt\/politica-de-cookies\/#breadcrumb"},"inLanguage":"en-US","potentialAction":[{"@type":"ReadAction","target":["https:\/\/www.newcreationtv.org\/pt\/politica-de-cookies\/"]}]},{"@type":"BreadcrumbList","@id":"https:\/\/www.newcreationtv.org\/pt\/politica-de-cookies\/#breadcrumb","itemListElement":[{"@type":"ListItem","position":1,"name":"Home","item":"https:\/\/www.newcreationtv.org\/pt\/"},{"@type":"ListItem","position":2,"name":"Pol\u00edtica de Cookies"}]},{"@type":"WebSite","@id":"https:\/\/www.newcreationtv.org\/pt\/#website","url":"https:\/\/www.newcreationtv.org\/pt\/","name":"New Creation TV Portugu\u00eas","description":"","potentialAction":[{"@type":"SearchAction","target":{"@type":"EntryPoint","urlTemplate":"https:\/\/www.newcreationtv.org\/pt\/?s={search_term_string}"},"query-input":{"@type":"PropertyValueSpecification","valueRequired":true,"valueName":"search_term_string"}}],"inLanguage":"en-US"}]}},"_links":{"self":[{"href":"https:\/\/www.newcreationtv.org\/pt\/wp-json\/wp\/v2\/pages\/5432","targetHints":{"allow":["GET"]}}],"collection":[{"href":"https:\/\/www.newcreationtv.org\/pt\/wp-json\/wp\/v2\/pages"}],"about":[{"href":"https:\/\/www.newcreationtv.org\/pt\/wp-json\/wp\/v2\/types\/page"}],"author":[{"embeddable":true,"href":"https:\/\/www.newcreationtv.org\/pt\/wp-json\/wp\/v2\/users\/2"}],"replies":[{"embeddable":true,"href":"https:\/\/www.newcreationtv.org\/pt\/wp-json\/wp\/v2\/comments?post=5432"}],"version-history":[{"count":73,"href":"https:\/\/www.newcreationtv.org\/pt\/wp-json\/wp\/v2\/pages\/5432\/revisions"}],"predecessor-version":[{"id":14302,"href":"https:\/\/www.newcreationtv.org\/pt\/wp-json\/wp\/v2\/pages\/5432\/revisions\/14302"}],"wp:attachment":[{"href":"https:\/\/www.newcreationtv.org\/pt\/wp-json\/wp\/v2\/media?parent=5432"}],"curies":[{"name":"wp","href":"https:\/\/api.w.org\/{rel}","templated":true}]}}