{"id":3,"date":"2024-10-17T09:24:23","date_gmt":"2024-10-17T09:24:23","guid":{"rendered":"https:\/\/www.newcreationtv.org\/pt\/?page_id=3"},"modified":"2026-05-12T03:16:54","modified_gmt":"2026-05-12T06:16:54","slug":"politica-de-privacidade","status":"publish","type":"page","link":"https:\/\/www.newcreationtv.org\/pt\/politica-de-privacidade\/","title":{"rendered":"Pol\u00edtica de Privacidade"},"content":{"rendered":"\t\t<div data-elementor-type=\"wp-page\" data-elementor-id=\"3\" class=\"elementor elementor-3\" data-elementor-post-type=\"page\">\n\t\t\t\t<div class=\"elementor-element elementor-element-9b468ee e-flex e-con-boxed e-con e-parent\" data-id=\"9b468ee\" data-element_type=\"container\" data-e-type=\"container\">\n\t\t\t\t\t<div class=\"e-con-inner\">\n\t\t\t\t<div class=\"elementor-element elementor-element-55f2846 elementor-widget elementor-widget-text-editor\" data-id=\"55f2846\" data-element_type=\"widget\" data-e-type=\"widget\" data-widget_type=\"text-editor.default\">\n\t\t\t\t<div class=\"elementor-widget-container\">\n\t\t\t\t\t\t\t\t\t<div><h2 itemprop=\"headline\" style=\"text-align: center;\"><strong>Pol\u00edtica de Privacidade<\/strong><\/h2><\/div><p><\/p><p>\u00daltima Atualiza\u00e7\u00e3o: 1 de maio de 2026<\/p><h5><strong>1. Geral<\/strong><\/h5><p>A New Creation Church (\u201cNCC\u201d) se dedica a proteger sua privacidade e a salvaguardar seus dados pessoais. A NCC forneceu este Aviso de Privacidade para explicar como ela coleta, usa e divulga seus dados pessoais, e como o uso ou divulga\u00e7\u00e3o de tais dados beneficiar\u00e1 sua experi\u00eancia ao utilizar os sites e aplicativos web da NCC (coletivamente, as \u201cPlataformas\u201d). Este Aviso de Privacidade tamb\u00e9m explica as escolhas que voc\u00ea pode fazer sobre o uso de suas informa\u00e7\u00f5es pela NCC, as medidas que a NCC adota para proteger suas informa\u00e7\u00f5es e como voc\u00ea pode entrar em contato com a NCC sobre suas pr\u00e1ticas de privacidade, para que voc\u00ea possa tomar decis\u00f5es informadas sobre quais dados pessoais compartilhar com a NCC.<\/p><p>Ao fornecer seus dados pessoais em nossas Plataformas, voc\u00ea \u00e9 considerado como tendo consentido com a coleta, uso e divulga\u00e7\u00e3o de seus dados pessoais em conformidade com este Aviso de Privacidade.<\/p><h5><strong>2. Tipos de Dados Pessoais Coletados<\/strong><\/h5><p>Os tipos de dados pessoais que a NCC coleta podem incluir seu nome, endere\u00e7o de e-mail, fotografias, grava\u00e7\u00f5es de v\u00eddeo, informa\u00e7\u00f5es audiovisuais e outras informa\u00e7\u00f5es necess\u00e1rias para atender a solicita\u00e7\u00f5es especiais.<\/p><p>Caso voc\u00ea forne\u00e7a \u00e0 NCC quaisquer dados pessoais relacionados a terceiros (por exemplo, informa\u00e7\u00f5es sobre c\u00f4njuges e filhos) para qualquer finalidade, como informa\u00e7\u00f5es de contato de emerg\u00eancia, voc\u00ea confirma ter obtido o consentimento de tais terceiros para que a NCC colete, use e divulgue seus dados pessoais em conformidade com este Aviso de Privacidade.<\/p><p>A NCC tamb\u00e9m pode coletar informa\u00e7\u00f5es n\u00e3o identific\u00e1veis pessoalmente sobre voc\u00ea, tais como seu uso de nossas Plataformas, endere\u00e7os de protocolo de internet, informa\u00e7\u00f5es do navegador e sistema de computador, cookies, pixels invis\u00edveis, web beacons e dados agregados relacionados ao seu uso de nossas Plataformas.<\/p><p>Quando voc\u00ea envia um e-mail \u00e0 NCC com dados pessoais com o objetivo de receber qualquer tipo de assist\u00eancia da NCC, voc\u00ea concorda em permitir que a NCC colete, use e\/ou divulgue tais dados pessoais para facilitar a presta\u00e7\u00e3o de tal assist\u00eancia a voc\u00ea.<\/p><h5><strong>3. Finalidade da Coleta, Uso e Divulga\u00e7\u00e3o<\/strong><\/h5><p>A NCC respeita sua privacidade. \u00c9 pr\u00e1tica da NCC n\u00e3o solicitar informa\u00e7\u00f5es a voc\u00ea a menos que a NCC precise e pretenda us\u00e1-las. Voc\u00ea concorda que a NCC pode coletar, armazenar, processar, divulgar, acessar, revisar e\/ou usar dados pessoais sobre voc\u00ea, sejam eles obtidos diretamente de voc\u00ea ou de outras fontes, com a finalidade de gerenciar seu relacionamento com a NCC:<\/p><ol type=\"a\"><li>presta\u00e7\u00e3o de servi\u00e7os a voc\u00ea;<\/li><li>envio de e-mails de ativa\u00e7\u00e3o, confirma\u00e7\u00e3o, reconhecimento ou lembrete a voc\u00ea sempre que se inscrever para contas nas Plataformas, ou em rela\u00e7\u00e3o ao seu uso geral de qualquer conta que voc\u00ea possua em quaisquer das Plataformas;<\/li><li>envio de convites para eventos;<\/li><li>permitir que voc\u00ea acesse ou use as Plataformas;<\/li><li>finalidades de identifica\u00e7\u00e3o, verifica\u00e7\u00e3o e autentica\u00e7\u00e3o;<\/li><li>compartilhamento de seus testemunhos;<\/li><li>permitir que voc\u00ea se registre ou confirme presen\u00e7a (RSVP) em eventos;<\/li><li>processamento e resposta a consultas ou solicita\u00e7\u00f5es (incluindo, mas n\u00e3o se limitando a pedidos de ora\u00e7\u00e3o e aconselhamento) enviadas por voc\u00ea;<\/li><li>an\u00e1lise estat\u00edstica;<\/li><li>envio de e-mails para informar sobre recursos dispon\u00edveis.<\/li><\/ol><h5><strong>4. Divulga\u00e7\u00e3o<\/strong><\/h5><p>Os dados pessoais coletados podem ser compartilhados com terceiros (por exemplo, fornecedores) nas seguintes circunst\u00e2ncias:<\/p><ol type=\"a\"><li>Quando a NCC tiver recebido seu consentimento para tal;<\/li><li>Quando terceiros forem contratados para executar qualquer uma das finalidades listadas na Cl\u00e1usula 3 acima em nome e por conta da NCC;<\/li><li>Em situa\u00e7\u00f5es em que o compartilhamento ou a divulga\u00e7\u00e3o de suas informa\u00e7\u00f5es for necess\u00e1rio para lhe oferecer produtos ou servi\u00e7os que voc\u00ea deseje;<\/li><li>Quando for necess\u00e1rio divulgar tais informa\u00e7\u00f5es aos consultores profissionais da NCC (incluindo, mas sem limita\u00e7\u00e3o, nossos advogados, contadores e auditores);<\/li><li>Quando empresas ou prestadores de servi\u00e7os que realizam atividades comerciais em nome da NCC (por exemplo, suporte ao cliente, emiss\u00e3o de bilhetes e registro online, servi\u00e7os e solu\u00e7\u00f5es digitais e servi\u00e7os de marketing online) exigirem tais informa\u00e7\u00f5es;<\/li><li>Para cumprir requisitos ou obriga\u00e7\u00f5es legais ou regulamentares, de acordo com a legisla\u00e7\u00e3o aplic\u00e1vel; e<\/li><li>Em casos de emerg\u00eancia onde a divulga\u00e7\u00e3o \u00e9 exigida para salvaguardar a vida ou a sa\u00fade de um indiv\u00edduo.<\/li><\/ol><p>A NCC far\u00e1 seus melhores esfor\u00e7os para garantir que seus dados pessoais sejam protegidos por tais terceiros.<\/p><p>Podemos apresentar sites de terceiros em nossas Plataformas e esses sites de terceiros podem (se voc\u00ea forneceu seu consentimento e aceitou seus termos de uso, pol\u00edtica de privacidade ou documento similar) usar informa\u00e7\u00f5es sobre sua visita ao nosso site. Este Aviso de Privacidade n\u00e3o se aplica \u00e0s pr\u00e1ticas de coleta de dados desses sites de terceiros, e n\u00e3o somos respons\u00e1veis por elas. Incentivamos voc\u00ea a verificar as pol\u00edticas de privacidade deles para saber mais sobre o uso de cookies e outras tecnologias. Se os dados pessoais forem divulgados conforme mencionado acima, a NCC procurar\u00e1 limitar o escopo dos dados pessoais fornecidos \u00e0 quantidade necess\u00e1ria para a execu\u00e7\u00e3o da finalidade espec\u00edfica. A menos que seja impedida por processo legal, a NCC exige que terceiros protejam suas informa\u00e7\u00f5es pessoais e cumpram as leis e regulamentos de privacidade aplic\u00e1veis.<\/p><h5><strong>5. Retirada de Consentimento<\/strong><\/h5><p>Voc\u00ea pode retirar o consentimento que forneceu para a coleta, uso e divulga\u00e7\u00e3o de seus dados pessoais entrando em contato com a NCC diretamente pelo e-mail dpo@newcreation.org.sg a qualquer momento.<\/p><p>Ap\u00f3s o recebimento de sua solicita\u00e7\u00e3o por escrito para retirar seu consentimento, a NCC poder\u00e1 requerer um prazo razo\u00e1vel (dependendo da complexidade da solicita\u00e7\u00e3o e de seu impacto em nosso relacionamento com voc\u00ea) para que sua solicita\u00e7\u00e3o seja processada e para que a NCC o notifique sobre as consequ\u00eancias disso. Em geral, procuraremos processar sua solicita\u00e7\u00e3o em at\u00e9 catorze (14) dias \u00fateis ap\u00f3s o recebimento.<\/p><p>Dependendo da natureza e do escopo de sua solicita\u00e7\u00e3o, a NCC pode n\u00e3o estar em condi\u00e7\u00f5es de continuar prestando nossos servi\u00e7os a voc\u00ea, seja nas Plataformas ou de outra forma, e a NCC dever\u00e1, em tais circunst\u00e2ncias, notific\u00e1-lo antes de concluir o processamento de sua solicita\u00e7\u00e3o. Caso voc\u00ea decida cancelar sua retirada de consentimento, informe a NCC da maneira descrita acima.<\/p><p>Voc\u00ea pode retirar seu consentimento para que a NCC use ou divulgue seus dados pessoais, mas a retirada n\u00e3o afeta nossos direitos quando (1) tal uso ou divulga\u00e7\u00e3o for exigido por lei, (2) por motivos de interesse nacional\/p\u00fablico, (3) os dados pessoais em quest\u00e3o foram coletados de fontes publicamente dispon\u00edveis ou (4) tal uso ou divulga\u00e7\u00e3o for necess\u00e1rio em uma emerg\u00eancia onde a vida ou a sa\u00fade de uma pessoa esteja em risco.<\/p><h5><strong>6. Acesso, Atualiza\u00e7\u00e3o e Exclus\u00e3o<\/strong><\/h5><p>Voc\u00ea tem o direito de acessar, atualizar e excluir seus dados pessoais. Voc\u00ea pode optar por n\u00e3o receber e-mails utilizando o link de \u201ccancelar inscri\u00e7\u00e3o\u201d nos e-mails que voc\u00ea recebeu. Para atualizar seu endere\u00e7o de e-mail, voc\u00ea pode cancelar a inscri\u00e7\u00e3o do seu endere\u00e7o de e-mail existente e inscrever-se novamente com seu novo endere\u00e7o de e-mail.<\/p><h5><strong>7. Reten\u00e7\u00e3o de Dados Pessoais<\/strong><\/h5><p>Se voc\u00ea fizer uma solicita\u00e7\u00e3o para excluir sua conta em nossas Plataformas, faremos esfor\u00e7os razo\u00e1veis para cessar a reten\u00e7\u00e3o dos dados pessoais associados a essa conta e remover os meios pelos quais os dados pessoais podem ser associados ao usu\u00e1rio em tempo h\u00e1bil.<\/p><p>Em qualquer caso, armazenaremos seus dados pessoais apenas pelo per\u00edodo de tempo necess\u00e1rio para cumprir as finalidades para as quais tais dados pessoais foram coletados, ou conforme exigido ou permitido pelas leis aplic\u00e1veis. Assim que determinarmos que a reten\u00e7\u00e3o de seus dados pessoais n\u00e3o \u00e9 mais necess\u00e1ria para essas finalidades, ou que a reten\u00e7\u00e3o n\u00e3o \u00e9 mais necess\u00e1ria para qualquer finalidade legal ou comercial, cessaremos a reten\u00e7\u00e3o de seus dados pessoais, ou os tornaremos an\u00f4nimos, de modo que n\u00e3o possam mais ser usados para identificar qualquer indiv\u00edduo.<\/p><h5><strong>8. Fluxos Transfronteiri\u00e7os de Dados<\/strong><\/h5><p>A NCC n\u00e3o transferir\u00e1 seus dados pessoais para um pa\u00eds ou territ\u00f3rio fora de Singapura, exceto conforme especificado neste Aviso de Privacidade. Ao utilizar os servi\u00e7os em nossas Plataformas, voc\u00ea entende, reconhece e consente com a transfer\u00eancia de seus dados pessoais para fora de Singapura quando for necess\u00e1rio para lhe fornecer os referidos servi\u00e7os.<\/p><p>Se seus dados pessoais forem transferidos para fora de Singapura, a NCC tomar\u00e1 as medidas apropriadas para garantir que os destinat\u00e1rios destes estejam vinculados por obriga\u00e7\u00f5es legalmente aplic\u00e1veis (tais como leis, contratos, regras corporativas vinculativas ou qualquer outro instrumento legalmente vinculante), de modo que seus dados pessoais continuem a receber um padr\u00e3o de prote\u00e7\u00e3o que seja pelo menos compar\u00e1vel ao fornecido sob a PDPA.<\/p><h5><strong>9. Varia\u00e7\u00e3o<\/strong><\/h5><p>A NCC pode emendar este Aviso de Privacidade periodicamente. A NCC incentiva os usu\u00e1rios a visitar as Plataformas regularmente para se manterem atualizados sobre essas altera\u00e7\u00f5es. Presume-se que os usu\u00e1rios tenham consentido com todas e quaisquer altera\u00e7\u00f5es nas Plataformas e\/ou neste Aviso de Privacidade, conforme o caso, a partir da data em que tais altera\u00e7\u00f5es forem publicadas online.<\/p><h5><strong>10. Seguran\u00e7a<\/strong><\/h5><p>A NCC manter\u00e1 medidas de seguran\u00e7a t\u00e9cnicas e organizacionais razo\u00e1veis para proteger os dados pessoais contra perda, uso indevido e acesso, uso, divulga\u00e7\u00e3o, altera\u00e7\u00e3o, modifica\u00e7\u00e3o ou destrui\u00e7\u00e3o n\u00e3o autorizados.<\/p><h5><strong>11. Nenhum Direito ou Obriga\u00e7\u00e3o Criado<\/strong><\/h5><p>Embora a NCC se esforce ao m\u00e1ximo para armazenar os dados pessoais coletados em servidores e\/ou arquivos seguros e manter essas informa\u00e7\u00f5es precisas e atualizadas, \u00e9 importante observar que a Internet n\u00e3o \u00e9 um meio seguro para a transmiss\u00e3o de informa\u00e7\u00f5es. Portanto, a NCC n\u00e3o pode assumir responsabilidade, garantir ou assegurar a seguran\u00e7a das informa\u00e7\u00f5es que voc\u00ea envia ou recebe da NCC pela Internet. Na maior extens\u00e3o permitida por lei, a NCC isenta-se de qualquer responsabilidade ou obriga\u00e7\u00e3o por qualquer reivindica\u00e7\u00e3o, dano ou perda relacionada \u00e0 perda ou uso n\u00e3o autorizado de dados pessoais, seja por acesso n\u00e3o autorizado aos servidores ou arquivos, ou de qualquer outra forma.<\/p><h5><strong>12. Fale Conosco<\/strong><\/h5><p>Se voc\u00ea deseja atualizar suas informa\u00e7\u00f5es ou modificar suas prefer\u00eancias de comunica\u00e7\u00e3o, pode faz\u00ea-lo em: <a href=\"https:\/\/www.newcreationtv.org\/pt\/voce-tem-alguma-duvida\/\" target=\"_blank\" rel=\"noopener\">https:\/\/www.newcreationtv.org\/pt\/voce-tem-alguma-duvida\/<\/a><\/p><p>Se voc\u00ea tiver coment\u00e1rios, d\u00favidas ou preocupa\u00e7\u00f5es sobre privacidade de dados ou as pol\u00edticas de privacidade da NCC, pode entrar em contato conosco pelo e-mail: <a href=\"mailto:dpo@newcreation.org.sg\">dpo@newcreation.org.sg<\/a><\/p><p><strong>Regulamento Geral de Prote\u00e7\u00e3o de Dados (GDPR) \u2013 Representante Europeu<\/strong><\/p><p>De acordo com o Artigo 27 do Regulamento Geral de Prote\u00e7\u00e3o de Dados (GDPR), a New Creation Church nomeou o European Data Protection Office (EDPO) como seu <a href=\"https:\/\/www.smartcertificate.com\/SmartDiploma\/?1%7c38341e2c-06b0-472e-9374-c2b40442ffa8%7c5f4292c3-ad43-4e53-84e2-7b70b7660a13#\/\" target=\"_blank\" rel=\"noopener\">Representante GDPR na Uni\u00e3o Europeia<\/a> (UE). Voc\u00ea pode entrar em contato com o EDPO sobre assuntos pertinentes ao GDPR:<\/p><ul><li>atrav\u00e9s do formul\u00e1rio de solicita\u00e7\u00e3o online do EDPO: <a href=\"https:\/\/edpo.com\/gdpr-data-request\/\">https:\/\/edpo.com\/gdpr-data-request\/<\/a><\/li><li>escrevendo para o EDPO no endere\u00e7o: Avenue Huart Hamoir 71, 1030 Brussels, Belgium<\/li><\/ul><p><strong>Regulamento Geral de Prote\u00e7\u00e3o de Dados do Reino Unido (UK GDPR) \u2013 Representante no Reino Unido<\/strong><\/p><p>De acordo com o Artigo 27 do UK GDPR, a New Creation Church nomeou a EDPO UK Ltd como sua representante <a href=\"https:\/\/www.smartcertificate.com\/SmartDiploma\/?1%7c7e96ccab-1711-4053-b8da-d6f8be95d5cf%7c5f4292c3-ad43-4e53-84e2-7b70b7660a13#\/\" target=\"_blank\" rel=\"noopener\">UK GDPR no Reino Unido<\/a>. Voc\u00ea pode entrar em contato com a EDPO UK sobre assuntos pertinentes ao UK GDPR:<\/p><ul><li>atrav\u00e9s do formul\u00e1rio de solicita\u00e7\u00e3o online da EDPO UK: <a href=\"https:\/\/edpo.com\/uk-gdpr-data-request\/\">https:\/\/edpo.com\/uk-gdpr-data-request\/<\/a><\/li><li>escrevendo para a EDPO UK no endere\u00e7o: 8 Northumberland Avenue, London WC2N 5BY, United Kingdom<\/li><\/ul>\t\t\t\t\t\t\t\t<\/div>\n\t\t\t\t<\/div>\n\t\t<div class=\"elementor-element elementor-element-206e649 e-con-full e-flex e-con e-child\" data-id=\"206e649\" data-element_type=\"container\" data-e-type=\"container\">\n\t\t\t\t<div class=\"elementor-element elementor-element-23b5700 elementor-widget elementor-widget-image\" data-id=\"23b5700\" data-element_type=\"widget\" data-e-type=\"widget\" data-widget_type=\"image.default\">\n\t\t\t\t<div class=\"elementor-widget-container\">\n\t\t\t\t\t\t\t\t\t\t\t\t\t\t\t<img loading=\"lazy\" decoding=\"async\" width=\"300\" height=\"97\" src=\"https:\/\/www.newcreationtv.org\/pt\/wp-content\/uploads\/sites\/29\/2025\/05\/logo-edpo-v3-300x97.png\" class=\"attachment-medium size-medium wp-image-10274\" alt=\"\" srcset=\"https:\/\/www.newcreationtv.org\/pt\/wp-content\/uploads\/sites\/29\/2025\/05\/logo-edpo-v3-300x97.png 300w, https:\/\/www.newcreationtv.org\/pt\/wp-content\/uploads\/sites\/29\/2025\/05\/logo-edpo-v3-768x250.png 768w, https:\/\/www.newcreationtv.org\/pt\/wp-content\/uploads\/sites\/29\/2025\/05\/logo-edpo-v3.png 874w\" sizes=\"auto, (max-width: 300px) 100vw, 300px\" \/>\t\t\t\t\t\t\t\t\t\t\t\t\t\t\t<\/div>\n\t\t\t\t<\/div>\n\t\t\t\t<\/div>\n\t\t\t\t\t<\/div>\n\t\t\t\t<\/div>\n\t\t\t\t<\/div>\n\t\t","protected":false},"excerpt":{"rendered":"<p>Pol\u00edtica de Privacidade \u00daltima Atualiza\u00e7\u00e3o: 1 de maio de 2026 1. Geral A New Creation Church (\u201cNCC\u201d) se dedica a proteger sua privacidade e a salvaguardar seus dados pessoais. A NCC forneceu este Aviso de Privacidade para explicar como ela coleta, usa e divulga seus dados pessoais, e como o uso ou divulga\u00e7\u00e3o de tais [&hellip;]<\/p>\n","protected":false},"author":1,"featured_media":0,"parent":0,"menu_order":0,"comment_status":"closed","ping_status":"closed","template":"","meta":{"footnotes":"","_links_to":"","_links_to_target":""},"class_list":["post-3","page","type-page","status-publish","hentry"],"yoast_head":"<!-- This site is optimized with the Yoast SEO plugin v25.5 - https:\/\/yoast.com\/wordpress\/plugins\/seo\/ -->\n<title>Pol\u00edtica de Privacidade | New Creation TV Portugu\u00eas<\/title>\n<meta name=\"description\" content=\"Pol\u00edtica de Privacidade\u00daltima Atualiza\u00e7\u00e3o: 1 de maio de 20261. GeralA New Creation Church (\u201cNCC\u201d) se dedica a proteger sua privacidade e a salvaguardar\" \/>\n<meta name=\"robots\" content=\"index, follow, max-snippet:-1, max-image-preview:large, max-video-preview:-1\" \/>\n<link rel=\"canonical\" href=\"https:\/\/www.newcreationtv.org\/pt\/politica-de-privacidade\/\" \/>\n<meta property=\"og:locale\" content=\"en_US\" \/>\n<meta property=\"og:type\" content=\"article\" \/>\n<meta property=\"og:title\" content=\"Pol\u00edtica de Privacidade | New Creation TV Portugu\u00eas\" \/>\n<meta property=\"og:description\" content=\"Pol\u00edtica de Privacidade\u00daltima Atualiza\u00e7\u00e3o: 1 de maio de 20261. GeralA New Creation Church (\u201cNCC\u201d) se dedica a proteger sua privacidade e a salvaguardar\" \/>\n<meta property=\"og:url\" content=\"https:\/\/www.newcreationtv.org\/pt\/politica-de-privacidade\/\" \/>\n<meta property=\"og:site_name\" content=\"New Creation TV Portugu\u00eas\" \/>\n<meta property=\"article:modified_time\" content=\"2026-05-12T06:16:54+00:00\" \/>\n<meta property=\"og:image\" content=\"https:\/\/www.newcreationtv.org\/pt\/wp-content\/uploads\/sites\/29\/2025\/05\/logo-edpo-v3.png\" \/>\n\t<meta property=\"og:image:width\" content=\"874\" \/>\n\t<meta property=\"og:image:height\" content=\"284\" \/>\n\t<meta property=\"og:image:type\" content=\"image\/png\" \/>\n<meta name=\"twitter:card\" content=\"summary_large_image\" \/>\n<meta name=\"twitter:label1\" content=\"Est. reading time\" \/>\n\t<meta name=\"twitter:data1\" content=\"9 minutes\" \/>\n<script type=\"application\/ld+json\" class=\"yoast-schema-graph\">{\"@context\":\"https:\/\/schema.org\",\"@graph\":[{\"@type\":\"WebPage\",\"@id\":\"https:\/\/www.newcreationtv.org\/pt\/politica-de-privacidade\/\",\"url\":\"https:\/\/www.newcreationtv.org\/pt\/politica-de-privacidade\/\",\"name\":\"Pol\u00edtica de Privacidade | New Creation TV Portugu\u00eas\",\"isPartOf\":{\"@id\":\"https:\/\/www.newcreationtv.org\/pt\/#website\"},\"primaryImageOfPage\":{\"@id\":\"https:\/\/www.newcreationtv.org\/pt\/politica-de-privacidade\/#primaryimage\"},\"image\":{\"@id\":\"https:\/\/www.newcreationtv.org\/pt\/politica-de-privacidade\/#primaryimage\"},\"thumbnailUrl\":\"https:\/\/www.newcreationtv.org\/pt\/wp-content\/uploads\/sites\/29\/2025\/05\/logo-edpo-v3-300x97.png\",\"datePublished\":\"2024-10-17T09:24:23+00:00\",\"dateModified\":\"2026-05-12T06:16:54+00:00\",\"description\":\"Pol\u00edtica de Privacidade\u00daltima Atualiza\u00e7\u00e3o: 1 de maio de 20261. GeralA New Creation Church (\u201cNCC\u201d) se dedica a proteger sua privacidade e a salvaguardar\",\"breadcrumb\":{\"@id\":\"https:\/\/www.newcreationtv.org\/pt\/politica-de-privacidade\/#breadcrumb\"},\"inLanguage\":\"en-US\",\"potentialAction\":[{\"@type\":\"ReadAction\",\"target\":[\"https:\/\/www.newcreationtv.org\/pt\/politica-de-privacidade\/\"]}]},{\"@type\":\"ImageObject\",\"inLanguage\":\"en-US\",\"@id\":\"https:\/\/www.newcreationtv.org\/pt\/politica-de-privacidade\/#primaryimage\",\"url\":\"https:\/\/www.newcreationtv.org\/pt\/wp-content\/uploads\/sites\/29\/2025\/05\/logo-edpo-v3.png\",\"contentUrl\":\"https:\/\/www.newcreationtv.org\/pt\/wp-content\/uploads\/sites\/29\/2025\/05\/logo-edpo-v3.png\",\"width\":874,\"height\":284},{\"@type\":\"BreadcrumbList\",\"@id\":\"https:\/\/www.newcreationtv.org\/pt\/politica-de-privacidade\/#breadcrumb\",\"itemListElement\":[{\"@type\":\"ListItem\",\"position\":1,\"name\":\"Home\",\"item\":\"https:\/\/www.newcreationtv.org\/pt\/\"},{\"@type\":\"ListItem\",\"position\":2,\"name\":\"Pol\u00edtica de Privacidade\"}]},{\"@type\":\"WebSite\",\"@id\":\"https:\/\/www.newcreationtv.org\/pt\/#website\",\"url\":\"https:\/\/www.newcreationtv.org\/pt\/\",\"name\":\"New Creation TV Portugu\u00eas\",\"description\":\"\",\"potentialAction\":[{\"@type\":\"SearchAction\",\"target\":{\"@type\":\"EntryPoint\",\"urlTemplate\":\"https:\/\/www.newcreationtv.org\/pt\/?s={search_term_string}\"},\"query-input\":{\"@type\":\"PropertyValueSpecification\",\"valueRequired\":true,\"valueName\":\"search_term_string\"}}],\"inLanguage\":\"en-US\"}]}<\/script>\n<!-- \/ Yoast SEO plugin. -->","yoast_head_json":{"title":"Pol\u00edtica de Privacidade | New Creation TV Portugu\u00eas","description":"Pol\u00edtica de Privacidade\u00daltima Atualiza\u00e7\u00e3o: 1 de maio de 20261. GeralA New Creation Church (\u201cNCC\u201d) se dedica a proteger sua privacidade e a salvaguardar","robots":{"index":"index","follow":"follow","max-snippet":"max-snippet:-1","max-image-preview":"max-image-preview:large","max-video-preview":"max-video-preview:-1"},"canonical":"https:\/\/www.newcreationtv.org\/pt\/politica-de-privacidade\/","og_locale":"en_US","og_type":"article","og_title":"Pol\u00edtica de Privacidade | New Creation TV Portugu\u00eas","og_description":"Pol\u00edtica de Privacidade\u00daltima Atualiza\u00e7\u00e3o: 1 de maio de 20261. GeralA New Creation Church (\u201cNCC\u201d) se dedica a proteger sua privacidade e a salvaguardar","og_url":"https:\/\/www.newcreationtv.org\/pt\/politica-de-privacidade\/","og_site_name":"New Creation TV Portugu\u00eas","article_modified_time":"2026-05-12T06:16:54+00:00","og_image":[{"width":874,"height":284,"url":"https:\/\/www.newcreationtv.org\/pt\/wp-content\/uploads\/sites\/29\/2025\/05\/logo-edpo-v3.png","type":"image\/png"}],"twitter_card":"summary_large_image","twitter_misc":{"Est. reading time":"9 minutes"},"schema":{"@context":"https:\/\/schema.org","@graph":[{"@type":"WebPage","@id":"https:\/\/www.newcreationtv.org\/pt\/politica-de-privacidade\/","url":"https:\/\/www.newcreationtv.org\/pt\/politica-de-privacidade\/","name":"Pol\u00edtica de Privacidade | New Creation TV Portugu\u00eas","isPartOf":{"@id":"https:\/\/www.newcreationtv.org\/pt\/#website"},"primaryImageOfPage":{"@id":"https:\/\/www.newcreationtv.org\/pt\/politica-de-privacidade\/#primaryimage"},"image":{"@id":"https:\/\/www.newcreationtv.org\/pt\/politica-de-privacidade\/#primaryimage"},"thumbnailUrl":"https:\/\/www.newcreationtv.org\/pt\/wp-content\/uploads\/sites\/29\/2025\/05\/logo-edpo-v3-300x97.png","datePublished":"2024-10-17T09:24:23+00:00","dateModified":"2026-05-12T06:16:54+00:00","description":"Pol\u00edtica de Privacidade\u00daltima Atualiza\u00e7\u00e3o: 1 de maio de 20261. GeralA New Creation Church (\u201cNCC\u201d) se dedica a proteger sua privacidade e a salvaguardar","breadcrumb":{"@id":"https:\/\/www.newcreationtv.org\/pt\/politica-de-privacidade\/#breadcrumb"},"inLanguage":"en-US","potentialAction":[{"@type":"ReadAction","target":["https:\/\/www.newcreationtv.org\/pt\/politica-de-privacidade\/"]}]},{"@type":"ImageObject","inLanguage":"en-US","@id":"https:\/\/www.newcreationtv.org\/pt\/politica-de-privacidade\/#primaryimage","url":"https:\/\/www.newcreationtv.org\/pt\/wp-content\/uploads\/sites\/29\/2025\/05\/logo-edpo-v3.png","contentUrl":"https:\/\/www.newcreationtv.org\/pt\/wp-content\/uploads\/sites\/29\/2025\/05\/logo-edpo-v3.png","width":874,"height":284},{"@type":"BreadcrumbList","@id":"https:\/\/www.newcreationtv.org\/pt\/politica-de-privacidade\/#breadcrumb","itemListElement":[{"@type":"ListItem","position":1,"name":"Home","item":"https:\/\/www.newcreationtv.org\/pt\/"},{"@type":"ListItem","position":2,"name":"Pol\u00edtica de Privacidade"}]},{"@type":"WebSite","@id":"https:\/\/www.newcreationtv.org\/pt\/#website","url":"https:\/\/www.newcreationtv.org\/pt\/","name":"New Creation TV Portugu\u00eas","description":"","potentialAction":[{"@type":"SearchAction","target":{"@type":"EntryPoint","urlTemplate":"https:\/\/www.newcreationtv.org\/pt\/?s={search_term_string}"},"query-input":{"@type":"PropertyValueSpecification","valueRequired":true,"valueName":"search_term_string"}}],"inLanguage":"en-US"}]}},"_links":{"self":[{"href":"https:\/\/www.newcreationtv.org\/pt\/wp-json\/wp\/v2\/pages\/3","targetHints":{"allow":["GET"]}}],"collection":[{"href":"https:\/\/www.newcreationtv.org\/pt\/wp-json\/wp\/v2\/pages"}],"about":[{"href":"https:\/\/www.newcreationtv.org\/pt\/wp-json\/wp\/v2\/types\/page"}],"author":[{"embeddable":true,"href":"https:\/\/www.newcreationtv.org\/pt\/wp-json\/wp\/v2\/users\/1"}],"replies":[{"embeddable":true,"href":"https:\/\/www.newcreationtv.org\/pt\/wp-json\/wp\/v2\/comments?post=3"}],"version-history":[{"count":65,"href":"https:\/\/www.newcreationtv.org\/pt\/wp-json\/wp\/v2\/pages\/3\/revisions"}],"predecessor-version":[{"id":15371,"href":"https:\/\/www.newcreationtv.org\/pt\/wp-json\/wp\/v2\/pages\/3\/revisions\/15371"}],"wp:attachment":[{"href":"https:\/\/www.newcreationtv.org\/pt\/wp-json\/wp\/v2\/media?parent=3"}],"curies":[{"name":"wp","href":"https:\/\/api.w.org\/{rel}","templated":true}]}}