{"id":112,"date":"2024-10-23T02:01:04","date_gmt":"2024-10-23T02:01:04","guid":{"rendered":"https:\/\/www.newcreationtv.org\/pt\/?page_id=112"},"modified":"2026-02-09T01:46:59","modified_gmt":"2026-02-08T17:46:59","slug":"termos-de-uso","status":"publish","type":"page","link":"https:\/\/www.newcreationtv.org\/pt\/termos-de-uso\/","title":{"rendered":"Termos de Uso"},"content":{"rendered":"\t\t<div data-elementor-type=\"wp-page\" data-elementor-id=\"112\" class=\"elementor elementor-112\" data-elementor-post-type=\"page\">\n\t\t\t\t<div class=\"elementor-element elementor-element-e298608 e-flex e-con-boxed e-con e-parent\" data-id=\"e298608\" data-element_type=\"container\" data-e-type=\"container\">\n\t\t\t\t\t<div class=\"e-con-inner\">\n\t\t\t\t<div class=\"elementor-element elementor-element-029a9d5 elementor-widget elementor-widget-text-editor\" data-id=\"029a9d5\" data-element_type=\"widget\" data-e-type=\"widget\" data-widget_type=\"text-editor.default\">\n\t\t\t\t<div class=\"elementor-widget-container\">\n\t\t\t\t\t\t\t\t\t<div class=\"page-header text-center\"><h2 class=\"text-theme-primary\"><b>Termos de Uso<\/b><\/h2><\/div><h5><b>Termos e Condi\u00e7\u00f5es de Uso<\/b><\/h5><p><span style=\"font-weight: 400\">Agradecemos por utilizar os sites e aplicativos web (coletivamente, as \u201cPlataformas\u201d) da <\/span><span style=\"font-weight: 400\">New Creation Church<\/span><span style=\"font-weight: 400\"> (\u201c<\/span><span style=\"font-weight: 400\">NCC<\/span><span style=\"font-weight: 400\">\u201d).<\/span><\/p><p><span style=\"font-weight: 400\">Ao acessar e utilizar qualquer parte das Plataformas, voc\u00ea ser\u00e1 considerado como tendo aceitado e concordado com os Termos e Condi\u00e7\u00f5es de Uso (os \u201cTermos e Condi\u00e7\u00f5es\u201d). Caso n\u00e3o concorde com estes Termos e Condi\u00e7\u00f5es, por favor, n\u00e3o utilize as Plataformas.<\/span><\/p><h5><b>Geral<\/b><\/h5><p><span style=\"font-weight: 400\">Estes Termos e Condi\u00e7\u00f5es podem ser alterados periodicamente, e todas as modifica\u00e7\u00f5es ser\u00e3o refletidas nesta p\u00e1gina. O uso cont\u00ednuo das Plataformas ap\u00f3s a publica\u00e7\u00e3o de tais altera\u00e7\u00f5es constituir\u00e1 a sua concord\u00e2ncia com os Termos e Condi\u00e7\u00f5es modificados e com todas as mudan\u00e7as realizadas. Portanto, recomenda-se que voc\u00ea leia atentamente esta p\u00e1gina a cada visita \u00e0s Plataformas.<\/span><\/p><h5><b>Restri\u00e7\u00f5es de Uso dos Materiais<\/b><\/h5><p><span style=\"font-weight: 400\">As Plataformas s\u00e3o de propriedade e operadas pela<\/span><span style=\"font-weight: 400\"> NCC<\/span><span style=\"font-weight: 400\">. Os materiais dispon\u00edveis nas Plataformas, incluindo informa\u00e7\u00f5es, obras de arte, textos, v\u00eddeos, sons (em arquivos de \u00e1udio ou de outra forma), imagens, bem como seu design e layout (coletivamente denominados \u201cConte\u00fado\u201d), s\u00e3o protegidos por direitos autorais, marcas registradas e outros tipos de direitos de propriedade intelectual. Voc\u00ea pode acessar esse Conte\u00fado apenas para fins pessoais e n\u00e3o comerciais. \u00c9 proibido reproduzir, republicar, modificar, copiar, imitar, transmitir, distribuir ou utilizar o Conte\u00fado de qualquer outra forma sem o consentimento pr\u00e9vio e por escrito da <\/span><span style=\"font-weight: 400\">NCC<\/span><span style=\"font-weight: 400\">.<\/span><\/p><p><span style=\"font-weight: 400\">Nenhuma licen\u00e7a ou direito \u00e9 concedido a voc\u00ea, e o acesso \u00e0s Plataformas e\/ou o uso das ferramentas e servi\u00e7os online n\u00e3o deve ser interpretado como concess\u00e3o, por implica\u00e7\u00e3o, preclus\u00e3o ou qualquer outro meio, de licen\u00e7a ou direito para usar qualquer parte do Conte\u00fado sem o consentimento pr\u00e9vio e por escrito da <\/span><span style=\"font-weight: 400\">NCC<\/span><span style=\"font-weight: 400\"> ou do respectivo propriet\u00e1rio de tais direitos.<\/span><\/p><h5><b>Isen\u00e7\u00e3o de Garantias e Responsabilidade<\/b><\/h5><p><span style=\"font-weight: 400\">Os Conte\u00fados disponibilizados nas Plataformas s\u00e3o fornecidos \u201cno estado em que se encontram\u201d, sem garantias de qualquer tipo. Na medida m\u00e1xima permitida por lei, a <\/span><span style=\"font-weight: 400\">NCC<\/span><span style=\"font-weight: 400\"> declara expressamente a isen\u00e7\u00e3o de quaisquer representa\u00e7\u00f5es e garantias, incluindo, mas n\u00e3o se limitando a:<\/span><\/p><ul><li><span style=\"font-weight: 400\">Quanto \u00e0 precis\u00e3o, exatid\u00e3o, confiabilidade, atualidade, integridade, n\u00e3o viola\u00e7\u00e3o, titularidade, comercializa\u00e7\u00e3o e adequa\u00e7\u00e3o a qualquer finalidade espec\u00edfica;<\/span><\/li><li><span style=\"font-weight: 400\">Que os Conte\u00fados disponibilizados nas Plataformas n\u00e3o ser\u00e3o interrompidos ou estar\u00e3o livres de erros, ou que quaisquer defeitos possam e\/ou ser\u00e3o corrigidos; ou que as Plataformas e\/ou seus servidores estejam e permanecer\u00e3o livres de v\u00edrus e\/ou outros elementos nocivos; e<\/span><\/li><li><span style=\"font-weight: 400\">Que as Plataformas e\/ou os Conte\u00fados estar\u00e3o dispon\u00edveis e\/ou acess\u00edveis em todos os momentos.<\/span><\/li><\/ul><p><span style=\"font-weight: 400\">Voc\u00ea tamb\u00e9m concorda que a <\/span><span style=\"font-weight: 400\">NCC<\/span><span style=\"font-weight: 400\"> ou quaisquer provedores de conte\u00fado terceirizados n\u00e3o ter\u00e3o absolutamente nenhuma responsabilidade por qualquer reivindica\u00e7\u00e3o, dano ou perda de qualquer tipo ou natureza que seja em conex\u00e3o com o uso das Plataformas, incluindo, mas sem limita\u00e7\u00e3o, qualquer responsabilidade por qualquer reivindica\u00e7\u00e3o, dano ou perda sofrida em rela\u00e7\u00e3o ao seu hardware, dados, informa\u00e7\u00f5es, conte\u00fados e neg\u00f3cios resultantes da Informa\u00e7\u00e3o ou da falta dela dispon\u00edvel nas Plataformas.<\/span><\/p><p><span style=\"font-weight: 400\">Em nenhuma circunst\u00e2ncia a <\/span><span style=\"font-weight: 400\">NCC<\/span><span style=\"font-weight: 400\"> ou quaisquer provedores de conte\u00fado terceirizados ser\u00e3o responsabilizados por qualquer falha de desempenho, falha de sistema, servidor ou conex\u00e3o, interrup\u00e7\u00e3o, defeito, erro, omiss\u00e3o, atraso na opera\u00e7\u00e3o ou transmiss\u00e3o, viola\u00e7\u00e3o de seguran\u00e7a, c\u00f3digo malicioso, v\u00edrus de computador ou incapacidade ou indisponibilidade de uso ou acesso relacionados ao seu acesso \u00e0s Plataformas e\/ou ferramentas e\/ou servi\u00e7os online, mesmo que a <\/span><span style=\"font-weight: 400\">NCC<\/span><span style=\"font-weight: 400\"> ou os provedores de conte\u00fado terceirizados tenham sido previamente avisados sobre a possibilidade de tais ocorr\u00eancias.<\/span><\/p><h5><b>Direito de Acesso<\/b><\/h5><p><span style=\"font-weight: 400\">A <\/span><span style=\"font-weight: 400\">NCC<\/span><span style=\"font-weight: 400\"> pode, a seu exclusivo crit\u00e9rio, permitir que os usu\u00e1rios de suas Plataformas publiquem, enviem, compartilhem ou transmitam conte\u00fados, incluindo, mas n\u00e3o se limitando a, testemunhos, fotos, textos, v\u00eddeos ou links, em suas Plataformas. A <\/span><span style=\"font-weight: 400\">NCC<\/span><span style=\"font-weight: 400\"> reserva-se o direito de atualizar ou modificar as Plataformas periodicamente. A <\/span><span style=\"font-weight: 400\">NCC<\/span><span style=\"font-weight: 400\"> tamb\u00e9m se reserva todos os direitos de negar ou restringir o acesso \u00e0s Plataformas a qualquer pessoa espec\u00edfica, ou de bloquear o acesso a partir de um determinado endere\u00e7o de Internet, a qualquer momento, sem necessidade de justificativa ou aviso pr\u00e9vio.<\/span><\/p><p><span style=\"font-weight: 400\">Voc\u00ea concorda que n\u00e3o ir\u00e1:<\/span><\/p><ul><li dir=\"ltr\" style=\"font-weight: 400\"><span style=\"font-weight: 400\">utilizar qualquer rob\u00f4, <\/span><i><span style=\"font-weight: 400\">spider<\/span><\/i><span style=\"font-weight: 400\">, dispositivo autom\u00e1tico ou processo manual para monitorar ou copiar quaisquer p\u00e1ginas das Plataformas ou de seus Conte\u00fados sem a pr\u00e9via autoriza\u00e7\u00e3o por escrito da <\/span><span style=\"font-weight: 400\">NCC<\/span><span style=\"font-weight: 400\">;<\/span><\/li><li><span style=\"font-weight: 400\">utilizar qualquer dispositivo, <\/span><i><span style=\"font-weight: 400\">software<\/span><\/i><span style=\"font-weight: 400\"> ou rotina para interferir ou tentar interferir no funcionamento adequado das Plataformas; e\/ou<\/span><\/li><li><span style=\"font-weight: 400\">tomar qualquer a\u00e7\u00e3o que imponha uma carga n\u00e3o razo\u00e1vel ou desproporcionalmente grande aos servidores da <\/span><span style=\"font-weight: 400\">NCC<\/span><span style=\"font-weight: 400\">.<\/span><\/li><\/ul><h5><b>Links Para Outros Sites<\/b><\/h5><p><span style=\"font-weight: 400\">As Plataformas cont\u00eam links para outros sites que n\u00e3o s\u00e3o mantidos pela<\/span><span style=\"font-weight: 400\"> NCC<\/span><span style=\"font-weight: 400\">. A <\/span><span style=\"font-weight: 400\">NCC<\/span><span style=\"font-weight: 400\"> n\u00e3o se responsabiliza pelo conte\u00fado desses sites e n\u00e3o ser\u00e1 respons\u00e1vel por quaisquer danos ou perdas decorrentes do acesso a esses sites. O uso desses links e o acesso a sites vinculados \u00e9 feito inteiramente por sua conta e risco.<\/span><\/p><p><span style=\"font-weight: 400\">A <\/span><span style=\"font-weight: 400\">NCC<\/span><span style=\"font-weight: 400\"> reserva-se o direito de desativar quaisquer links ou frames provenientes das Plataformas e se exime de qualquer responsabilidade pelo conte\u00fado dispon\u00edvel em outros sites acessados por meio de links para ou a partir das Plataformas.<\/span><\/p><h5><b>Links de outros sites<\/b><\/h5><p><span style=\"font-weight: 400\">Exceto conforme estabelecido abaixo, o armazenamento em cache e os links para, bem como o framing das Plataformas e de quaisquer Conte\u00fados s\u00e3o proibidos.<\/span><\/p><p><span style=\"font-weight: 400\">Voc\u00ea deve obter pr\u00e9via permiss\u00e3o por escrito da <\/span><span style=\"font-weight: 400\">NCC<\/span><span style=\"font-weight: 400\"> antes de criar links ou realizar o framing das Plataformas ou de quaisquer Conte\u00fados. A <\/span><span style=\"font-weight: 400\">NCC<\/span><span style=\"font-weight: 400\"> reserva-se o direito de impor condi\u00e7\u00f5es ao permitir qualquer link ou framing para as Plataformas ou quaisquer Conte\u00fados.<\/span><\/p><p><span style=\"font-weight: 400\">O seu link ou framing para as Plataformas ou seus Conte\u00fados constitui uma aceita\u00e7\u00e3o destes Termos e Condi\u00e7\u00f5es. Considera-se que este \u00e9 o caso mesmo ap\u00f3s a publica\u00e7\u00e3o de quaisquer altera\u00e7\u00f5es ou modifica\u00e7\u00f5es nos Termos e Condi\u00e7\u00f5es. Se voc\u00ea n\u00e3o aceitar estes Termos e Condi\u00e7\u00f5es, dever\u00e1 interromper imediatamente a cria\u00e7\u00e3o de links ou o framing das Plataformas ou de quaisquer Conte\u00fados.<\/span><\/p><p><span style=\"font-weight: 400\">Em nenhuma circunst\u00e2ncia a <\/span><span style=\"font-weight: 400\">NCC<\/span><span style=\"font-weight: 400\"> ser\u00e1 considerada associada ou afiliada de qualquer forma a quaisquer marcas comerciais, logotipos, ins\u00edgnias ou outros dispositivos usados ou que apare\u00e7am em sites que criem links para as Plataformas, ou aos quais as Plataformas estejam vinculadas ou referenciadas nos Conte\u00fados.<\/span><\/p><p><span style=\"font-weight: 400\">A <\/span><span style=\"font-weight: 400\">NCC<\/span><span style=\"font-weight: 400\"> reserva-se o direito de desativar qualquer link para ou a partir de, ou frames de qualquer site que contenha t\u00f3picos, nomes, materiais ou informa\u00e7\u00f5es inapropriados, profanos, difamat\u00f3rios, infratores, obscenos, indecentes ou ilegais, ou material ou informa\u00e7\u00e3o que viole qualquer lei escrita, qualquer propriedade intelectual aplic\u00e1vel, direitos de propriedade, privacidade ou publicidade.<\/span><\/p><h5><b>Limita\u00e7\u00e3o de Responsabilidade<\/b><\/h5><p><span style=\"font-weight: 400\">Sob nenhuma circunst\u00e2ncia a <\/span><span style=\"font-weight: 400\">NCC<\/span><span style=\"font-weight: 400\"> ser\u00e1 respons\u00e1vel por quaisquer perdas ou danos, de qualquer natureza, seja por contrato, delito civil (<\/span><i><span style=\"font-weight: 400\">tort<\/span><\/i><span style=\"font-weight: 400\">) ou de outra forma, decorrentes do uso ou da confian\u00e7a nas Informa\u00e7\u00f5es contidas nas Plataformas ou do seu uso da Internet em geral.<\/span><\/p>\t\t\t\t\t\t\t\t<\/div>\n\t\t\t\t<\/div>\n\t\t\t\t\t<\/div>\n\t\t\t\t<\/div>\n\t\t\t\t<\/div>\n\t\t","protected":false},"excerpt":{"rendered":"<p>Termos de Uso Termos e Condi\u00e7\u00f5es de Uso Agradecemos por utilizar os sites e aplicativos web (coletivamente, as \u201cPlataformas\u201d) da New Creation Church (\u201cNCC\u201d). Ao acessar e utilizar qualquer parte das Plataformas, voc\u00ea ser\u00e1 considerado como tendo aceitado e concordado com os Termos e Condi\u00e7\u00f5es de Uso (os \u201cTermos e Condi\u00e7\u00f5es\u201d). Caso n\u00e3o concorde com [&hellip;]<\/p>\n","protected":false},"author":1,"featured_media":0,"parent":0,"menu_order":0,"comment_status":"closed","ping_status":"closed","template":"","meta":{"footnotes":"","_links_to":"","_links_to_target":""},"class_list":["post-112","page","type-page","status-publish","hentry"],"yoast_head":"<!-- This site is optimized with the Yoast SEO plugin v25.5 - https:\/\/yoast.com\/wordpress\/plugins\/seo\/ -->\n<title>Termos de Uso | New Creation TV Portugu\u00eas<\/title>\n<meta name=\"description\" content=\"Termos de Uso Termos e Condi\u00e7\u00f5es de Uso Agradecemos por utilizar os sites e aplicativos web (coletivamente, as \u201cPlataformas\u201d) da New Creation Church\" \/>\n<meta name=\"robots\" content=\"index, follow, max-snippet:-1, max-image-preview:large, max-video-preview:-1\" \/>\n<link rel=\"canonical\" href=\"https:\/\/www.newcreationtv.org\/pt\/termos-de-uso\/\" \/>\n<meta property=\"og:locale\" content=\"en_US\" \/>\n<meta property=\"og:type\" content=\"article\" \/>\n<meta property=\"og:title\" content=\"Termos de Uso | New Creation TV Portugu\u00eas\" \/>\n<meta property=\"og:description\" content=\"Termos de Uso Termos e Condi\u00e7\u00f5es de Uso Agradecemos por utilizar os sites e aplicativos web (coletivamente, as \u201cPlataformas\u201d) da New Creation Church\" \/>\n<meta property=\"og:url\" content=\"https:\/\/www.newcreationtv.org\/pt\/termos-de-uso\/\" \/>\n<meta property=\"og:site_name\" content=\"New Creation TV Portugu\u00eas\" \/>\n<meta property=\"article:modified_time\" content=\"2026-02-08T17:46:59+00:00\" \/>\n<meta name=\"twitter:card\" content=\"summary_large_image\" \/>\n<meta name=\"twitter:label1\" content=\"Est. reading time\" \/>\n\t<meta name=\"twitter:data1\" content=\"5 minutes\" \/>\n<script type=\"application\/ld+json\" class=\"yoast-schema-graph\">{\"@context\":\"https:\/\/schema.org\",\"@graph\":[{\"@type\":\"WebPage\",\"@id\":\"https:\/\/www.newcreationtv.org\/pt\/termos-de-uso\/\",\"url\":\"https:\/\/www.newcreationtv.org\/pt\/termos-de-uso\/\",\"name\":\"Termos de Uso | New Creation TV Portugu\u00eas\",\"isPartOf\":{\"@id\":\"https:\/\/www.newcreationtv.org\/pt\/#website\"},\"datePublished\":\"2024-10-23T02:01:04+00:00\",\"dateModified\":\"2026-02-08T17:46:59+00:00\",\"description\":\"Termos de Uso Termos e Condi\u00e7\u00f5es de Uso Agradecemos por utilizar os sites e aplicativos web (coletivamente, as \u201cPlataformas\u201d) da New Creation Church\",\"breadcrumb\":{\"@id\":\"https:\/\/www.newcreationtv.org\/pt\/termos-de-uso\/#breadcrumb\"},\"inLanguage\":\"en-US\",\"potentialAction\":[{\"@type\":\"ReadAction\",\"target\":[\"https:\/\/www.newcreationtv.org\/pt\/termos-de-uso\/\"]}]},{\"@type\":\"BreadcrumbList\",\"@id\":\"https:\/\/www.newcreationtv.org\/pt\/termos-de-uso\/#breadcrumb\",\"itemListElement\":[{\"@type\":\"ListItem\",\"position\":1,\"name\":\"Home\",\"item\":\"https:\/\/www.newcreationtv.org\/pt\/\"},{\"@type\":\"ListItem\",\"position\":2,\"name\":\"Termos de Uso\"}]},{\"@type\":\"WebSite\",\"@id\":\"https:\/\/www.newcreationtv.org\/pt\/#website\",\"url\":\"https:\/\/www.newcreationtv.org\/pt\/\",\"name\":\"New Creation TV Portugu\u00eas\",\"description\":\"\",\"potentialAction\":[{\"@type\":\"SearchAction\",\"target\":{\"@type\":\"EntryPoint\",\"urlTemplate\":\"https:\/\/www.newcreationtv.org\/pt\/?s={search_term_string}\"},\"query-input\":{\"@type\":\"PropertyValueSpecification\",\"valueRequired\":true,\"valueName\":\"search_term_string\"}}],\"inLanguage\":\"en-US\"}]}<\/script>\n<!-- \/ Yoast SEO plugin. -->","yoast_head_json":{"title":"Termos de Uso | New Creation TV Portugu\u00eas","description":"Termos de Uso Termos e Condi\u00e7\u00f5es de Uso Agradecemos por utilizar os sites e aplicativos web (coletivamente, as \u201cPlataformas\u201d) da New Creation Church","robots":{"index":"index","follow":"follow","max-snippet":"max-snippet:-1","max-image-preview":"max-image-preview:large","max-video-preview":"max-video-preview:-1"},"canonical":"https:\/\/www.newcreationtv.org\/pt\/termos-de-uso\/","og_locale":"en_US","og_type":"article","og_title":"Termos de Uso | New Creation TV Portugu\u00eas","og_description":"Termos de Uso Termos e Condi\u00e7\u00f5es de Uso Agradecemos por utilizar os sites e aplicativos web (coletivamente, as \u201cPlataformas\u201d) da New Creation Church","og_url":"https:\/\/www.newcreationtv.org\/pt\/termos-de-uso\/","og_site_name":"New Creation TV Portugu\u00eas","article_modified_time":"2026-02-08T17:46:59+00:00","twitter_card":"summary_large_image","twitter_misc":{"Est. reading time":"5 minutes"},"schema":{"@context":"https:\/\/schema.org","@graph":[{"@type":"WebPage","@id":"https:\/\/www.newcreationtv.org\/pt\/termos-de-uso\/","url":"https:\/\/www.newcreationtv.org\/pt\/termos-de-uso\/","name":"Termos de Uso | New Creation TV Portugu\u00eas","isPartOf":{"@id":"https:\/\/www.newcreationtv.org\/pt\/#website"},"datePublished":"2024-10-23T02:01:04+00:00","dateModified":"2026-02-08T17:46:59+00:00","description":"Termos de Uso Termos e Condi\u00e7\u00f5es de Uso Agradecemos por utilizar os sites e aplicativos web (coletivamente, as \u201cPlataformas\u201d) da New Creation Church","breadcrumb":{"@id":"https:\/\/www.newcreationtv.org\/pt\/termos-de-uso\/#breadcrumb"},"inLanguage":"en-US","potentialAction":[{"@type":"ReadAction","target":["https:\/\/www.newcreationtv.org\/pt\/termos-de-uso\/"]}]},{"@type":"BreadcrumbList","@id":"https:\/\/www.newcreationtv.org\/pt\/termos-de-uso\/#breadcrumb","itemListElement":[{"@type":"ListItem","position":1,"name":"Home","item":"https:\/\/www.newcreationtv.org\/pt\/"},{"@type":"ListItem","position":2,"name":"Termos de Uso"}]},{"@type":"WebSite","@id":"https:\/\/www.newcreationtv.org\/pt\/#website","url":"https:\/\/www.newcreationtv.org\/pt\/","name":"New Creation TV Portugu\u00eas","description":"","potentialAction":[{"@type":"SearchAction","target":{"@type":"EntryPoint","urlTemplate":"https:\/\/www.newcreationtv.org\/pt\/?s={search_term_string}"},"query-input":{"@type":"PropertyValueSpecification","valueRequired":true,"valueName":"search_term_string"}}],"inLanguage":"en-US"}]}},"_links":{"self":[{"href":"https:\/\/www.newcreationtv.org\/pt\/wp-json\/wp\/v2\/pages\/112","targetHints":{"allow":["GET"]}}],"collection":[{"href":"https:\/\/www.newcreationtv.org\/pt\/wp-json\/wp\/v2\/pages"}],"about":[{"href":"https:\/\/www.newcreationtv.org\/pt\/wp-json\/wp\/v2\/types\/page"}],"author":[{"embeddable":true,"href":"https:\/\/www.newcreationtv.org\/pt\/wp-json\/wp\/v2\/users\/1"}],"replies":[{"embeddable":true,"href":"https:\/\/www.newcreationtv.org\/pt\/wp-json\/wp\/v2\/comments?post=112"}],"version-history":[{"count":75,"href":"https:\/\/www.newcreationtv.org\/pt\/wp-json\/wp\/v2\/pages\/112\/revisions"}],"predecessor-version":[{"id":14296,"href":"https:\/\/www.newcreationtv.org\/pt\/wp-json\/wp\/v2\/pages\/112\/revisions\/14296"}],"wp:attachment":[{"href":"https:\/\/www.newcreationtv.org\/pt\/wp-json\/wp\/v2\/media?parent=112"}],"curies":[{"name":"wp","href":"https:\/\/api.w.org\/{rel}","templated":true}]}}