{"id":5828,"date":"2024-12-13T02:17:26","date_gmt":"2024-12-13T02:17:26","guid":{"rendered":"https:\/\/www.newcreationtv.org\/fr\/?page_id=5828"},"modified":"2026-02-26T01:51:29","modified_gmt":"2026-02-26T00:51:29","slug":"connaitre-jesus","status":"publish","type":"page","link":"https:\/\/www.newcreationtv.org\/fr\/connaitre-jesus\/","title":{"rendered":"Conna\u00eetre J\u00e9sus"},"content":{"rendered":"\t\t<div data-elementor-type=\"wp-page\" data-elementor-id=\"5828\" class=\"elementor elementor-5828\" data-elementor-post-type=\"page\">\n\t\t\t\t<div class=\"elementor-element elementor-element-3fcdeb3 e-con-full bn-inner-full e-flex e-con e-parent\" data-id=\"3fcdeb3\" data-element_type=\"container\" data-e-type=\"container\">\n\t\t\t\t<div class=\"elementor-element elementor-element-dfc5a47 imgdesk elementor-hidden-mobile elementor-widget elementor-widget-image\" data-id=\"dfc5a47\" data-element_type=\"widget\" data-e-type=\"widget\" data-widget_type=\"image.default\">\n\t\t\t\t<div class=\"elementor-widget-container\">\n\t\t\t\t\t\t\t\t\t\t\t\t\t\t\t<img loading=\"lazy\" decoding=\"async\" width=\"1920\" height=\"337\" src=\"https:\/\/www.newcreationtv.org\/fr\/wp-content\/uploads\/sites\/24\/2025\/04\/Know-Jesus-1920-x-337-px.jpg\" class=\"attachment-full size-full wp-image-10611\" alt=\"\" srcset=\"https:\/\/www.newcreationtv.org\/fr\/wp-content\/uploads\/sites\/24\/2025\/04\/Know-Jesus-1920-x-337-px.jpg 1920w, https:\/\/www.newcreationtv.org\/fr\/wp-content\/uploads\/sites\/24\/2025\/04\/Know-Jesus-1920-x-337-px-300x53.jpg 300w, https:\/\/www.newcreationtv.org\/fr\/wp-content\/uploads\/sites\/24\/2025\/04\/Know-Jesus-1920-x-337-px-1024x180.jpg 1024w, https:\/\/www.newcreationtv.org\/fr\/wp-content\/uploads\/sites\/24\/2025\/04\/Know-Jesus-1920-x-337-px-768x135.jpg 768w, https:\/\/www.newcreationtv.org\/fr\/wp-content\/uploads\/sites\/24\/2025\/04\/Know-Jesus-1920-x-337-px-1536x270.jpg 1536w\" sizes=\"auto, (max-width: 1920px) 100vw, 1920px\" \/>\t\t\t\t\t\t\t\t\t\t\t\t\t\t\t<\/div>\n\t\t\t\t<\/div>\n\t\t\t\t<div class=\"elementor-element elementor-element-96bcb54 imgmb elementor-hidden-desktop elementor-hidden-tablet elementor-widget elementor-widget-image\" data-id=\"96bcb54\" data-element_type=\"widget\" data-e-type=\"widget\" data-widget_type=\"image.default\">\n\t\t\t\t<div class=\"elementor-widget-container\">\n\t\t\t\t\t\t\t\t\t\t\t\t\t\t\t<img loading=\"lazy\" decoding=\"async\" width=\"390\" height=\"220\" src=\"https:\/\/www.newcreationtv.org\/fr\/wp-content\/uploads\/sites\/24\/2025\/04\/Know-Jesus-Mobile-390-x-220-px.jpg\" class=\"attachment-full size-full wp-image-10612\" alt=\"\" srcset=\"https:\/\/www.newcreationtv.org\/fr\/wp-content\/uploads\/sites\/24\/2025\/04\/Know-Jesus-Mobile-390-x-220-px.jpg 390w, https:\/\/www.newcreationtv.org\/fr\/wp-content\/uploads\/sites\/24\/2025\/04\/Know-Jesus-Mobile-390-x-220-px-300x169.jpg 300w\" sizes=\"auto, (max-width: 390px) 100vw, 390px\" \/>\t\t\t\t\t\t\t\t\t\t\t\t\t\t\t<\/div>\n\t\t\t\t<\/div>\n\t\t\t\t<\/div>\n\t\t<div class=\"elementor-element elementor-element-953d427 container main-inner wmain-2 e-flex e-con-boxed e-con e-parent\" data-id=\"953d427\" data-element_type=\"container\" data-e-type=\"container\">\n\t\t\t\t\t<div class=\"e-con-inner\">\n\t\t\t\t<div class=\"elementor-element elementor-element-b6ed304 title-2 campaign elementor-widget elementor-widget-heading\" data-id=\"b6ed304\" data-element_type=\"widget\" data-e-type=\"widget\" data-widget_type=\"heading.default\">\n\t\t\t\t<div class=\"elementor-widget-container\">\n\t\t\t\t\t<h1 class=\"elementor-heading-title elementor-size-default\">Conna\u00eetre J\u00e9sus<\/h1>\t\t\t\t<\/div>\n\t\t\t\t<\/div>\n\t\t<div class=\"elementor-element elementor-element-48727d3 e-con-full document e-flex e-con e-child\" data-id=\"48727d3\" data-element_type=\"container\" data-e-type=\"container\">\n\t\t\t\t<div class=\"elementor-element elementor-element-e7793d8 elementor-widget elementor-widget-text-editor\" data-id=\"e7793d8\" data-element_type=\"widget\" data-e-type=\"widget\" data-widget_type=\"text-editor.default\">\n\t\t\t\t<div class=\"elementor-widget-container\">\n\t\t\t\t\t\t\t\t\t<p>Pourquoi J\u00e9sus, le Fils de Dieu, a-t-Il choisi de donner Sa vie pour vous et moi ?<\/p><p>D\u00e9couvrez la bonne nouvelle de la croix et le Sauveur aimant qui a tout fait pour nous !<\/p>\t\t\t\t\t\t\t\t<\/div>\n\t\t\t\t<\/div>\n\t\t\t\t<div class=\"elementor-element elementor-element-12d981b title-2 campaign elementor-widget elementor-widget-heading\" data-id=\"12d981b\" data-element_type=\"widget\" data-e-type=\"widget\" data-widget_type=\"heading.default\">\n\t\t\t\t<div class=\"elementor-widget-container\">\n\t\t\t\t\t<h3 class=\"elementor-heading-title elementor-size-default\">Un amour sans \u00e9gal<\/h3>\t\t\t\t<\/div>\n\t\t\t\t<\/div>\n\t\t\t\t<div class=\"elementor-element elementor-element-7e9351c elementor-widget elementor-widget-text-editor\" data-id=\"7e9351c\" data-element_type=\"widget\" data-e-type=\"widget\" data-widget_type=\"text-editor.default\">\n\t\t\t\t<div class=\"elementor-widget-container\">\n\t\t\t\t\t\t\t\t\t<p>\u00c0 cause du p\u00e9ch\u00e9 de l&#8217;homme, il nous \u00e9tait impossible de nous approcher de Dieu.<\/p><p>Le r\u00e9sultat de notre p\u00e9ch\u00e9 n&#8217;\u00e9tait pas seulement une vie enti\u00e8re de s\u00e9paration entre Dieu et nous \u2014 mais aussi la honte, la maladie et, finalement, la mort \u00e9ternelle.<\/p><p><strong>Mais par amour, tout a chang\u00e9.<\/strong><\/p><p>Dans Son amour profond, vaste et incommensurable pour nous, Dieu a ouvert un chemin. Il a donn\u00e9 Son propre Fils, J\u00e9sus, qui a pris notre place dans la mort sur la croix \u2014 afin que nous puissions jouir de la sant\u00e9, de la libert\u00e9 et d\u2019une vie \u00e9ternelle avec Lui !<\/p>\t\t\t\t\t\t\t\t<\/div>\n\t\t\t\t<\/div>\n\t\t\t\t<div class=\"elementor-element elementor-element-d506395 title-2 campaign elementor-widget elementor-widget-heading\" data-id=\"d506395\" data-element_type=\"widget\" data-e-type=\"widget\" data-widget_type=\"heading.default\">\n\t\t\t\t<div class=\"elementor-widget-container\">\n\t\t\t\t\t<h3 class=\"elementor-heading-title elementor-size-default\">Ce qui s'est pass\u00e9 \u00e0 la croix<\/h3>\t\t\t\t<\/div>\n\t\t\t\t<\/div>\n\t\t\t\t<div class=\"elementor-element elementor-element-a926aa2 elementor-widget elementor-widget-text-editor\" data-id=\"a926aa2\" data-element_type=\"widget\" data-e-type=\"widget\" data-widget_type=\"text-editor.default\">\n\t\t\t\t<div class=\"elementor-widget-container\">\n\t\t\t\t\t\t\t\t\t<p>\u00c0 la croix, un magnifique \u00e9change a eu lieu. C&#8217;est l\u00e0 que J\u00e9sus a pris sur Lui la maladie, le jugement et la mort que vous et moi m\u00e9ritions \u00e0 cause de notre p\u00e9ch\u00e9.<\/p><p>En faisant cela, Il nous a permis de recevoir toutes les bonnes choses que nous ne m\u00e9ritons pas ! De la sant\u00e9 et de la force, \u00e0 la joie et \u00e0 la paix, jusqu\u2019au succ\u00e8s dans nos familles et nos carri\u00e8res.<\/p><p>Tel est l\u2019amour de notre Sauveur et la raison pour laquelle la croix est vraiment une bonne nouvelle pour vous et moi !<\/p>\t\t\t\t\t\t\t\t<\/div>\n\t\t\t\t<\/div>\n\t\t\t\t<div class=\"elementor-element elementor-element-24bb98d title-2 campaign elementor-widget elementor-widget-heading\" data-id=\"24bb98d\" data-element_type=\"widget\" data-e-type=\"widget\" data-widget_type=\"heading.default\">\n\t\t\t\t<div class=\"elementor-widget-container\">\n\t\t\t\t\t<h3 class=\"elementor-heading-title elementor-size-default\">Recevez tout ce que J\u00e9sus a fait pour vous<\/h3>\t\t\t\t<\/div>\n\t\t\t\t<\/div>\n\t\t\t\t<div class=\"elementor-element elementor-element-cb3239f elementor-widget elementor-widget-text-editor\" data-id=\"cb3239f\" data-element_type=\"widget\" data-e-type=\"widget\" data-widget_type=\"text-editor.default\">\n\t\t\t\t<div class=\"elementor-widget-container\">\n\t\t\t\t\t\t\t\t\t<p>Cher ami, J\u00e9sus a d\u00e9j\u00e0 fait tout ce qui \u00e9tait n\u00e9cessaire pour que vous et moi, nous puissions nous approcher de Dieu et profiter de Son amour et de Ses b\u00e9n\u00e9dictions d\u00e8s aujourd&#8217;hui.<\/p><p>Cependant, Son \u0153uvre achev\u00e9e ne peut devenir r\u00e9elle dans votre vie que si vous prenez la d\u00e9cision personnelle de L&#8217;accepter.<\/p><p>Si vous souhaitez accepter J\u00e9sus et tout ce qu&#8217;Il a fait pour vous, dites cette pri\u00e8re et croyez-la dans votre c\u0153ur:<\/p>\t\t\t\t\t\t\t\t<\/div>\n\t\t\t\t<\/div>\n\t\t\t\t<div class=\"elementor-element elementor-element-712ffdb bquote-2 elementor-widget__width-initial elementor-widget elementor-widget-custom_quote\" data-id=\"712ffdb\" data-element_type=\"widget\" data-e-type=\"widget\" data-widget_type=\"custom_quote.default\">\n\t\t\t\t<div class=\"elementor-widget-container\">\n\t\t\t\t\t\n\t\t<blockquote>\n\t\t\t<p>J\u00e9sus, merci de m'aimer et de mourir pour moi sur la croix. Ton sang me purifie de tout p\u00e9ch\u00e9. Tu es mon Sauveur. Gr\u00e2ce \u00e0 Ton \u0153uvre achev\u00e9e, je peux vivre dans Ta libert\u00e9, Ta joie et Ta sant\u00e9 pour toujours. Amen !<\/p>\t\t<\/blockquote>\n\t\t<cite><\/cite>\n\n\t\t\t\t\t\t<\/div>\n\t\t\t\t<\/div>\n\t\t\t\t<div class=\"elementor-element elementor-element-1b41bc1 elementor-widget elementor-widget-text-editor\" data-id=\"1b41bc1\" data-element_type=\"widget\" data-e-type=\"widget\" data-widget_type=\"text-editor.default\">\n\t\t\t\t<div class=\"elementor-widget-container\">\n\t\t\t\t\t\t\t\t\t<p>Pour en savoir plus sur ce que J\u00e9sus a fait pour vous \u00e0 la croix, laissez cette vid\u00e9o du pasteur Joseph Prince pour aider \u00e0 mieux comprendre !<\/p><p><\/p>\t\t\t\t\t\t\t\t<\/div>\n\t\t\t\t<\/div>\n\t\t\t\t<div class=\"elementor-element elementor-element-c553ccf no-flex elementor-widget elementor-widget-html\" data-id=\"c553ccf\" data-element_type=\"widget\" data-e-type=\"widget\" data-widget_type=\"html.default\">\n\t\t\t\t<div class=\"elementor-widget-container\">\n\t\t\t\t\t<div style=\"position: relative; padding-top: 56.25%;\"><iframe src=\"https:\/\/players.sardius.media\/30cAA96F6F88B29\/dvr\/asset\/333170E682AfA857d9922AAD1B43\" scrolling=\"no\" style=\"border: none; position: absolute; top: 0; left: 0; height: 100%; width: 100%;\" allow=\"accelerometer; gyroscope; autoplay; encrypted-media; picture-in-picture;\" allowfullscreen=\"true\"><\/iframe><\/div>\t\t\t\t<\/div>\n\t\t\t\t<\/div>\n\t\t<div class=\"elementor-element elementor-element-7c68475 e-con-full e-flex e-con e-child\" data-id=\"7c68475\" data-element_type=\"container\" data-e-type=\"container\">\n\t\t\t\t<\/div>\n\t\t\t\t<div class=\"elementor-element elementor-element-6e25b5f box-1 campaign elementor-widget elementor-widget-text-editor\" data-id=\"6e25b5f\" data-element_type=\"widget\" data-e-type=\"widget\" data-widget_type=\"text-editor.default\">\n\t\t\t\t<div class=\"elementor-widget-container\">\n\t\t\t\t\t\t\t\t\t<h4>Nous sommes heureux que vous ayez dit oui !<\/h4><p>Si vous avez prononc\u00e9 la pri\u00e8re du salut, vous \u00eates maintenant un enfant de Dieu et le ciel est votre maison !<\/p><p>Nous serions ravis de vous aider \u00e0 d\u00e9marrer votre nouvelle vie passionnante avec J\u00e9sus.<\/p>\t\t\t\t\t\t\t\t<\/div>\n\t\t\t\t<\/div>\n\t\t\t\t<div class=\"elementor-element elementor-element-e594fd0 elementor-align-center elementor-widget elementor-widget-button\" data-id=\"e594fd0\" data-element_type=\"widget\" data-e-type=\"widget\" data-widget_type=\"button.default\">\n\t\t\t\t<div class=\"elementor-widget-container\">\n\t\t\t\t\t\t\t\t\t<div class=\"elementor-button-wrapper\">\n\t\t\t\t\t<a class=\"elementor-button elementor-button-link elementor-size-sm\" href=\"https:\/\/www.newcreationtv.org\/fr\/vous-venez-de-dire-oui-a-jesus\/\">\n\t\t\t\t\t\t<span class=\"elementor-button-content-wrapper\">\n\t\t\t\t\t\t\t\t\t<span class=\"elementor-button-text\">Prenez contact avec nous ici<\/span>\n\t\t\t\t\t<\/span>\n\t\t\t\t\t<\/a>\n\t\t\t\t<\/div>\n\t\t\t\t\t\t\t\t<\/div>\n\t\t\t\t<\/div>\n\t\t\t\t<\/div>\n\t\t\t\t\t<\/div>\n\t\t\t\t<\/div>\n\t\t\t\t<\/div>\n\t\t","protected":false},"excerpt":{"rendered":"<p>Conna\u00eetre J\u00e9sus Pourquoi J\u00e9sus, le Fils de Dieu, a-t-Il choisi de donner Sa vie pour vous et moi ? D\u00e9couvrez la bonne nouvelle de la croix et le Sauveur aimant qui a tout fait pour nous ! Un amour sans \u00e9gal \u00c0 cause du p\u00e9ch\u00e9 de l&#8217;homme, il nous \u00e9tait impossible de nous approcher de [&hellip;]<\/p>\n","protected":false},"author":2,"featured_media":0,"parent":0,"menu_order":0,"comment_status":"closed","ping_status":"closed","template":"","meta":{"footnotes":"","_links_to":"","_links_to_target":""},"class_list":["post-5828","page","type-page","status-publish","hentry"],"yoast_head":"<!-- This site is optimized with the Yoast SEO plugin v25.5 - https:\/\/yoast.com\/wordpress\/plugins\/seo\/ -->\n<title>Conna\u00eetre J\u00e9sus | New Creation TV Fran\u00e7ais<\/title>\n<meta name=\"description\" content=\"Pourquoi J\u00e9sus, le Fils de Dieu, a-t-Il choisi de donner Sa vie pour vous et moi ? D\u00e9couvrez la bonne nouvelle de la croix et le Sauveur aimant qui a tout fait pour nous !\" \/>\n<meta name=\"robots\" content=\"index, follow, max-snippet:-1, max-image-preview:large, max-video-preview:-1\" \/>\n<link rel=\"canonical\" href=\"https:\/\/www.newcreationtv.org\/fr\/connaitre-jesus\/\" \/>\n<meta property=\"og:locale\" content=\"en_US\" \/>\n<meta property=\"og:type\" content=\"article\" \/>\n<meta property=\"og:title\" content=\"Conna\u00eetre J\u00e9sus | New Creation TV Fran\u00e7ais\" \/>\n<meta property=\"og:description\" content=\"Pourquoi J\u00e9sus, le Fils de Dieu, a-t-Il choisi de donner Sa vie pour vous et moi ? D\u00e9couvrez la bonne nouvelle de la croix et le Sauveur aimant qui a tout fait pour nous !\" \/>\n<meta property=\"og:url\" content=\"https:\/\/www.newcreationtv.org\/fr\/connaitre-jesus\/\" \/>\n<meta property=\"og:site_name\" content=\"New Creation TV Fran\u00e7ais\" \/>\n<meta property=\"article:modified_time\" content=\"2026-02-26T00:51:29+00:00\" \/>\n<meta property=\"og:image\" content=\"https:\/\/www.newcreationtv.org\/fr\/wp-content\/uploads\/sites\/24\/2025\/04\/Know-Jesus-1920-x-337-px.jpg\" \/>\n\t<meta property=\"og:image:width\" content=\"1920\" \/>\n\t<meta property=\"og:image:height\" content=\"337\" \/>\n\t<meta property=\"og:image:type\" content=\"image\/jpeg\" \/>\n<meta name=\"twitter:card\" content=\"summary_large_image\" \/>\n<meta name=\"twitter:label1\" content=\"Est. reading time\" \/>\n\t<meta name=\"twitter:data1\" content=\"3 minutes\" \/>\n<script type=\"application\/ld+json\" class=\"yoast-schema-graph\">{\"@context\":\"https:\/\/schema.org\",\"@graph\":[{\"@type\":\"WebPage\",\"@id\":\"https:\/\/www.newcreationtv.org\/fr\/connaitre-jesus\/\",\"url\":\"https:\/\/www.newcreationtv.org\/fr\/connaitre-jesus\/\",\"name\":\"Conna\u00eetre J\u00e9sus | New Creation TV Fran\u00e7ais\",\"isPartOf\":{\"@id\":\"https:\/\/www.newcreationtv.org\/fr\/#website\"},\"primaryImageOfPage\":{\"@id\":\"https:\/\/www.newcreationtv.org\/fr\/connaitre-jesus\/#primaryimage\"},\"image\":{\"@id\":\"https:\/\/www.newcreationtv.org\/fr\/connaitre-jesus\/#primaryimage\"},\"thumbnailUrl\":\"https:\/\/www.newcreationtv.org\/fr\/wp-content\/uploads\/sites\/24\/2025\/04\/Know-Jesus-1920-x-337-px.jpg\",\"datePublished\":\"2024-12-13T02:17:26+00:00\",\"dateModified\":\"2026-02-26T00:51:29+00:00\",\"description\":\"Pourquoi J\u00e9sus, le Fils de Dieu, a-t-Il choisi de donner Sa vie pour vous et moi ? D\u00e9couvrez la bonne nouvelle de la croix et le Sauveur aimant qui a tout fait pour nous !\",\"breadcrumb\":{\"@id\":\"https:\/\/www.newcreationtv.org\/fr\/connaitre-jesus\/#breadcrumb\"},\"inLanguage\":\"en-US\",\"potentialAction\":[{\"@type\":\"ReadAction\",\"target\":[\"https:\/\/www.newcreationtv.org\/fr\/connaitre-jesus\/\"]}]},{\"@type\":\"ImageObject\",\"inLanguage\":\"en-US\",\"@id\":\"https:\/\/www.newcreationtv.org\/fr\/connaitre-jesus\/#primaryimage\",\"url\":\"https:\/\/www.newcreationtv.org\/fr\/wp-content\/uploads\/sites\/24\/2025\/04\/Know-Jesus-1920-x-337-px.jpg\",\"contentUrl\":\"https:\/\/www.newcreationtv.org\/fr\/wp-content\/uploads\/sites\/24\/2025\/04\/Know-Jesus-1920-x-337-px.jpg\",\"width\":1920,\"height\":337},{\"@type\":\"BreadcrumbList\",\"@id\":\"https:\/\/www.newcreationtv.org\/fr\/connaitre-jesus\/#breadcrumb\",\"itemListElement\":[{\"@type\":\"ListItem\",\"position\":1,\"name\":\"Home\",\"item\":\"https:\/\/www.newcreationtv.org\/fr\/\"},{\"@type\":\"ListItem\",\"position\":2,\"name\":\"Conna\u00eetre J\u00e9sus\"}]},{\"@type\":\"WebSite\",\"@id\":\"https:\/\/www.newcreationtv.org\/fr\/#website\",\"url\":\"https:\/\/www.newcreationtv.org\/fr\/\",\"name\":\"New Creation TV Fran\u00e7ais\",\"description\":\"\",\"potentialAction\":[{\"@type\":\"SearchAction\",\"target\":{\"@type\":\"EntryPoint\",\"urlTemplate\":\"https:\/\/www.newcreationtv.org\/fr\/?s={search_term_string}\"},\"query-input\":{\"@type\":\"PropertyValueSpecification\",\"valueRequired\":true,\"valueName\":\"search_term_string\"}}],\"inLanguage\":\"en-US\"}]}<\/script>\n<!-- \/ Yoast SEO plugin. -->","yoast_head_json":{"title":"Conna\u00eetre J\u00e9sus | New Creation TV Fran\u00e7ais","description":"Pourquoi J\u00e9sus, le Fils de Dieu, a-t-Il choisi de donner Sa vie pour vous et moi ? D\u00e9couvrez la bonne nouvelle de la croix et le Sauveur aimant qui a tout fait pour nous !","robots":{"index":"index","follow":"follow","max-snippet":"max-snippet:-1","max-image-preview":"max-image-preview:large","max-video-preview":"max-video-preview:-1"},"canonical":"https:\/\/www.newcreationtv.org\/fr\/connaitre-jesus\/","og_locale":"en_US","og_type":"article","og_title":"Conna\u00eetre J\u00e9sus | New Creation TV Fran\u00e7ais","og_description":"Pourquoi J\u00e9sus, le Fils de Dieu, a-t-Il choisi de donner Sa vie pour vous et moi ? D\u00e9couvrez la bonne nouvelle de la croix et le Sauveur aimant qui a tout fait pour nous !","og_url":"https:\/\/www.newcreationtv.org\/fr\/connaitre-jesus\/","og_site_name":"New Creation TV Fran\u00e7ais","article_modified_time":"2026-02-26T00:51:29+00:00","og_image":[{"width":1920,"height":337,"url":"https:\/\/www.newcreationtv.org\/fr\/wp-content\/uploads\/sites\/24\/2025\/04\/Know-Jesus-1920-x-337-px.jpg","type":"image\/jpeg"}],"twitter_card":"summary_large_image","twitter_misc":{"Est. reading time":"3 minutes"},"schema":{"@context":"https:\/\/schema.org","@graph":[{"@type":"WebPage","@id":"https:\/\/www.newcreationtv.org\/fr\/connaitre-jesus\/","url":"https:\/\/www.newcreationtv.org\/fr\/connaitre-jesus\/","name":"Conna\u00eetre J\u00e9sus | New Creation TV Fran\u00e7ais","isPartOf":{"@id":"https:\/\/www.newcreationtv.org\/fr\/#website"},"primaryImageOfPage":{"@id":"https:\/\/www.newcreationtv.org\/fr\/connaitre-jesus\/#primaryimage"},"image":{"@id":"https:\/\/www.newcreationtv.org\/fr\/connaitre-jesus\/#primaryimage"},"thumbnailUrl":"https:\/\/www.newcreationtv.org\/fr\/wp-content\/uploads\/sites\/24\/2025\/04\/Know-Jesus-1920-x-337-px.jpg","datePublished":"2024-12-13T02:17:26+00:00","dateModified":"2026-02-26T00:51:29+00:00","description":"Pourquoi J\u00e9sus, le Fils de Dieu, a-t-Il choisi de donner Sa vie pour vous et moi ? D\u00e9couvrez la bonne nouvelle de la croix et le Sauveur aimant qui a tout fait pour nous !","breadcrumb":{"@id":"https:\/\/www.newcreationtv.org\/fr\/connaitre-jesus\/#breadcrumb"},"inLanguage":"en-US","potentialAction":[{"@type":"ReadAction","target":["https:\/\/www.newcreationtv.org\/fr\/connaitre-jesus\/"]}]},{"@type":"ImageObject","inLanguage":"en-US","@id":"https:\/\/www.newcreationtv.org\/fr\/connaitre-jesus\/#primaryimage","url":"https:\/\/www.newcreationtv.org\/fr\/wp-content\/uploads\/sites\/24\/2025\/04\/Know-Jesus-1920-x-337-px.jpg","contentUrl":"https:\/\/www.newcreationtv.org\/fr\/wp-content\/uploads\/sites\/24\/2025\/04\/Know-Jesus-1920-x-337-px.jpg","width":1920,"height":337},{"@type":"BreadcrumbList","@id":"https:\/\/www.newcreationtv.org\/fr\/connaitre-jesus\/#breadcrumb","itemListElement":[{"@type":"ListItem","position":1,"name":"Home","item":"https:\/\/www.newcreationtv.org\/fr\/"},{"@type":"ListItem","position":2,"name":"Conna\u00eetre J\u00e9sus"}]},{"@type":"WebSite","@id":"https:\/\/www.newcreationtv.org\/fr\/#website","url":"https:\/\/www.newcreationtv.org\/fr\/","name":"New Creation TV Fran\u00e7ais","description":"","potentialAction":[{"@type":"SearchAction","target":{"@type":"EntryPoint","urlTemplate":"https:\/\/www.newcreationtv.org\/fr\/?s={search_term_string}"},"query-input":{"@type":"PropertyValueSpecification","valueRequired":true,"valueName":"search_term_string"}}],"inLanguage":"en-US"}]}},"_links":{"self":[{"href":"https:\/\/www.newcreationtv.org\/fr\/wp-json\/wp\/v2\/pages\/5828","targetHints":{"allow":["GET"]}}],"collection":[{"href":"https:\/\/www.newcreationtv.org\/fr\/wp-json\/wp\/v2\/pages"}],"about":[{"href":"https:\/\/www.newcreationtv.org\/fr\/wp-json\/wp\/v2\/types\/page"}],"author":[{"embeddable":true,"href":"https:\/\/www.newcreationtv.org\/fr\/wp-json\/wp\/v2\/users\/2"}],"replies":[{"embeddable":true,"href":"https:\/\/www.newcreationtv.org\/fr\/wp-json\/wp\/v2\/comments?post=5828"}],"version-history":[{"count":192,"href":"https:\/\/www.newcreationtv.org\/fr\/wp-json\/wp\/v2\/pages\/5828\/revisions"}],"predecessor-version":[{"id":13391,"href":"https:\/\/www.newcreationtv.org\/fr\/wp-json\/wp\/v2\/pages\/5828\/revisions\/13391"}],"wp:attachment":[{"href":"https:\/\/www.newcreationtv.org\/fr\/wp-json\/wp\/v2\/media?parent=5828"}],"curies":[{"name":"wp","href":"https:\/\/api.w.org\/{rel}","templated":true}]}}