{"id":5828,"date":"2024-12-13T02:17:26","date_gmt":"2024-12-13T02:17:26","guid":{"rendered":"https:\/\/www.newcreationtv.org\/de-backup\/?page_id=5828"},"modified":"2026-03-16T15:16:17","modified_gmt":"2026-03-16T07:16:17","slug":"jesus-kennenlernen","status":"publish","type":"page","link":"https:\/\/www.newcreationtv.org\/de\/jesus-kennenlernen\/","title":{"rendered":"Jesus kennenlernen"},"content":{"rendered":"\t\t<div data-elementor-type=\"wp-page\" data-elementor-id=\"5828\" class=\"elementor elementor-5828\" data-elementor-post-type=\"page\">\n\t\t\t\t<div class=\"elementor-element elementor-element-3fcdeb3 e-con-full bn-inner-full e-flex e-con e-parent\" data-id=\"3fcdeb3\" data-element_type=\"container\" data-e-type=\"container\">\n\t\t\t\t<div class=\"elementor-element elementor-element-dfc5a47 imgdesk elementor-hidden-mobile elementor-hidden-tablet elementor-widget elementor-widget-image\" data-id=\"dfc5a47\" data-element_type=\"widget\" data-e-type=\"widget\" data-widget_type=\"image.default\">\n\t\t\t\t<div class=\"elementor-widget-container\">\n\t\t\t\t\t\t\t\t\t\t\t\t\t\t\t<img loading=\"lazy\" decoding=\"async\" width=\"1920\" height=\"337\" src=\"https:\/\/www.newcreationtv.org\/de\/wp-content\/uploads\/sites\/27\/2025\/04\/Know-Jesus-1920-x-337-px.jpg\" class=\"attachment-full size-full wp-image-10129\" alt=\"\" srcset=\"https:\/\/www.newcreationtv.org\/de\/wp-content\/uploads\/sites\/27\/2025\/04\/Know-Jesus-1920-x-337-px.jpg 1920w, https:\/\/www.newcreationtv.org\/de\/wp-content\/uploads\/sites\/27\/2025\/04\/Know-Jesus-1920-x-337-px-300x53.jpg 300w, https:\/\/www.newcreationtv.org\/de\/wp-content\/uploads\/sites\/27\/2025\/04\/Know-Jesus-1920-x-337-px-1024x180.jpg 1024w, https:\/\/www.newcreationtv.org\/de\/wp-content\/uploads\/sites\/27\/2025\/04\/Know-Jesus-1920-x-337-px-768x135.jpg 768w, https:\/\/www.newcreationtv.org\/de\/wp-content\/uploads\/sites\/27\/2025\/04\/Know-Jesus-1920-x-337-px-1536x270.jpg 1536w\" sizes=\"auto, (max-width: 1920px) 100vw, 1920px\" \/>\t\t\t\t\t\t\t\t\t\t\t\t\t\t\t<\/div>\n\t\t\t\t<\/div>\n\t\t\t\t<div class=\"elementor-element elementor-element-96bcb54 imgmb elementor-hidden-desktop elementor-widget elementor-widget-image\" data-id=\"96bcb54\" data-element_type=\"widget\" data-e-type=\"widget\" data-widget_type=\"image.default\">\n\t\t\t\t<div class=\"elementor-widget-container\">\n\t\t\t\t\t\t\t\t\t\t\t\t\t\t\t<img loading=\"lazy\" decoding=\"async\" width=\"390\" height=\"220\" src=\"https:\/\/www.newcreationtv.org\/de\/wp-content\/uploads\/sites\/27\/2025\/04\/Know-Jesus-Mobile-390-x-220-px.jpg\" class=\"attachment-full size-full wp-image-10130\" alt=\"\" srcset=\"https:\/\/www.newcreationtv.org\/de\/wp-content\/uploads\/sites\/27\/2025\/04\/Know-Jesus-Mobile-390-x-220-px.jpg 390w, https:\/\/www.newcreationtv.org\/de\/wp-content\/uploads\/sites\/27\/2025\/04\/Know-Jesus-Mobile-390-x-220-px-300x169.jpg 300w\" sizes=\"auto, (max-width: 390px) 100vw, 390px\" \/>\t\t\t\t\t\t\t\t\t\t\t\t\t\t\t<\/div>\n\t\t\t\t<\/div>\n\t\t\t\t<\/div>\n\t\t<div class=\"elementor-element elementor-element-953d427 container main-inner wmain-2 e-flex e-con-boxed e-con e-parent\" data-id=\"953d427\" data-element_type=\"container\" data-e-type=\"container\">\n\t\t\t\t\t<div class=\"e-con-inner\">\n\t\t\t\t<div class=\"elementor-element elementor-element-b6ed304 title-2 campaign elementor-widget elementor-widget-heading\" data-id=\"b6ed304\" data-element_type=\"widget\" data-e-type=\"widget\" data-widget_type=\"heading.default\">\n\t\t\t\t<div class=\"elementor-widget-container\">\n\t\t\t\t\t<h1 class=\"elementor-heading-title elementor-size-default\">Jesus kennenlernen<\/h1>\t\t\t\t<\/div>\n\t\t\t\t<\/div>\n\t\t<div class=\"elementor-element elementor-element-48727d3 e-con-full document e-flex e-con e-child\" data-id=\"48727d3\" data-element_type=\"container\" data-e-type=\"container\">\n\t\t\t\t<div class=\"elementor-element elementor-element-e7793d8 elementor-widget elementor-widget-text-editor\" data-id=\"e7793d8\" data-element_type=\"widget\" data-e-type=\"widget\" data-widget_type=\"text-editor.default\">\n\t\t\t\t<div class=\"elementor-widget-container\">\n\t\t\t\t\t\t\t\t\t<p>Warum gab Jesus, Gottes eigener Sohn, sein Leben f\u00fcr dich und mich?<\/p>\n<p>Lerne die gute Nachricht vom Kreuz und den liebenden Retter kennen, der alles f\u00fcr uns getan hat!<\/p>\t\t\t\t\t\t\t\t<\/div>\n\t\t\t\t<\/div>\n\t\t\t\t<div class=\"elementor-element elementor-element-12d981b title-2 campaign elementor-widget elementor-widget-heading\" data-id=\"12d981b\" data-element_type=\"widget\" data-e-type=\"widget\" data-widget_type=\"heading.default\">\n\t\t\t\t<div class=\"elementor-widget-container\">\n\t\t\t\t\t<h3 class=\"elementor-heading-title elementor-size-default\">Eine Liebe wie keine andere<\/h3>\t\t\t\t<\/div>\n\t\t\t\t<\/div>\n\t\t\t\t<div class=\"elementor-element elementor-element-7e9351c elementor-widget elementor-widget-text-editor\" data-id=\"7e9351c\" data-element_type=\"widget\" data-e-type=\"widget\" data-widget_type=\"text-editor.default\">\n\t\t\t\t<div class=\"elementor-widget-container\">\n\t\t\t\t\t\t\t\t\t<p>Durch die S\u00fcnde des Menschen war es uns unm\u00f6glich, jemals zu Gott zu kommen.<\/p>\n<p>Die Folge unserer S\u00fcnde war nicht nur eine lebenslange Trennung von Gott \u2013 sondern auch Scham, Krankheit und schlie\u00dflich ewiger Tod.<\/p>\n<p><strong>Durch die Liebe hat sich alles ge\u00e4ndert.<\/strong><\/p>\n<p>In seiner tiefen, weiten, unermesslichen Liebe zu uns bahnte Gott einen Weg. Er gab seinen eigenen Sohn Jesus, der an unserer Stelle am Kreuz den Tod erlitt \u2013 damit wir f\u00fcr immer Gesundheit, Freiheit und Leben mit ihm haben k\u00f6nnen!\n<\/p>\t\t\t\t\t\t\t\t<\/div>\n\t\t\t\t<\/div>\n\t\t\t\t<div class=\"elementor-element elementor-element-d506395 title-2 campaign elementor-widget elementor-widget-heading\" data-id=\"d506395\" data-element_type=\"widget\" data-e-type=\"widget\" data-widget_type=\"heading.default\">\n\t\t\t\t<div class=\"elementor-widget-container\">\n\t\t\t\t\t<h3 class=\"elementor-heading-title elementor-size-default\">Was am Kreuz geschah<\/h3>\t\t\t\t<\/div>\n\t\t\t\t<\/div>\n\t\t\t\t<div class=\"elementor-element elementor-element-a926aa2 elementor-widget elementor-widget-text-editor\" data-id=\"a926aa2\" data-element_type=\"widget\" data-e-type=\"widget\" data-widget_type=\"text-editor.default\">\n\t\t\t\t<div class=\"elementor-widget-container\">\n\t\t\t\t\t\t\t\t\t<p>Am Kreuz fand ein wunderbarer Austausch statt. Dort nahm Jesus die Krankheit, das Gericht und den Tod auf sich, die du und ich wegen unserer S\u00fcnde verdient gehabt h\u00e4tten.<\/p>\n<p>Und indem er dies tat, erm\u00f6glichte er uns, alles Gute zu empfangen, das wir nicht verdienen! Gesundheit und St\u00e4rke, Freude und Frieden, Gelingen in Familie und Beruf.<\/p>\n<p>Das ist die Liebe unseres Retters, und deshalb ist das Kreuz wirklich eine gute Nachricht f\u00fcr dich und mich!<\/p>\t\t\t\t\t\t\t\t<\/div>\n\t\t\t\t<\/div>\n\t\t\t\t<div class=\"elementor-element elementor-element-24bb98d title-2 campaign elementor-widget elementor-widget-heading\" data-id=\"24bb98d\" data-element_type=\"widget\" data-e-type=\"widget\" data-widget_type=\"heading.default\">\n\t\t\t\t<div class=\"elementor-widget-container\">\n\t\t\t\t\t<h3 class=\"elementor-heading-title elementor-size-default\">Empfange alles, was Jesus f\u00fcr dich getan hat<\/h3>\t\t\t\t<\/div>\n\t\t\t\t<\/div>\n\t\t\t\t<div class=\"elementor-element elementor-element-cb3239f elementor-widget elementor-widget-text-editor\" data-id=\"cb3239f\" data-element_type=\"widget\" data-e-type=\"widget\" data-widget_type=\"text-editor.default\">\n\t\t\t\t<div class=\"elementor-widget-container\">\n\t\t\t\t\t\t\t\t\t<p>Jesus hat bereits alles vollbracht, damit du heute in Gottes N\u00e4he leben und seine Liebe und Segnungen genie\u00dfen kannst.<\/p>\n<p>Doch sein vollendetes Werk wird in deinem Leben nur dann Realit\u00e4t, wenn du die pers\u00f6nliche Entscheidung triffst, ihn anzunehmen.<\/p>\n<p>Wenn du Jesus und alles, was er f\u00fcr dich getan hat, annehmen m\u00f6chtest, bete dieses Gebet und glaube es von Herzen:\n<\/p>\t\t\t\t\t\t\t\t<\/div>\n\t\t\t\t<\/div>\n\t\t\t\t<div class=\"elementor-element elementor-element-712ffdb bquote-2 elementor-widget__width-initial elementor-widget elementor-widget-custom_quote\" data-id=\"712ffdb\" data-element_type=\"widget\" data-e-type=\"widget\" data-widget_type=\"custom_quote.default\">\n\t\t\t\t<div class=\"elementor-widget-container\">\n\t\t\t\t\t\n\t\t<blockquote>\n\t\t\tJesus, danke, dass du mich liebst und f\u00fcr mich am Kreuz gestorben bist. Dein Blut w\u00e4scht mich rein von jeder S\u00fcnde. Du bist mein Retter. Durch dein vollendetes Werk darf ich f\u00fcr immer in deiner Freiheit, Freude und Gesundheit leben. Amen!\t\t<\/blockquote>\n\t\t<cite><\/cite>\n\n\t\t\t\t\t\t<\/div>\n\t\t\t\t<\/div>\n\t\t\t\t<div class=\"elementor-element elementor-element-1b41bc1 elementor-widget elementor-widget-text-editor\" data-id=\"1b41bc1\" data-element_type=\"widget\" data-e-type=\"widget\" data-widget_type=\"text-editor.default\">\n\t\t\t\t<div class=\"elementor-widget-container\">\n\t\t\t\t\t\t\t\t\t<p>Um mehr dar\u00fcber zu erfahren, was Jesus am Kreuz f\u00fcr dich getan hat, kann dir dieser Clip von Joseph Prince helfen, es besser zu verstehen!<\/p>\t\t\t\t\t\t\t\t<\/div>\n\t\t\t\t<\/div>\n\t\t\t\t<div class=\"elementor-element elementor-element-c553ccf no-flex elementor-widget elementor-widget-html\" data-id=\"c553ccf\" data-element_type=\"widget\" data-e-type=\"widget\" data-widget_type=\"html.default\">\n\t\t\t\t<div class=\"elementor-widget-container\">\n\t\t\t\t\t<div style=\"position: relative; padding-top: 56.25%;\"><iframe src=\"https:\/\/players.sardius.media\/30cAA96F6F88B29\/dvr\/asset\/B1DCDED250031C7a2B7737B33E39\" scrolling=\"no\" style=\"border: none; position: absolute; top: 0; left: 0; height: 100%; width: 100%;\" allow=\"accelerometer; gyroscope; autoplay; encrypted-media; picture-in-picture;\" allowfullscreen=\"true\"><\/iframe><\/div>\t\t\t\t<\/div>\n\t\t\t\t<\/div>\n\t\t<div class=\"elementor-element elementor-element-7c68475 e-con-full e-flex e-con e-child\" data-id=\"7c68475\" data-element_type=\"container\" data-e-type=\"container\">\n\t\t\t\t<\/div>\n\t\t\t\t<div class=\"elementor-element elementor-element-6e25b5f box-1 campaign elementor-widget elementor-widget-text-editor\" data-id=\"6e25b5f\" data-element_type=\"widget\" data-e-type=\"widget\" data-widget_type=\"text-editor.default\">\n\t\t\t\t<div class=\"elementor-widget-container\">\n\t\t\t\t\t\t\t\t\t<h4>Wir freuen uns so, dass du Ja gesagt hast!<\/h4><p>Wenn du das Gebet zur Errettung gesprochen hast, bist du jetzt ein Kind Gottes und der Himmel ist dein Zuhause!<br \/>Wir m\u00f6chten dir helfen, mit diesem aufregenden neuen Leben mit Jesus zu beginnen.\u00a0<\/p>\t\t\t\t\t\t\t\t<\/div>\n\t\t\t\t<\/div>\n\t\t\t\t<div class=\"elementor-element elementor-element-689340f elementor-align-center elementor-widget elementor-widget-button\" data-id=\"689340f\" data-element_type=\"widget\" data-e-type=\"widget\" data-widget_type=\"button.default\">\n\t\t\t\t<div class=\"elementor-widget-container\">\n\t\t\t\t\t\t\t\t\t<div class=\"elementor-button-wrapper\">\n\t\t\t\t\t<a class=\"elementor-button elementor-button-link elementor-size-sm\" href=\"https:\/\/www.newcreationtv.org\/de\/gerade-ja-zu-jesus-gesagt\/\">\n\t\t\t\t\t\t<span class=\"elementor-button-content-wrapper\">\n\t\t\t\t\t\t\t\t\t<span class=\"elementor-button-text\">Vernetze dich hier mit uns!    &gt;<\/span>\n\t\t\t\t\t<\/span>\n\t\t\t\t\t<\/a>\n\t\t\t\t<\/div>\n\t\t\t\t\t\t\t\t<\/div>\n\t\t\t\t<\/div>\n\t\t\t\t<\/div>\n\t\t\t\t\t<\/div>\n\t\t\t\t<\/div>\n\t\t\t\t<\/div>\n\t\t","protected":false},"excerpt":{"rendered":"<p>Jesus kennenlernen Warum gab Jesus, Gottes eigener Sohn, sein Leben f\u00fcr dich und mich? Lerne die gute Nachricht vom Kreuz und den liebenden Retter kennen, der alles f\u00fcr uns getan hat! Eine Liebe wie keine andere Durch die S\u00fcnde des Menschen war es uns unm\u00f6glich, jemals zu Gott zu kommen. Die Folge unserer S\u00fcnde war [&hellip;]<\/p>\n","protected":false},"author":2,"featured_media":0,"parent":0,"menu_order":0,"comment_status":"closed","ping_status":"closed","template":"","meta":{"footnotes":"","_links_to":"","_links_to_target":""},"class_list":["post-5828","page","type-page","status-publish","hentry"],"yoast_head":"<!-- This site is optimized with the Yoast SEO plugin v25.5 - https:\/\/yoast.com\/wordpress\/plugins\/seo\/ -->\n<title>Jesus kennenlernen | New Creation TV Deutsch<\/title>\n<meta name=\"description\" content=\"Warum gab Jesus, Gottes eigener Sohn, sein Leben f\u00fcr dich und mich?Lerne die gute Nachricht vom Kreuz und den liebenden Retter kennen, der alles f\u00fcr uns getan hat!\" \/>\n<meta name=\"robots\" content=\"index, follow, max-snippet:-1, max-image-preview:large, max-video-preview:-1\" \/>\n<link rel=\"canonical\" href=\"https:\/\/www.newcreationtv.org\/de\/jesus-kennenlernen\/\" \/>\n<meta property=\"og:locale\" content=\"en_US\" \/>\n<meta property=\"og:type\" content=\"article\" \/>\n<meta property=\"og:title\" content=\"Jesus kennenlernen | New Creation TV Deutsch\" \/>\n<meta property=\"og:description\" content=\"Warum gab Jesus, Gottes eigener Sohn, sein Leben f\u00fcr dich und mich?Lerne die gute Nachricht vom Kreuz und den liebenden Retter kennen, der alles f\u00fcr uns getan hat!\" \/>\n<meta property=\"og:url\" content=\"https:\/\/www.newcreationtv.org\/de\/jesus-kennenlernen\/\" \/>\n<meta property=\"og:site_name\" content=\"New Creation TV Deutsch\" \/>\n<meta property=\"article:modified_time\" content=\"2026-03-16T07:16:17+00:00\" \/>\n<meta property=\"og:image\" content=\"https:\/\/www.newcreationtv.org\/de-backup\/wp-content\/uploads\/sites\/27\/2025\/04\/Know-Jesus-1920-x-337-px.jpg\" \/>\n<meta name=\"twitter:card\" content=\"summary_large_image\" \/>\n<meta name=\"twitter:label1\" content=\"Est. reading time\" \/>\n\t<meta name=\"twitter:data1\" content=\"2 minutes\" \/>\n<script type=\"application\/ld+json\" class=\"yoast-schema-graph\">{\"@context\":\"https:\/\/schema.org\",\"@graph\":[{\"@type\":\"WebPage\",\"@id\":\"https:\/\/www.newcreationtv.org\/de\/jesus-kennenlernen\/\",\"url\":\"https:\/\/www.newcreationtv.org\/de\/jesus-kennenlernen\/\",\"name\":\"Jesus kennenlernen | New Creation TV Deutsch\",\"isPartOf\":{\"@id\":\"https:\/\/www.newcreationtv.org\/de\/#website\"},\"primaryImageOfPage\":{\"@id\":\"https:\/\/www.newcreationtv.org\/de\/jesus-kennenlernen\/#primaryimage\"},\"image\":{\"@id\":\"https:\/\/www.newcreationtv.org\/de\/jesus-kennenlernen\/#primaryimage\"},\"thumbnailUrl\":\"https:\/\/www.newcreationtv.org\/de-backup\/wp-content\/uploads\/sites\/27\/2025\/04\/Know-Jesus-1920-x-337-px.jpg\",\"datePublished\":\"2024-12-13T02:17:26+00:00\",\"dateModified\":\"2026-03-16T07:16:17+00:00\",\"description\":\"Warum gab Jesus, Gottes eigener Sohn, sein Leben f\u00fcr dich und mich?Lerne die gute Nachricht vom Kreuz und den liebenden Retter kennen, der alles f\u00fcr uns getan hat!\",\"breadcrumb\":{\"@id\":\"https:\/\/www.newcreationtv.org\/de\/jesus-kennenlernen\/#breadcrumb\"},\"inLanguage\":\"en-US\",\"potentialAction\":[{\"@type\":\"ReadAction\",\"target\":[\"https:\/\/www.newcreationtv.org\/de\/jesus-kennenlernen\/\"]}]},{\"@type\":\"ImageObject\",\"inLanguage\":\"en-US\",\"@id\":\"https:\/\/www.newcreationtv.org\/de\/jesus-kennenlernen\/#primaryimage\",\"url\":\"https:\/\/www.newcreationtv.org\/de\/wp-content\/uploads\/sites\/27\/2025\/04\/Know-Jesus-1920-x-337-px.jpg\",\"contentUrl\":\"https:\/\/www.newcreationtv.org\/de\/wp-content\/uploads\/sites\/27\/2025\/04\/Know-Jesus-1920-x-337-px.jpg\",\"width\":1920,\"height\":337},{\"@type\":\"BreadcrumbList\",\"@id\":\"https:\/\/www.newcreationtv.org\/de\/jesus-kennenlernen\/#breadcrumb\",\"itemListElement\":[{\"@type\":\"ListItem\",\"position\":1,\"name\":\"Home\",\"item\":\"https:\/\/www.newcreationtv.org\/de\/\"},{\"@type\":\"ListItem\",\"position\":2,\"name\":\"Jesus kennenlernen\"}]},{\"@type\":\"WebSite\",\"@id\":\"https:\/\/www.newcreationtv.org\/de\/#website\",\"url\":\"https:\/\/www.newcreationtv.org\/de\/\",\"name\":\"New Creation TV Deutsch\",\"description\":\"\",\"potentialAction\":[{\"@type\":\"SearchAction\",\"target\":{\"@type\":\"EntryPoint\",\"urlTemplate\":\"https:\/\/www.newcreationtv.org\/de\/?s={search_term_string}\"},\"query-input\":{\"@type\":\"PropertyValueSpecification\",\"valueRequired\":true,\"valueName\":\"search_term_string\"}}],\"inLanguage\":\"en-US\"}]}<\/script>\n<!-- \/ Yoast SEO plugin. -->","yoast_head_json":{"title":"Jesus kennenlernen | New Creation TV Deutsch","description":"Warum gab Jesus, Gottes eigener Sohn, sein Leben f\u00fcr dich und mich?Lerne die gute Nachricht vom Kreuz und den liebenden Retter kennen, der alles f\u00fcr uns getan hat!","robots":{"index":"index","follow":"follow","max-snippet":"max-snippet:-1","max-image-preview":"max-image-preview:large","max-video-preview":"max-video-preview:-1"},"canonical":"https:\/\/www.newcreationtv.org\/de\/jesus-kennenlernen\/","og_locale":"en_US","og_type":"article","og_title":"Jesus kennenlernen | New Creation TV Deutsch","og_description":"Warum gab Jesus, Gottes eigener Sohn, sein Leben f\u00fcr dich und mich?Lerne die gute Nachricht vom Kreuz und den liebenden Retter kennen, der alles f\u00fcr uns getan hat!","og_url":"https:\/\/www.newcreationtv.org\/de\/jesus-kennenlernen\/","og_site_name":"New Creation TV Deutsch","article_modified_time":"2026-03-16T07:16:17+00:00","og_image":[{"url":"https:\/\/www.newcreationtv.org\/de-backup\/wp-content\/uploads\/sites\/27\/2025\/04\/Know-Jesus-1920-x-337-px.jpg","type":"","width":"","height":""}],"twitter_card":"summary_large_image","twitter_misc":{"Est. reading time":"2 minutes"},"schema":{"@context":"https:\/\/schema.org","@graph":[{"@type":"WebPage","@id":"https:\/\/www.newcreationtv.org\/de\/jesus-kennenlernen\/","url":"https:\/\/www.newcreationtv.org\/de\/jesus-kennenlernen\/","name":"Jesus kennenlernen | New Creation TV Deutsch","isPartOf":{"@id":"https:\/\/www.newcreationtv.org\/de\/#website"},"primaryImageOfPage":{"@id":"https:\/\/www.newcreationtv.org\/de\/jesus-kennenlernen\/#primaryimage"},"image":{"@id":"https:\/\/www.newcreationtv.org\/de\/jesus-kennenlernen\/#primaryimage"},"thumbnailUrl":"https:\/\/www.newcreationtv.org\/de-backup\/wp-content\/uploads\/sites\/27\/2025\/04\/Know-Jesus-1920-x-337-px.jpg","datePublished":"2024-12-13T02:17:26+00:00","dateModified":"2026-03-16T07:16:17+00:00","description":"Warum gab Jesus, Gottes eigener Sohn, sein Leben f\u00fcr dich und mich?Lerne die gute Nachricht vom Kreuz und den liebenden Retter kennen, der alles f\u00fcr uns getan hat!","breadcrumb":{"@id":"https:\/\/www.newcreationtv.org\/de\/jesus-kennenlernen\/#breadcrumb"},"inLanguage":"en-US","potentialAction":[{"@type":"ReadAction","target":["https:\/\/www.newcreationtv.org\/de\/jesus-kennenlernen\/"]}]},{"@type":"ImageObject","inLanguage":"en-US","@id":"https:\/\/www.newcreationtv.org\/de\/jesus-kennenlernen\/#primaryimage","url":"https:\/\/www.newcreationtv.org\/de\/wp-content\/uploads\/sites\/27\/2025\/04\/Know-Jesus-1920-x-337-px.jpg","contentUrl":"https:\/\/www.newcreationtv.org\/de\/wp-content\/uploads\/sites\/27\/2025\/04\/Know-Jesus-1920-x-337-px.jpg","width":1920,"height":337},{"@type":"BreadcrumbList","@id":"https:\/\/www.newcreationtv.org\/de\/jesus-kennenlernen\/#breadcrumb","itemListElement":[{"@type":"ListItem","position":1,"name":"Home","item":"https:\/\/www.newcreationtv.org\/de\/"},{"@type":"ListItem","position":2,"name":"Jesus kennenlernen"}]},{"@type":"WebSite","@id":"https:\/\/www.newcreationtv.org\/de\/#website","url":"https:\/\/www.newcreationtv.org\/de\/","name":"New Creation TV Deutsch","description":"","potentialAction":[{"@type":"SearchAction","target":{"@type":"EntryPoint","urlTemplate":"https:\/\/www.newcreationtv.org\/de\/?s={search_term_string}"},"query-input":{"@type":"PropertyValueSpecification","valueRequired":true,"valueName":"search_term_string"}}],"inLanguage":"en-US"}]}},"_links":{"self":[{"href":"https:\/\/www.newcreationtv.org\/de\/wp-json\/wp\/v2\/pages\/5828","targetHints":{"allow":["GET"]}}],"collection":[{"href":"https:\/\/www.newcreationtv.org\/de\/wp-json\/wp\/v2\/pages"}],"about":[{"href":"https:\/\/www.newcreationtv.org\/de\/wp-json\/wp\/v2\/types\/page"}],"author":[{"embeddable":true,"href":"https:\/\/www.newcreationtv.org\/de\/wp-json\/wp\/v2\/users\/2"}],"replies":[{"embeddable":true,"href":"https:\/\/www.newcreationtv.org\/de\/wp-json\/wp\/v2\/comments?post=5828"}],"version-history":[{"count":176,"href":"https:\/\/www.newcreationtv.org\/de\/wp-json\/wp\/v2\/pages\/5828\/revisions"}],"predecessor-version":[{"id":26925,"href":"https:\/\/www.newcreationtv.org\/de\/wp-json\/wp\/v2\/pages\/5828\/revisions\/26925"}],"wp:attachment":[{"href":"https:\/\/www.newcreationtv.org\/de\/wp-json\/wp\/v2\/media?parent=5828"}],"curies":[{"name":"wp","href":"https:\/\/api.w.org\/{rel}","templated":true}]}}