{"id":5437,"date":"2024-12-13T03:09:50","date_gmt":"2024-12-13T03:09:50","guid":{"rendered":"https:\/\/www.newcreationtv.org\/de-backup\/?page_id=5437"},"modified":"2026-03-16T16:46:35","modified_gmt":"2026-03-16T08:46:35","slug":"rechtlicher-hinweis","status":"publish","type":"page","link":"https:\/\/www.newcreationtv.org\/de\/rechtlicher-hinweis\/","title":{"rendered":"Rechtlicher Hinweis"},"content":{"rendered":"\t\t<div data-elementor-type=\"wp-page\" data-elementor-id=\"5437\" class=\"elementor elementor-5437\" data-elementor-post-type=\"page\">\n\t\t\t\t<div class=\"elementor-element elementor-element-9b468ee e-flex e-con-boxed e-con e-parent\" data-id=\"9b468ee\" data-element_type=\"container\" data-e-type=\"container\">\n\t\t\t\t\t<div class=\"e-con-inner\">\n\t\t\t\t<div class=\"elementor-element elementor-element-55f2846 elementor-widget elementor-widget-text-editor\" data-id=\"55f2846\" data-element_type=\"widget\" data-e-type=\"widget\" data-widget_type=\"text-editor.default\">\n\t\t\t\t<div class=\"elementor-widget-container\">\n\t\t\t\t\t\t\t\t\t<div class=\"page-header text-center\">\n<h2 class=\"text-theme-primary\"><strong>Rechtlicher Hinweis<\/strong><\/h2>\n<\/div>\n<p><br><\/p><p>\u00dcber New Creation TV \u00fcbertr\u00e4gt die New Creation Church Predigten aus unseren Gottesdiensten in Millionen von Haushalte weltweit.<\/p>\n<p>Die New Creation Church ist eine unabh\u00e4ngige, \u00fcberkonfessionelle Christengemeinde und Mitglied des National Council of Churches of Singapore. Die New Creation Church ist ein gemeinn\u00fctziger Verein, eingetragen in Singapur.<\/p>\n<p>Gesch\u00e4ftsf\u00fchrer: Gideon Lim<br>Inhaltlich verantwortlich: Dorothy Ng<br>Gemeinderegistrierung in Singapur, Unique Entity Number (UEN): S84SS0112C<\/p>\n<p>Webhosting:<br>Die Website von New Creation TV wird gehostet von:<br>Amazon Web Services Singapore Private Limited<br>23 Church Street, Capital Square<br>Unit 10-01 bis 10-04<br>049481 Singapur<\/p>\n<p>F\u00fcr weitere Informationen oder Fragen zu New Creation TV kontaktiere uns bitte per E-Mail (Deutsch oder Englisch) oder telefonisch (nur Englisch):<\/p>\n<ul>\n<li><strong>Email<\/strong>: <a href=\"https:\/\/www.newcreationtv.org\/de\/eine-anfrage-stellen\/\" target=\"_blank\" rel=\"noopener\">https:\/\/www.newcreationtv.org\/de\/eine-anfrage-stellen\/<\/a><\/li>\n<li><strong>Tel<\/strong>: (+65) 6338 4565<\/li>\n<\/ul>\n<p>Postanschrift:<br>New Creation TV<br>New Creation Church<br>51 Cuppage Road, #09-01<br>229469 Singapur<\/p>\n<p>B\u00fcrozeiten: Montag\u2013Freitag, 9:00\u201318:00 Uhr (Singapur-Zeitzone)<\/p>\n<h5><strong>Urheberrecht<\/strong><\/h5>\n<p>Jede Vervielf\u00e4ltigung ist ohne Genehmigung untersagt.<\/p>\n<p>Alle Texte, Fotos, Videos, Logos und andere Elemente auf dieser Website sind urheber- und markenrechtlich nach den Regeln Singapurs und dem internationalen Recht gesch\u00fctzt.<\/p>\n<h5><strong>Deep Links<\/strong><\/h5>\n<p>Links zu Seiten auf der Website NewCreationTV.org sind erlaubt. Deep Links oder Framing sind jedoch ohne Genehmigung von New Creation TV nicht gestattet.<\/p>\n<h5><strong>Nicht-Affiliations-Erkl\u00e4rung<\/strong><\/h5>\n<p>Abgesehen von denjenigen, die ausdr\u00fccklich auf unserer Website oder in unserer offiziellen Kommunikation genannt werden, sind wir mit keiner Kirche oder Gemeinde, keinem Dienst oder Prediger, keiner Organisation, Bewegung oder digitalen Plattform verbunden \u2013 weder im In- noch im Ausland. Jede Person, Gemeinde, Organisation oder Gruppe, die behauptet, mit uns (und\/oder Joseph Prince) verbunden zu sein, tut dies ohne unser Wissen oder unsere Erlaubnis und repr\u00e4sentiert uns nicht.<\/p>\n<p>Falls dir eine Person, Gemeinde, Organisation oder Gruppe bekannt ist, die eine Verbindung oder Unterst\u00fctzung durch uns (und\/oder Joseph Prince) beansprucht und\/oder eine solche Behauptung nutzt, um Spenden zu sammeln oder ihre Veranstaltungen zu bewerben, informiere uns bitte umgehend \u00fcber <a href=\"https:\/\/www.newcreationtv.org\/de\/eine-anfrage-stellen\/\" target=\"_blank\" rel=\"noopener\">https:\/\/www.newcreationtv.org\/de\/eine-anfrage-stellen\/<\/a>.<\/p>\t\t\t\t\t\t\t\t<\/div>\n\t\t\t\t<\/div>\n\t\t\t\t\t<\/div>\n\t\t\t\t<\/div>\n\t\t\t\t<\/div>\n\t\t","protected":false},"excerpt":{"rendered":"<p>Rechtlicher Hinweis \u00dcber New Creation TV \u00fcbertr\u00e4gt die New Creation Church Predigten aus unseren Gottesdiensten in Millionen von Haushalte weltweit. Die New Creation Church ist eine unabh\u00e4ngige, \u00fcberkonfessionelle Christengemeinde und Mitglied des National Council of Churches of Singapore. Die New Creation Church ist ein gemeinn\u00fctziger Verein, eingetragen in Singapur. Gesch\u00e4ftsf\u00fchrer: Gideon LimInhaltlich verantwortlich: Dorothy NgGemeinderegistrierung [&hellip;]<\/p>\n","protected":false},"author":2,"featured_media":0,"parent":0,"menu_order":0,"comment_status":"closed","ping_status":"closed","template":"","meta":{"footnotes":"","_links_to":"","_links_to_target":""},"class_list":["post-5437","page","type-page","status-publish","hentry"],"yoast_head":"<!-- This site is optimized with the Yoast SEO plugin v25.5 - https:\/\/yoast.com\/wordpress\/plugins\/seo\/ -->\n<title>Rechtlicher Hinweis | New Creation TV Deutsch<\/title>\n<meta name=\"description\" content=\"Rechtlicher Hinweis \u00dcber New Creation TV \u00fcbertr\u00e4gt die New Creation Church Predigten aus unseren Gottesdiensten in Millionen von Haushalte weltweit. Die\" \/>\n<meta name=\"robots\" content=\"index, follow, max-snippet:-1, max-image-preview:large, max-video-preview:-1\" \/>\n<link rel=\"canonical\" href=\"https:\/\/www.newcreationtv.org\/de\/rechtlicher-hinweis\/\" \/>\n<meta property=\"og:locale\" content=\"en_US\" \/>\n<meta property=\"og:type\" content=\"article\" \/>\n<meta property=\"og:title\" content=\"Rechtlicher Hinweis | New Creation TV Deutsch\" \/>\n<meta property=\"og:description\" content=\"Rechtlicher Hinweis \u00dcber New Creation TV \u00fcbertr\u00e4gt die New Creation Church Predigten aus unseren Gottesdiensten in Millionen von Haushalte weltweit. Die\" \/>\n<meta property=\"og:url\" content=\"https:\/\/www.newcreationtv.org\/de\/rechtlicher-hinweis\/\" \/>\n<meta property=\"og:site_name\" content=\"New Creation TV Deutsch\" \/>\n<meta property=\"article:modified_time\" content=\"2026-03-16T08:46:35+00:00\" \/>\n<meta name=\"twitter:card\" content=\"summary_large_image\" \/>\n<meta name=\"twitter:label1\" content=\"Est. reading time\" \/>\n\t<meta name=\"twitter:data1\" content=\"2 minutes\" \/>\n<script type=\"application\/ld+json\" class=\"yoast-schema-graph\">{\"@context\":\"https:\/\/schema.org\",\"@graph\":[{\"@type\":\"WebPage\",\"@id\":\"https:\/\/www.newcreationtv.org\/de\/rechtlicher-hinweis\/\",\"url\":\"https:\/\/www.newcreationtv.org\/de\/rechtlicher-hinweis\/\",\"name\":\"Rechtlicher Hinweis | New Creation TV Deutsch\",\"isPartOf\":{\"@id\":\"https:\/\/www.newcreationtv.org\/de\/#website\"},\"datePublished\":\"2024-12-13T03:09:50+00:00\",\"dateModified\":\"2026-03-16T08:46:35+00:00\",\"description\":\"Rechtlicher Hinweis \u00dcber New Creation TV \u00fcbertr\u00e4gt die New Creation Church Predigten aus unseren Gottesdiensten in Millionen von Haushalte weltweit. Die\",\"breadcrumb\":{\"@id\":\"https:\/\/www.newcreationtv.org\/de\/rechtlicher-hinweis\/#breadcrumb\"},\"inLanguage\":\"en-US\",\"potentialAction\":[{\"@type\":\"ReadAction\",\"target\":[\"https:\/\/www.newcreationtv.org\/de\/rechtlicher-hinweis\/\"]}]},{\"@type\":\"BreadcrumbList\",\"@id\":\"https:\/\/www.newcreationtv.org\/de\/rechtlicher-hinweis\/#breadcrumb\",\"itemListElement\":[{\"@type\":\"ListItem\",\"position\":1,\"name\":\"Home\",\"item\":\"https:\/\/www.newcreationtv.org\/de\/\"},{\"@type\":\"ListItem\",\"position\":2,\"name\":\"Rechtlicher Hinweis\"}]},{\"@type\":\"WebSite\",\"@id\":\"https:\/\/www.newcreationtv.org\/de\/#website\",\"url\":\"https:\/\/www.newcreationtv.org\/de\/\",\"name\":\"New Creation TV Deutsch\",\"description\":\"\",\"potentialAction\":[{\"@type\":\"SearchAction\",\"target\":{\"@type\":\"EntryPoint\",\"urlTemplate\":\"https:\/\/www.newcreationtv.org\/de\/?s={search_term_string}\"},\"query-input\":{\"@type\":\"PropertyValueSpecification\",\"valueRequired\":true,\"valueName\":\"search_term_string\"}}],\"inLanguage\":\"en-US\"}]}<\/script>\n<!-- \/ Yoast SEO plugin. -->","yoast_head_json":{"title":"Rechtlicher Hinweis | New Creation TV Deutsch","description":"Rechtlicher Hinweis \u00dcber New Creation TV \u00fcbertr\u00e4gt die New Creation Church Predigten aus unseren Gottesdiensten in Millionen von Haushalte weltweit. Die","robots":{"index":"index","follow":"follow","max-snippet":"max-snippet:-1","max-image-preview":"max-image-preview:large","max-video-preview":"max-video-preview:-1"},"canonical":"https:\/\/www.newcreationtv.org\/de\/rechtlicher-hinweis\/","og_locale":"en_US","og_type":"article","og_title":"Rechtlicher Hinweis | New Creation TV Deutsch","og_description":"Rechtlicher Hinweis \u00dcber New Creation TV \u00fcbertr\u00e4gt die New Creation Church Predigten aus unseren Gottesdiensten in Millionen von Haushalte weltweit. Die","og_url":"https:\/\/www.newcreationtv.org\/de\/rechtlicher-hinweis\/","og_site_name":"New Creation TV Deutsch","article_modified_time":"2026-03-16T08:46:35+00:00","twitter_card":"summary_large_image","twitter_misc":{"Est. reading time":"2 minutes"},"schema":{"@context":"https:\/\/schema.org","@graph":[{"@type":"WebPage","@id":"https:\/\/www.newcreationtv.org\/de\/rechtlicher-hinweis\/","url":"https:\/\/www.newcreationtv.org\/de\/rechtlicher-hinweis\/","name":"Rechtlicher Hinweis | New Creation TV Deutsch","isPartOf":{"@id":"https:\/\/www.newcreationtv.org\/de\/#website"},"datePublished":"2024-12-13T03:09:50+00:00","dateModified":"2026-03-16T08:46:35+00:00","description":"Rechtlicher Hinweis \u00dcber New Creation TV \u00fcbertr\u00e4gt die New Creation Church Predigten aus unseren Gottesdiensten in Millionen von Haushalte weltweit. Die","breadcrumb":{"@id":"https:\/\/www.newcreationtv.org\/de\/rechtlicher-hinweis\/#breadcrumb"},"inLanguage":"en-US","potentialAction":[{"@type":"ReadAction","target":["https:\/\/www.newcreationtv.org\/de\/rechtlicher-hinweis\/"]}]},{"@type":"BreadcrumbList","@id":"https:\/\/www.newcreationtv.org\/de\/rechtlicher-hinweis\/#breadcrumb","itemListElement":[{"@type":"ListItem","position":1,"name":"Home","item":"https:\/\/www.newcreationtv.org\/de\/"},{"@type":"ListItem","position":2,"name":"Rechtlicher Hinweis"}]},{"@type":"WebSite","@id":"https:\/\/www.newcreationtv.org\/de\/#website","url":"https:\/\/www.newcreationtv.org\/de\/","name":"New Creation TV Deutsch","description":"","potentialAction":[{"@type":"SearchAction","target":{"@type":"EntryPoint","urlTemplate":"https:\/\/www.newcreationtv.org\/de\/?s={search_term_string}"},"query-input":{"@type":"PropertyValueSpecification","valueRequired":true,"valueName":"search_term_string"}}],"inLanguage":"en-US"}]}},"_links":{"self":[{"href":"https:\/\/www.newcreationtv.org\/de\/wp-json\/wp\/v2\/pages\/5437","targetHints":{"allow":["GET"]}}],"collection":[{"href":"https:\/\/www.newcreationtv.org\/de\/wp-json\/wp\/v2\/pages"}],"about":[{"href":"https:\/\/www.newcreationtv.org\/de\/wp-json\/wp\/v2\/types\/page"}],"author":[{"embeddable":true,"href":"https:\/\/www.newcreationtv.org\/de\/wp-json\/wp\/v2\/users\/2"}],"replies":[{"embeddable":true,"href":"https:\/\/www.newcreationtv.org\/de\/wp-json\/wp\/v2\/comments?post=5437"}],"version-history":[{"count":90,"href":"https:\/\/www.newcreationtv.org\/de\/wp-json\/wp\/v2\/pages\/5437\/revisions"}],"predecessor-version":[{"id":26934,"href":"https:\/\/www.newcreationtv.org\/de\/wp-json\/wp\/v2\/pages\/5437\/revisions\/26934"}],"wp:attachment":[{"href":"https:\/\/www.newcreationtv.org\/de\/wp-json\/wp\/v2\/media?parent=5437"}],"curies":[{"name":"wp","href":"https:\/\/api.w.org\/{rel}","templated":true}]}}