{"id":5432,"date":"2024-12-05T03:53:18","date_gmt":"2024-12-05T03:53:18","guid":{"rendered":"https:\/\/www.newcreationtv.org\/de-backup\/?page_id=5432"},"modified":"2026-02-06T12:11:44","modified_gmt":"2026-02-06T04:11:44","slug":"cookie-erklarung","status":"publish","type":"page","link":"https:\/\/www.newcreationtv.org\/de\/cookie-erklarung\/","title":{"rendered":"Cookie-Erkl\u00e4rung"},"content":{"rendered":"\t\t<div data-elementor-type=\"wp-page\" data-elementor-id=\"5432\" class=\"elementor elementor-5432\" data-elementor-post-type=\"page\">\n\t\t\t\t<div class=\"elementor-element elementor-element-9b468ee e-flex e-con-boxed e-con e-parent\" data-id=\"9b468ee\" data-element_type=\"container\" data-e-type=\"container\">\n\t\t\t\t\t<div class=\"e-con-inner\">\n\t\t\t\t<div class=\"elementor-element elementor-element-55f2846 elementor-widget elementor-widget-text-editor\" data-id=\"55f2846\" data-element_type=\"widget\" data-e-type=\"widget\" data-widget_type=\"text-editor.default\">\n\t\t\t\t<div class=\"elementor-widget-container\">\n\t\t\t\t\t\t\t\t\t<div class=\"page-header text-center\">\n<h2 class=\"text-theme-primary\">Cookie-Erkl\u00e4rung<\/h2>\n<\/div>\n<h5><strong>1. Was Cookies sind<\/strong><\/h5>\n<p>Ein Cookie ist eine kleine Datenmenge, die an deinen Browser gesendet und als Textdatei auf deinem Computer gespeichert wird. Cookies enthalten spezifische Informationen zu dir und merken sich deine Aktivit\u00e4ten auf unserer Website. Dazu k\u00f6nnen Informationen geh\u00f6ren wie die Art, wie du unsere Website nutzt, deine Wahl des Internetbrowsers, der Ger\u00e4tetyp, mit dem du auf unsere Website zugreifst, sowie dein Standort in der Welt.<\/p>\n<h5><strong>2. Wie wir sie auf unserer Website verwenden<\/strong><\/h5>\n<p>Um unsere Website vollst\u00e4ndig nutzen zu k\u00f6nnen, empfehlen wir dir, in deinem Browser Cookies zuzulassen. Wenn du Cookies ablehnst, kann es sein, dass du auf bestimmte Teile der Website nicht zugreifen kannst. Die von uns erhobenen Cookie-Daten k\u00f6nnen genutzt werden, um die Inhalte unserer Website zu personalisieren und besser zu verstehen, welche Bed\u00fcrfnisse unsere Besucher aktuell und k\u00fcnftig haben.<\/p>\n<h5><strong>3. Arten von Cookies<\/strong><\/h5>\n<p>Wir arbeiten mit verschiedenen Drittanbietern zusammen, die Cookies auf unserer Website einsetzen, um uns Dienstleistungen bereitzustellen. Diese werden vor allem f\u00fcr Berichtszwecke verwendet, damit wir unsere Kommunikation verbessern k\u00f6nnen.<\/p>\n<p><span style=\"text-decoration: underline\"><strong>Cookies von Drittanbietern<\/strong><\/span><\/p>\n<p>Unsere Website kann Seiten enthalten, die eingebettete Funktionen, Social-Media-Tools oder Links von Drittanbietern enthalten (z. B. eingebettete Videos von YouTube). Solche Funktionen oder Links k\u00f6nnen Cookies von Drittanbietern enthalten. Wir haben keine Kontrolle \u00fcber die Einstellungen dieser Cookies. Daher empfehlen wir dir, die jeweilige Drittanbieter-Website aufzusuchen, um mehr \u00fcber deren Cookies und deren Verwaltung zu erfahren.<\/p>\n<p><span style=\"text-decoration: underline\"><strong>Google Analytics<\/strong><\/span><\/p>\n<p>Wir nutzen au\u00dferdem Google Analytics, um die Nutzung unserer Website zu \u00fcberwachen. Google verwendet die erhobenen Daten, um die Nutzung unserer Website nachzuverfolgen und zu analysieren, Berichte \u00fcber diese Aktivit\u00e4ten zu erstellen und diese mit anderen Google-Diensten zu teilen. Google kann die erhobenen Daten auch nutzen, um Werbung im eigenen Netzwerk zu kontextualisieren und zu personalisieren. Die durch diese Cookies erhobenen Informationen werden aggregiert und k\u00f6nnen nicht verwendet werden, um dich pers\u00f6nlich zu identifizieren. Weitere Informationen findest du in der <span style=\"text-decoration: underline\"><a href=\"https:\/\/policies.google.com\/privacy?hl=de\" target=\"_blank\" rel=\"noopener\">Datenschutzerkl\u00e4rung von Google.\n<\/a><\/span>.<\/p>\n<p>Da einige dieser Dienste au\u00dferhalb der Europ\u00e4ischen Union (EU) angesiedelt sein k\u00f6nnen, unterliegen sie m\u00f6glicherweise nicht der Gerichtsbarkeit von EU-Gerichten. Wenn du Bedenken hast, kannst du deine Cookie-Einstellungen entsprechend anpassen.<\/p>\n<h5><strong>4. Verwaltung von Cookies<\/strong><\/h5>\n<p><span style=\"text-decoration: underline\"><strong>Browser<\/strong><\/span><\/p>\n<p>Die meisten Browser erm\u00f6glichen es dir, die Cookie-Funktion zu deaktivieren. Unter den folgenden Links findest du Anleitungen der einzelnen Browser, wie du Cookies blockieren oder l\u00f6schen kannst:<\/p>\n<ul>\n \t<li><a href=\"https:\/\/support.google.com\/chrome\/answer\/95647?co=GENIE.Platform=Desktop&amp;hl=en\" target=\"_blank\" rel=\"noopener\">Chrome<\/a><\/li>\n \t<li><a href=\"https:\/\/support.mozilla.org\/en-US\/kb\/cookies-information-websites-store-on-your-computer\" target=\"_blank\" rel=\"noopener\">Firefox<\/a><\/li>\n \t<li><a href=\"https:\/\/support.microsoft.com\/en-us\/help\/17442\/windows-internet-explorer-delete-manage-cookies#ie=ie-11\" target=\"_blank\" rel=\"noopener\">Internet Explorer<\/a><\/li>\n \t<li><a href=\"https:\/\/support.apple.com\/en-sg\/guide\/safari\/sfri11471\/mac\" target=\"_blank\" rel=\"noopener\">Safari<\/a><\/li>\n<\/ul>\n<p><span style=\"text-decoration: underline\"><strong>Google Analytics<\/strong><\/span><\/p>\n<p>Um dich von Google Analytics abzumelden, kannst du <span style=\"text-decoration: underline\"><a href=\"https:\/\/tools.google.com\/dlpage\/gaoptout\" target=\"_blank\" rel=\"noopener\">hier<\/a><\/span>. ein Opt-out-Plugin herunterladen. Dieses Plugin sorgt daf\u00fcr, dass dein Besuch von den Statistiken aller Websites, die Google Analytics verwenden, ausgeschlossen wird.<\/p>\t\t\t\t\t\t\t\t<\/div>\n\t\t\t\t<\/div>\n\t\t\t\t\t<\/div>\n\t\t\t\t<\/div>\n\t\t\t\t<\/div>\n\t\t","protected":false},"excerpt":{"rendered":"<p>Cookie-Erkl\u00e4rung 1. Was Cookies sind Ein Cookie ist eine kleine Datenmenge, die an deinen Browser gesendet und als Textdatei auf deinem Computer gespeichert wird. Cookies enthalten spezifische Informationen zu dir und merken sich deine Aktivit\u00e4ten auf unserer Website. Dazu k\u00f6nnen Informationen geh\u00f6ren wie die Art, wie du unsere Website nutzt, deine Wahl des Internetbrowsers, der [&hellip;]<\/p>\n","protected":false},"author":2,"featured_media":0,"parent":0,"menu_order":0,"comment_status":"closed","ping_status":"closed","template":"","meta":{"footnotes":"","_links_to":"","_links_to_target":""},"class_list":["post-5432","page","type-page","status-publish","hentry"],"yoast_head":"<!-- This site is optimized with the Yoast SEO plugin v25.5 - https:\/\/yoast.com\/wordpress\/plugins\/seo\/ -->\n<title>Cookie-Erkl\u00e4rung | New Creation TV Deutsch<\/title>\n<meta name=\"description\" content=\"Cookie-Erkl\u00e4rung 1. Was Cookies sind Ein Cookie ist eine kleine Datenmenge, die an deinen Browser gesendet und als Textdatei auf deinem Computer\" \/>\n<meta name=\"robots\" content=\"index, follow, max-snippet:-1, max-image-preview:large, max-video-preview:-1\" \/>\n<link rel=\"canonical\" href=\"https:\/\/www.newcreationtv.org\/de\/cookie-erklarung\/\" \/>\n<meta property=\"og:locale\" content=\"en_US\" \/>\n<meta property=\"og:type\" content=\"article\" \/>\n<meta property=\"og:title\" content=\"Cookie-Erkl\u00e4rung | New Creation TV Deutsch\" \/>\n<meta property=\"og:description\" content=\"Cookie-Erkl\u00e4rung 1. Was Cookies sind Ein Cookie ist eine kleine Datenmenge, die an deinen Browser gesendet und als Textdatei auf deinem Computer\" \/>\n<meta property=\"og:url\" content=\"https:\/\/www.newcreationtv.org\/de\/cookie-erklarung\/\" \/>\n<meta property=\"og:site_name\" content=\"New Creation TV Deutsch\" \/>\n<meta property=\"article:modified_time\" content=\"2026-02-06T04:11:44+00:00\" \/>\n<meta name=\"twitter:card\" content=\"summary_large_image\" \/>\n<meta name=\"twitter:label1\" content=\"Est. reading time\" \/>\n\t<meta name=\"twitter:data1\" content=\"2 minutes\" \/>\n<script type=\"application\/ld+json\" class=\"yoast-schema-graph\">{\"@context\":\"https:\/\/schema.org\",\"@graph\":[{\"@type\":\"WebPage\",\"@id\":\"https:\/\/www.newcreationtv.org\/de\/cookie-erklarung\/\",\"url\":\"https:\/\/www.newcreationtv.org\/de\/cookie-erklarung\/\",\"name\":\"Cookie-Erkl\u00e4rung | New Creation TV Deutsch\",\"isPartOf\":{\"@id\":\"https:\/\/www.newcreationtv.org\/de\/#website\"},\"datePublished\":\"2024-12-05T03:53:18+00:00\",\"dateModified\":\"2026-02-06T04:11:44+00:00\",\"description\":\"Cookie-Erkl\u00e4rung 1. Was Cookies sind Ein Cookie ist eine kleine Datenmenge, die an deinen Browser gesendet und als Textdatei auf deinem Computer\",\"breadcrumb\":{\"@id\":\"https:\/\/www.newcreationtv.org\/de\/cookie-erklarung\/#breadcrumb\"},\"inLanguage\":\"en-US\",\"potentialAction\":[{\"@type\":\"ReadAction\",\"target\":[\"https:\/\/www.newcreationtv.org\/de\/cookie-erklarung\/\"]}]},{\"@type\":\"BreadcrumbList\",\"@id\":\"https:\/\/www.newcreationtv.org\/de\/cookie-erklarung\/#breadcrumb\",\"itemListElement\":[{\"@type\":\"ListItem\",\"position\":1,\"name\":\"Home\",\"item\":\"https:\/\/www.newcreationtv.org\/de\/\"},{\"@type\":\"ListItem\",\"position\":2,\"name\":\"Cookie-Erkl\u00e4rung\"}]},{\"@type\":\"WebSite\",\"@id\":\"https:\/\/www.newcreationtv.org\/de\/#website\",\"url\":\"https:\/\/www.newcreationtv.org\/de\/\",\"name\":\"New Creation TV Deutsch\",\"description\":\"\",\"potentialAction\":[{\"@type\":\"SearchAction\",\"target\":{\"@type\":\"EntryPoint\",\"urlTemplate\":\"https:\/\/www.newcreationtv.org\/de\/?s={search_term_string}\"},\"query-input\":{\"@type\":\"PropertyValueSpecification\",\"valueRequired\":true,\"valueName\":\"search_term_string\"}}],\"inLanguage\":\"en-US\"}]}<\/script>\n<!-- \/ Yoast SEO plugin. -->","yoast_head_json":{"title":"Cookie-Erkl\u00e4rung | New Creation TV Deutsch","description":"Cookie-Erkl\u00e4rung 1. Was Cookies sind Ein Cookie ist eine kleine Datenmenge, die an deinen Browser gesendet und als Textdatei auf deinem Computer","robots":{"index":"index","follow":"follow","max-snippet":"max-snippet:-1","max-image-preview":"max-image-preview:large","max-video-preview":"max-video-preview:-1"},"canonical":"https:\/\/www.newcreationtv.org\/de\/cookie-erklarung\/","og_locale":"en_US","og_type":"article","og_title":"Cookie-Erkl\u00e4rung | New Creation TV Deutsch","og_description":"Cookie-Erkl\u00e4rung 1. Was Cookies sind Ein Cookie ist eine kleine Datenmenge, die an deinen Browser gesendet und als Textdatei auf deinem Computer","og_url":"https:\/\/www.newcreationtv.org\/de\/cookie-erklarung\/","og_site_name":"New Creation TV Deutsch","article_modified_time":"2026-02-06T04:11:44+00:00","twitter_card":"summary_large_image","twitter_misc":{"Est. reading time":"2 minutes"},"schema":{"@context":"https:\/\/schema.org","@graph":[{"@type":"WebPage","@id":"https:\/\/www.newcreationtv.org\/de\/cookie-erklarung\/","url":"https:\/\/www.newcreationtv.org\/de\/cookie-erklarung\/","name":"Cookie-Erkl\u00e4rung | New Creation TV Deutsch","isPartOf":{"@id":"https:\/\/www.newcreationtv.org\/de\/#website"},"datePublished":"2024-12-05T03:53:18+00:00","dateModified":"2026-02-06T04:11:44+00:00","description":"Cookie-Erkl\u00e4rung 1. Was Cookies sind Ein Cookie ist eine kleine Datenmenge, die an deinen Browser gesendet und als Textdatei auf deinem Computer","breadcrumb":{"@id":"https:\/\/www.newcreationtv.org\/de\/cookie-erklarung\/#breadcrumb"},"inLanguage":"en-US","potentialAction":[{"@type":"ReadAction","target":["https:\/\/www.newcreationtv.org\/de\/cookie-erklarung\/"]}]},{"@type":"BreadcrumbList","@id":"https:\/\/www.newcreationtv.org\/de\/cookie-erklarung\/#breadcrumb","itemListElement":[{"@type":"ListItem","position":1,"name":"Home","item":"https:\/\/www.newcreationtv.org\/de\/"},{"@type":"ListItem","position":2,"name":"Cookie-Erkl\u00e4rung"}]},{"@type":"WebSite","@id":"https:\/\/www.newcreationtv.org\/de\/#website","url":"https:\/\/www.newcreationtv.org\/de\/","name":"New Creation TV Deutsch","description":"","potentialAction":[{"@type":"SearchAction","target":{"@type":"EntryPoint","urlTemplate":"https:\/\/www.newcreationtv.org\/de\/?s={search_term_string}"},"query-input":{"@type":"PropertyValueSpecification","valueRequired":true,"valueName":"search_term_string"}}],"inLanguage":"en-US"}]}},"_links":{"self":[{"href":"https:\/\/www.newcreationtv.org\/de\/wp-json\/wp\/v2\/pages\/5432","targetHints":{"allow":["GET"]}}],"collection":[{"href":"https:\/\/www.newcreationtv.org\/de\/wp-json\/wp\/v2\/pages"}],"about":[{"href":"https:\/\/www.newcreationtv.org\/de\/wp-json\/wp\/v2\/types\/page"}],"author":[{"embeddable":true,"href":"https:\/\/www.newcreationtv.org\/de\/wp-json\/wp\/v2\/users\/2"}],"replies":[{"embeddable":true,"href":"https:\/\/www.newcreationtv.org\/de\/wp-json\/wp\/v2\/comments?post=5432"}],"version-history":[{"count":73,"href":"https:\/\/www.newcreationtv.org\/de\/wp-json\/wp\/v2\/pages\/5432\/revisions"}],"predecessor-version":[{"id":26374,"href":"https:\/\/www.newcreationtv.org\/de\/wp-json\/wp\/v2\/pages\/5432\/revisions\/26374"}],"wp:attachment":[{"href":"https:\/\/www.newcreationtv.org\/de\/wp-json\/wp\/v2\/media?parent=5432"}],"curies":[{"name":"wp","href":"https:\/\/api.w.org\/{rel}","templated":true}]}}