{"id":3,"date":"2024-10-17T09:24:23","date_gmt":"2024-10-17T09:24:23","guid":{"rendered":"https:\/\/www.newcreationtv.org\/de-backup\/?page_id=3"},"modified":"2026-03-04T10:21:29","modified_gmt":"2026-03-04T02:21:29","slug":"datenschutzerklarung","status":"publish","type":"page","link":"https:\/\/www.newcreationtv.org\/de\/datenschutzerklarung\/","title":{"rendered":"Datenschutzerkl\u00e4rung"},"content":{"rendered":"\t\t<div data-elementor-type=\"wp-page\" data-elementor-id=\"3\" class=\"elementor elementor-3\" data-elementor-post-type=\"page\">\n\t\t\t\t<div class=\"elementor-element elementor-element-9b468ee e-flex e-con-boxed e-con e-parent\" data-id=\"9b468ee\" data-element_type=\"container\" data-e-type=\"container\">\n\t\t\t\t\t<div class=\"e-con-inner\">\n\t\t\t\t<div class=\"elementor-element elementor-element-55f2846 elementor-widget elementor-widget-text-editor\" data-id=\"55f2846\" data-element_type=\"widget\" data-e-type=\"widget\" data-widget_type=\"text-editor.default\">\n\t\t\t\t<div class=\"elementor-widget-container\">\n\t\t\t\t\t\t\t\t\t<div><h2 itemprop=\"headline\" style=\"text-align: center;\">Datenschutzerkl\u00e4rung<\/h2><\/div><p>Letzte Aktualisierung: 12. Nov. 2024<\/p><h5><strong>1. Allgemeines<\/strong><\/h5><p>Die New Creation Church (\u201eNCC\u201c) verpflichtet sich, deine Privatsph\u00e4re zu sch\u00fctzen und deine personenbezogenen Daten zu sichern. Mit dieser Datenschutzerkl\u00e4rung erl\u00e4utert die NCC, wie deine Daten erhoben, genutzt und offengelegt werden, und wie die Nutzung oder Weitergabe dieser Daten dein Erlebnis auf den Webseiten und Webanwendungen der NCC (\u201ePlattformen\u201c genannt) verbessern kann. Diese Datenschutzerkl\u00e4rung nennt au\u00dferdem, welche Wahlm\u00f6glichkeiten du im Hinblick auf die Nutzung deiner Daten durch die NCC hast, welche Ma\u00dfnahmen die NCC zum Schutz deiner Daten ergreift und wie du die NCC bez\u00fcglich ihrer Datenschutzpraktiken kontaktieren kannst, damit du informierte Entscheidungen dar\u00fcber treffen kannst, welche personenbezogenen Daten du der NCC anvertraust.<\/p><p>Wenn du auf unseren Plattformen personenbezogene Daten bereitstellst, gilt dies als Einwilligung zur Erhebung, Nutzung und Weitergabe deiner personenbezogenen Daten gem\u00e4\u00df dieser Datenschutzerkl\u00e4rung.<\/p><h5><strong>2. Arten erhobener personenbezogener Daten<\/strong><\/h5><p>Zu den personenbezogenen Daten, die die NCC erhebt, k\u00f6nnen geh\u00f6ren: dein Name, deine E-Mail-Adresse, Fotos, Videoaufnahmen, audiovisuelle Informationen sowie weitere Angaben, die erforderlich sind, um besondere Anfragen zu erf\u00fcllen.<\/p><p>Solltest du der NCC personenbezogene Daten von Dritten (z. B. Informationen \u00fcber Ehepartner oder Kinder) zu irgendeinem Zweck bereitstellen, beispielsweise als Notfallkontakt, best\u00e4tigst du hiermit, dass du die Einwilligung dieser dritten Person eingeholt hast, damit die NCC deren personenbezogene Daten gem\u00e4\u00df dieser Datenschutzerkl\u00e4rung erheben, nutzen und weitergeben darf.<\/p><p>Die NCC kann au\u00dferdem nicht-personenbezogene Informationen \u00fcber dich erheben, wie etwa deine Nutzung unserer Plattformen, IP-Adressen, Informationen zu Browser und Computersystem, Cookies, unsichtbare Pixel, Web Beacons sowie aggregierte Daten im Zusammenhang mit deiner Nutzung unserer Plattformen.<\/p><p>Wenn du der NCC per E-Mail personenbezogene Daten \u00fcbermittelst, um irgendeine Form von Unterst\u00fctzung durch die NCC zu erhalten, erkl\u00e4rst du dich damit einverstanden, dass die NCC diese Daten erheben, nutzen und\/oder weitergeben darf, um dir die entsprechende Unterst\u00fctzung bereitzustellen.<\/p><h5><strong>3. Zweck der Erhebung, Nutzung und Weitergabe<\/strong><\/h5><p>Die NCC respektiert deine Privatsph\u00e4re. Es ist nicht die Praxis der NCC, dich nach Informationen zu fragen, es sei denn, diese sind notwendig und sollen auch tats\u00e4chlich genutzt werden. Du erkl\u00e4rst dich damit einverstanden, dass die NCC personenbezogene Daten \u00fcber dich erhebt, speichert, verarbeitet, offenlegt, abruft, \u00fcberpr\u00fcft und\/oder nutzt \u2013 sei es direkt von dir oder aus anderen Quellen \u2013, um deine Beziehung zur NCC zu verwalten, insbesondere f\u00fcr:<\/p><ol type=\"a\"><li>die Erbringung von Diensten f\u00fcr dich;<\/li><li>den Versand von Aktivierungs-, Best\u00e4tigungs-, Empfangs- oder Erinnerung-E-Mails, wenn du dich f\u00fcr Konten auf den Plattformen anmeldest oder in Bezug auf deine allgemeine Nutzung eines Kontos auf den Plattformen;<\/li><li>den Versand von Einladungen zu Veranstaltungen;<\/li><li>die Erm\u00f6glichung deines Zugriffs auf die Plattformen oder deren Nutzung;<\/li><li>Identifikations-, Verifikations- und Authentifizierungszwecke;<\/li><li>die Weitergabe deiner Lebensberichte (\u201eZeugnisse\u201c);<\/li><li>die M\u00f6glichkeit, dich f\u00fcr Veranstaltungen zu registrieren oder daf\u00fcr zu- bzw. abzusagen;<\/li><li>die Bearbeitung und Beantwortung von Anfragen oder Bitten (einschlie\u00dflich, aber nicht beschr\u00e4nkt auf Gebets- und Seelsorgeanfragen), die du einreichst;<\/li><li>statistische Analysen;<\/li><li>den Versand von E-Mails, um dich \u00fcber verf\u00fcgbare Ressourcen zu informieren.<\/li><\/ol><h5><strong>4. Weitergabe<\/strong><\/h5><p>Personenbezogene Daten k\u00f6nnen in den folgenden F\u00e4llen an Dritte (z. B. Dienstleister) weitergegeben werden:<\/p><ol type=\"a\"><li>wenn die NCC deine Einwilligung dazu erhalten hat;<\/li><li>wenn Dritte im Auftrag der NCC f\u00fcr die in Abschnitt 3 genannten Zwecke t\u00e4tig werden;<\/li><li>wenn die Weitergabe erforderlich ist, um dir gew\u00fcnschte Produkte oder Dienstleistungen bereitzustellen;<\/li><li>wenn eine Offenlegung gegen\u00fcber den professionellen Beratern der NCC notwendig ist (einschlie\u00dflich, aber nicht beschr\u00e4nkt auf Rechtsanw\u00e4lte, Buchhalter und Wirtschaftspr\u00fcfer);<\/li><li>wenn Unternehmen oder Dienstleister, die gesch\u00e4ftliche Aktivit\u00e4ten im Auftrag der NCC durchf\u00fchren (z. B. Kundensupport, Online-Ticketing und -Registrierung, digitale Dienste und L\u00f6sungen sowie Online-Marketingdienste), diese Informationen ben\u00f6tigen;<\/li><li>zur Erf\u00fcllung gesetzlicher oder regulatorischer Anforderungen bzw. Verpflichtungen gem\u00e4\u00df geltendem Recht; und<\/li><li>in Notf\u00e4llen, wenn eine Weitergabe erforderlich ist, um das Leben oder die Gesundheit einer Person zu sch\u00fctzen.<\/li><\/ol><p>Die NCC wird sich nach besten Kr\u00e4ften bem\u00fchen sicherzustellen, dass deine personenbezogenen Daten auch von solchen Dritten gesch\u00fctzt werden.<\/p><p>Auf unseren Plattformen k\u00f6nnen zudem Drittanbieter-Webseiten eingebunden sein, die \u2013 sofern du deine Einwilligung gegeben und ihre Nutzungsbedingungen, Datenschutzrichtlinien oder ein \u00e4hnliches Dokument akzeptiert hast \u2013 Informationen \u00fcber deinen Besuch auf unserer Webseite nutzen k\u00f6nnen. Diese Datenschutzerkl\u00e4rung gilt nicht f\u00fcr die Datenerhebung durch solche Drittanbieter, und wir sind nicht verantwortlich f\u00fcr deren Praktiken. Wir empfehlen dir, deren Datenschutzrichtlinien zu pr\u00fcfen, um mehr \u00fcber den Einsatz von Cookies und anderen Technologien zu erfahren. Wenn personenbezogene Daten wie oben beschrieben weitergegeben werden, wird die NCC versuchen, den Umfang dieser Daten auf das f\u00fcr die Erf\u00fcllung des jeweiligen Zwecks notwendige Ma\u00df zu beschr\u00e4nken. Sofern nicht durch rechtliche Verfahren ausgeschlossen, verpflichtet die NCC Dritte dazu, deine personenbezogenen Daten zu sch\u00fctzen und die geltenden Datenschutzgesetze und -vorschriften einzuhalten.<\/p><h5><strong>5. Widerruf der Einwilligung<\/strong><\/h5><p>Du kannst deine Einwilligung zur Erhebung, Nutzung und Weitergabe deiner personenbezogenen Daten jederzeit widerrufen, indem du die NCC direkt unter dpo@newcreation.org.sg kontaktierst.<\/p><p>Nach Eingang deines schriftlichen Antrags auf Widerruf deiner Einwilligung ben\u00f6tigt die NCC m\u00f6glicherweise eine angemessene Bearbeitungszeit (abh\u00e4ngig von der Komplexit\u00e4t deines Antrags und dessen Auswirkungen auf unsere Beziehung zu dir), um deinen Antrag zu bearbeiten und dich \u00fcber die Folgen zu informieren. Im Allgemeinen bem\u00fchen wir uns, deinen Antrag innerhalb von vierzehn (14) Arbeitstagen nach Eingang zu bearbeiten.<\/p><p>Je nach Art und Umfang deines Antrags kann es sein, dass die NCC nicht in der Lage ist, dir weiterhin unsere Dienste bereitzustellen \u2013 sei es auf den Plattformen oder auf andere Weise. In einem solchen Fall wird dich die NCC vor Abschluss der Bearbeitung deines Antrags entsprechend informieren. Solltest du dich dazu entschlie\u00dfen, deinen Widerruf der Einwilligung zur\u00fcckzunehmen, informiere bitte die NCC wie oben beschrieben.<\/p><p>Du kannst deine Einwilligung zur Nutzung oder Weitergabe deiner personenbezogenen Daten durch die NCC zwar widerrufen, jedoch ber\u00fchrt der Widerruf nicht unser Recht, (1) deine Daten zu nutzen oder weiterzugeben, wenn dies gesetzlich vorgeschrieben ist, (2) wenn dies aus Gr\u00fcnden des nationalen oder \u00f6ffentlichen Interesses erforderlich ist, (3) wenn die betreffenden Daten aus \u00f6ffentlich zug\u00e4nglichen Quellen stammen oder (4) wenn eine Nutzung oder Weitergabe in einem Notfall erforderlich ist, um das Leben oder die Gesundheit einer Person zu sch\u00fctzen.<\/p><h5><strong>6. Zugriff, Aktualisierung und L\u00f6schung<\/strong><\/h5><p>Du hast das Recht, auf deine personenbezogenen Daten zuzugreifen, sie zu aktualisieren und zu l\u00f6schen. Du kannst dich von E-Mails abmelden, indem du den Abbestelllink-Link in den empfangenen E-Mails nutzt. Um deine E-Mail-Adresse zu aktualisieren, kannst du dich mit deiner bestehenden Adresse abmelden und dich anschlie\u00dfend mit deiner neuen Adresse erneut anmelden.<\/p><h5><strong>7. Aufbewahrung personenbezogener Daten<\/strong><\/h5><p>Wenn du die L\u00f6schung deines Kontos auf unseren Plattformen beantragst, werden wir angemessene Anstrengungen unternehmen, die mit diesem Konto verkn\u00fcpften personenbezogenen Daten nicht l\u00e4nger aufzubewahren und die M\u00f6glichkeiten der Zuordnung dieser Daten zu dir in angemessener Frist zu entfernen.<\/p><p>Grunds\u00e4tzlich speichern wir deine personenbezogenen Daten nur so lange, wie es f\u00fcr die Zwecke, f\u00fcr die sie erhoben wurden, erforderlich ist oder wie es die geltenden Gesetze erlauben oder vorschreiben. Sobald wir feststellen, dass eine Aufbewahrung f\u00fcr diese Zwecke nicht mehr erforderlich ist oder keine rechtlichen oder gesch\u00e4ftlichen Gr\u00fcnde mehr vorliegen, werden wir die personenbezogenen Daten l\u00f6schen oder so anonymisieren, dass sie keiner bestimmten Person mehr zugeordnet werden k\u00f6nnen.<\/p><h5><strong>8. Grenz\u00fcberschreitende Daten\u00fcbermittlung<\/strong><\/h5><p>Die NCC wird deine personenbezogenen Daten nicht in ein Land oder Gebiet au\u00dferhalb Singapurs \u00fcbertragen, au\u00dfer wie in dieser Datenschutzerkl\u00e4rung angegeben. Durch die Nutzung der Dienste auf unseren Plattformen erkl\u00e4rst du dich damit einverstanden, dass deine personenbezogenen Daten ins Ausland \u00fcbertragen werden k\u00f6nnen, wenn dies notwendig ist, um dir die jeweiligen Dienste bereitzustellen.<\/p><p>Falls deine personenbezogenen Daten au\u00dferhalb von Singapur \u00fcbertragen werden, wird die NCC geeignete Ma\u00dfnahmen ergreifen, um sicherzustellen, dass die Empf\u00e4nger rechtlich bindenden Verpflichtungen unterliegen (z. B. Gesetzen, Vertr\u00e4gen, verbindlichen Unternehmensregeln oder anderen rechtlich bindenden Instrumenten), sodass deine Daten weiterhin ein Schutzniveau genie\u00dfen, das mindestens dem des PDPA entspricht.<\/p><h5><strong>9. \u00c4nderungen<\/strong><\/h5><p>Die NCC kann diese Datenschutzerkl\u00e4rung von Zeit zu Zeit \u00e4ndern. Die NCC empfiehlt den Nutzern, die Plattformen regelm\u00e4\u00dfig zu besuchen, um \u00fcber \u00c4nderungen informiert zu bleiben. Nutzer gelten als mit allen \u00c4nderungen an den Plattformen und\/oder dieser Datenschutzerkl\u00e4rung einverstanden, sobald diese online ver\u00f6ffentlicht wurden.<\/p><h5><strong>10. Sicherheit<\/strong><\/h5><p>Die NCC wird angemessene technische und organisatorische Sicherheitsma\u00dfnahmen ergreifen, um personenbezogene Daten vor Verlust, Missbrauch sowie unbefugtem Zugriff, Nutzung, Offenlegung, Ver\u00e4nderung oder Zerst\u00f6rung zu sch\u00fctzen.<\/p><h5><strong>11. Keine Rechte oder Verpflichtungen begr\u00fcndet<\/strong><\/h5><p>Auch wenn die NCC alle angemessenen Anstrengungen unternehmen wird, um personenbezogene Daten auf einem sicheren Server und\/oder in sicheren Dateien aufzubewahren und diese Informationen korrekt und aktuell zu halten, ist das Internet kein sicheres Medium f\u00fcr die \u00dcbermittlung von Informationen. Daher kann die NCC keine Verantwortung \u00fcbernehmen oder eine Garantie f\u00fcr die Sicherheit von Informationen abgeben, die du der NCC \u00fcber das Internet sendest oder von ihr empf\u00e4ngst. Im gr\u00f6\u00dftm\u00f6glichen gesetzlich zul\u00e4ssigen Umfang lehnt die NCC jede Verantwortung oder Haftung f\u00fcr Anspr\u00fcche, Sch\u00e4den oder Verluste ab, die im Zusammenhang mit dem Verlust oder der unbefugten Nutzung personenbezogener Daten entstehen \u2013 sei es durch unbefugten Zugriff auf den Server oder Dateien oder auf andere Weise.<\/p><h5><strong>12. Kontakt<\/strong><\/h5><p>Wenn du deine Daten aktualisieren oder deine Kommunikationseinstellungen \u00e4ndern m\u00f6chtest, kannst du dies unter folgendem Link tun: <a href=\"https:\/\/www.newcreationtv.org\/de\/eine-anfrage-stellen\/\" target=\"_blank\" rel=\"noopener\">https:\/\/www.newcreationtv.org\/de\/eine-anfrage-stellen\/<\/a><\/p><p>Wenn du Anmerkungen, Fragen oder Anliegen zum Datenschutz oder zu den Datenschutzrichtlinien der NCC hast, kannst du uns unter <a href=\"mailto:dpo@newcreation.org.sg\">dpo@newcreation.org.sg<\/a> kontaktieren.<\/p><p><strong>Datenschutz-Grundverordnung (DSGVO) \u2013 Europ\u00e4ischer Vertreter<\/strong><\/p><p>Gem\u00e4\u00df Artikel 27 der Datenschutz-Grundverordnung (DSGVO) hat die New Creation Church das European Data Protection Office (EDPO) als ihren DSGVO-Vertreter in der EU benannt. Du kannst das EDPO in allen DSGVO-Angelegenheiten wie folgt kontaktieren:<\/p><ul><li>\u00fcber das Online-Kontaktformular vom EDPO: <a href=\"https:\/\/edpo.com\/gdpr-data-request\/\">https:\/\/edpo.com\/gdpr-data-request\/<\/a><\/li><li>per Post an: Avenue Huart Hamoir 71, 1030 Br\u00fcssel, Belgien<\/li><\/ul><p><strong>UK General Data Protection Regulation (GDPR) (Datenschutz-Grundverordnung des Vereinigten K\u00f6nigreiches) \u2013 UK-Vertreter<\/strong><\/p><p>Gem\u00e4\u00df Artikel 27 der Datenschutz-Grundverordnung des Vereinigten K\u00f6nigreiches (UK GDPR) hat die New Creation Church EDPO UK Ltd als ihren UK-Vertreter benannt. Du kannst EDPO UK in allen UK GDPR-Angelegenheiten wie folgt kontaktieren:<\/p><ul><li>\u00fcber das Online-Kontaktformular von EDPO UK: <a href=\"https:\/\/edpo.com\/uk-gdpr-data-request\/\">https:\/\/edpo.com\/uk-gdpr-data-request\/<\/a><\/li><li>per Post an: 8 Northumberland Avenue, London WC2N 5BY, Vereinigtes K\u00f6nigreich<\/li><\/ul>\t\t\t\t\t\t\t\t<\/div>\n\t\t\t\t<\/div>\n\t\t<div class=\"elementor-element elementor-element-206e649 e-con-full e-flex e-con e-child\" data-id=\"206e649\" data-element_type=\"container\" data-e-type=\"container\">\n\t\t\t\t<div class=\"elementor-element elementor-element-23b5700 elementor-widget elementor-widget-image\" data-id=\"23b5700\" data-element_type=\"widget\" data-e-type=\"widget\" data-widget_type=\"image.default\">\n\t\t\t\t<div class=\"elementor-widget-container\">\n\t\t\t\t\t\t\t\t\t\t\t\t\t\t\t<img loading=\"lazy\" decoding=\"async\" width=\"300\" height=\"97\" src=\"https:\/\/www.newcreationtv.org\/de\/wp-content\/uploads\/sites\/27\/2025\/05\/logo-edpo-v3-300x97.png\" class=\"attachment-medium size-medium wp-image-10274\" alt=\"\" srcset=\"https:\/\/www.newcreationtv.org\/de\/wp-content\/uploads\/sites\/27\/2025\/05\/logo-edpo-v3-300x97.png 300w, https:\/\/www.newcreationtv.org\/de\/wp-content\/uploads\/sites\/27\/2025\/05\/logo-edpo-v3-768x250.png 768w, https:\/\/www.newcreationtv.org\/de\/wp-content\/uploads\/sites\/27\/2025\/05\/logo-edpo-v3.png 874w\" sizes=\"auto, (max-width: 300px) 100vw, 300px\" \/>\t\t\t\t\t\t\t\t\t\t\t\t\t\t\t<\/div>\n\t\t\t\t<\/div>\n\t\t\t\t<\/div>\n\t\t\t\t\t<\/div>\n\t\t\t\t<\/div>\n\t\t\t\t<\/div>\n\t\t","protected":false},"excerpt":{"rendered":"<p>Datenschutzerkl\u00e4rung Letzte Aktualisierung: 12. Nov. 2024 1. Allgemeines Die New Creation Church (\u201eNCC\u201c) verpflichtet sich, deine Privatsph\u00e4re zu sch\u00fctzen und deine personenbezogenen Daten zu sichern. Mit dieser Datenschutzerkl\u00e4rung erl\u00e4utert die NCC, wie deine Daten erhoben, genutzt und offengelegt werden, und wie die Nutzung oder Weitergabe dieser Daten dein Erlebnis auf den Webseiten und Webanwendungen der [&hellip;]<\/p>\n","protected":false},"author":1,"featured_media":0,"parent":0,"menu_order":0,"comment_status":"closed","ping_status":"closed","template":"","meta":{"footnotes":"","_links_to":"","_links_to_target":""},"class_list":["post-3","page","type-page","status-publish","hentry"],"yoast_head":"<!-- This site is optimized with the Yoast SEO plugin v25.5 - https:\/\/yoast.com\/wordpress\/plugins\/seo\/ -->\n<title>Datenschutzerkl\u00e4rung | New Creation TV Deutsch<\/title>\n<meta name=\"description\" content=\"Datenschutzerkl\u00e4rungLetzte Aktualisierung: 12. Nov. 20241. AllgemeinesDie New Creation Church (\u201eNCC\u201c) verpflichtet sich, deine Privatsph\u00e4re zu sch\u00fctzen\" \/>\n<meta name=\"robots\" content=\"index, follow, max-snippet:-1, max-image-preview:large, max-video-preview:-1\" \/>\n<link rel=\"canonical\" href=\"https:\/\/www.newcreationtv.org\/de\/datenschutzerklarung\/\" \/>\n<meta property=\"og:locale\" content=\"en_US\" \/>\n<meta property=\"og:type\" content=\"article\" \/>\n<meta property=\"og:title\" content=\"Datenschutzerkl\u00e4rung | New Creation TV Deutsch\" \/>\n<meta property=\"og:description\" content=\"Datenschutzerkl\u00e4rungLetzte Aktualisierung: 12. Nov. 20241. AllgemeinesDie New Creation Church (\u201eNCC\u201c) verpflichtet sich, deine Privatsph\u00e4re zu sch\u00fctzen\" \/>\n<meta property=\"og:url\" content=\"https:\/\/www.newcreationtv.org\/de\/datenschutzerklarung\/\" \/>\n<meta property=\"og:site_name\" content=\"New Creation TV Deutsch\" \/>\n<meta property=\"article:modified_time\" content=\"2026-03-04T02:21:29+00:00\" \/>\n<meta property=\"og:image\" content=\"https:\/\/www.newcreationtv.org\/de-backup\/wp-content\/uploads\/sites\/27\/2025\/05\/logo-edpo-v3-300x97.png\" \/>\n<meta name=\"twitter:card\" content=\"summary_large_image\" \/>\n<meta name=\"twitter:label1\" content=\"Est. reading time\" \/>\n\t<meta name=\"twitter:data1\" content=\"8 minutes\" \/>\n<script type=\"application\/ld+json\" class=\"yoast-schema-graph\">{\"@context\":\"https:\/\/schema.org\",\"@graph\":[{\"@type\":\"WebPage\",\"@id\":\"https:\/\/www.newcreationtv.org\/de\/datenschutzerklarung\/\",\"url\":\"https:\/\/www.newcreationtv.org\/de\/datenschutzerklarung\/\",\"name\":\"Datenschutzerkl\u00e4rung | New Creation TV Deutsch\",\"isPartOf\":{\"@id\":\"https:\/\/www.newcreationtv.org\/de\/#website\"},\"primaryImageOfPage\":{\"@id\":\"https:\/\/www.newcreationtv.org\/de\/datenschutzerklarung\/#primaryimage\"},\"image\":{\"@id\":\"https:\/\/www.newcreationtv.org\/de\/datenschutzerklarung\/#primaryimage\"},\"thumbnailUrl\":\"https:\/\/www.newcreationtv.org\/de-backup\/wp-content\/uploads\/sites\/27\/2025\/05\/logo-edpo-v3-300x97.png\",\"datePublished\":\"2024-10-17T09:24:23+00:00\",\"dateModified\":\"2026-03-04T02:21:29+00:00\",\"description\":\"Datenschutzerkl\u00e4rungLetzte Aktualisierung: 12. Nov. 20241. AllgemeinesDie New Creation Church (\u201eNCC\u201c) verpflichtet sich, deine Privatsph\u00e4re zu sch\u00fctzen\",\"breadcrumb\":{\"@id\":\"https:\/\/www.newcreationtv.org\/de\/datenschutzerklarung\/#breadcrumb\"},\"inLanguage\":\"en-US\",\"potentialAction\":[{\"@type\":\"ReadAction\",\"target\":[\"https:\/\/www.newcreationtv.org\/de\/datenschutzerklarung\/\"]}]},{\"@type\":\"ImageObject\",\"inLanguage\":\"en-US\",\"@id\":\"https:\/\/www.newcreationtv.org\/de\/datenschutzerklarung\/#primaryimage\",\"url\":\"https:\/\/www.newcreationtv.org\/de\/wp-content\/uploads\/sites\/27\/2025\/05\/logo-edpo-v3.png\",\"contentUrl\":\"https:\/\/www.newcreationtv.org\/de\/wp-content\/uploads\/sites\/27\/2025\/05\/logo-edpo-v3.png\",\"width\":874,\"height\":284},{\"@type\":\"BreadcrumbList\",\"@id\":\"https:\/\/www.newcreationtv.org\/de\/datenschutzerklarung\/#breadcrumb\",\"itemListElement\":[{\"@type\":\"ListItem\",\"position\":1,\"name\":\"Home\",\"item\":\"https:\/\/www.newcreationtv.org\/de\/\"},{\"@type\":\"ListItem\",\"position\":2,\"name\":\"Datenschutzerkl\u00e4rung\"}]},{\"@type\":\"WebSite\",\"@id\":\"https:\/\/www.newcreationtv.org\/de\/#website\",\"url\":\"https:\/\/www.newcreationtv.org\/de\/\",\"name\":\"New Creation TV Deutsch\",\"description\":\"\",\"potentialAction\":[{\"@type\":\"SearchAction\",\"target\":{\"@type\":\"EntryPoint\",\"urlTemplate\":\"https:\/\/www.newcreationtv.org\/de\/?s={search_term_string}\"},\"query-input\":{\"@type\":\"PropertyValueSpecification\",\"valueRequired\":true,\"valueName\":\"search_term_string\"}}],\"inLanguage\":\"en-US\"}]}<\/script>\n<!-- \/ Yoast SEO plugin. -->","yoast_head_json":{"title":"Datenschutzerkl\u00e4rung | New Creation TV Deutsch","description":"Datenschutzerkl\u00e4rungLetzte Aktualisierung: 12. Nov. 20241. AllgemeinesDie New Creation Church (\u201eNCC\u201c) verpflichtet sich, deine Privatsph\u00e4re zu sch\u00fctzen","robots":{"index":"index","follow":"follow","max-snippet":"max-snippet:-1","max-image-preview":"max-image-preview:large","max-video-preview":"max-video-preview:-1"},"canonical":"https:\/\/www.newcreationtv.org\/de\/datenschutzerklarung\/","og_locale":"en_US","og_type":"article","og_title":"Datenschutzerkl\u00e4rung | New Creation TV Deutsch","og_description":"Datenschutzerkl\u00e4rungLetzte Aktualisierung: 12. Nov. 20241. AllgemeinesDie New Creation Church (\u201eNCC\u201c) verpflichtet sich, deine Privatsph\u00e4re zu sch\u00fctzen","og_url":"https:\/\/www.newcreationtv.org\/de\/datenschutzerklarung\/","og_site_name":"New Creation TV Deutsch","article_modified_time":"2026-03-04T02:21:29+00:00","og_image":[{"url":"https:\/\/www.newcreationtv.org\/de-backup\/wp-content\/uploads\/sites\/27\/2025\/05\/logo-edpo-v3-300x97.png","type":"","width":"","height":""}],"twitter_card":"summary_large_image","twitter_misc":{"Est. reading time":"8 minutes"},"schema":{"@context":"https:\/\/schema.org","@graph":[{"@type":"WebPage","@id":"https:\/\/www.newcreationtv.org\/de\/datenschutzerklarung\/","url":"https:\/\/www.newcreationtv.org\/de\/datenschutzerklarung\/","name":"Datenschutzerkl\u00e4rung | New Creation TV Deutsch","isPartOf":{"@id":"https:\/\/www.newcreationtv.org\/de\/#website"},"primaryImageOfPage":{"@id":"https:\/\/www.newcreationtv.org\/de\/datenschutzerklarung\/#primaryimage"},"image":{"@id":"https:\/\/www.newcreationtv.org\/de\/datenschutzerklarung\/#primaryimage"},"thumbnailUrl":"https:\/\/www.newcreationtv.org\/de-backup\/wp-content\/uploads\/sites\/27\/2025\/05\/logo-edpo-v3-300x97.png","datePublished":"2024-10-17T09:24:23+00:00","dateModified":"2026-03-04T02:21:29+00:00","description":"Datenschutzerkl\u00e4rungLetzte Aktualisierung: 12. Nov. 20241. AllgemeinesDie New Creation Church (\u201eNCC\u201c) verpflichtet sich, deine Privatsph\u00e4re zu sch\u00fctzen","breadcrumb":{"@id":"https:\/\/www.newcreationtv.org\/de\/datenschutzerklarung\/#breadcrumb"},"inLanguage":"en-US","potentialAction":[{"@type":"ReadAction","target":["https:\/\/www.newcreationtv.org\/de\/datenschutzerklarung\/"]}]},{"@type":"ImageObject","inLanguage":"en-US","@id":"https:\/\/www.newcreationtv.org\/de\/datenschutzerklarung\/#primaryimage","url":"https:\/\/www.newcreationtv.org\/de\/wp-content\/uploads\/sites\/27\/2025\/05\/logo-edpo-v3.png","contentUrl":"https:\/\/www.newcreationtv.org\/de\/wp-content\/uploads\/sites\/27\/2025\/05\/logo-edpo-v3.png","width":874,"height":284},{"@type":"BreadcrumbList","@id":"https:\/\/www.newcreationtv.org\/de\/datenschutzerklarung\/#breadcrumb","itemListElement":[{"@type":"ListItem","position":1,"name":"Home","item":"https:\/\/www.newcreationtv.org\/de\/"},{"@type":"ListItem","position":2,"name":"Datenschutzerkl\u00e4rung"}]},{"@type":"WebSite","@id":"https:\/\/www.newcreationtv.org\/de\/#website","url":"https:\/\/www.newcreationtv.org\/de\/","name":"New Creation TV Deutsch","description":"","potentialAction":[{"@type":"SearchAction","target":{"@type":"EntryPoint","urlTemplate":"https:\/\/www.newcreationtv.org\/de\/?s={search_term_string}"},"query-input":{"@type":"PropertyValueSpecification","valueRequired":true,"valueName":"search_term_string"}}],"inLanguage":"en-US"}]}},"_links":{"self":[{"href":"https:\/\/www.newcreationtv.org\/de\/wp-json\/wp\/v2\/pages\/3","targetHints":{"allow":["GET"]}}],"collection":[{"href":"https:\/\/www.newcreationtv.org\/de\/wp-json\/wp\/v2\/pages"}],"about":[{"href":"https:\/\/www.newcreationtv.org\/de\/wp-json\/wp\/v2\/types\/page"}],"author":[{"embeddable":true,"href":"https:\/\/www.newcreationtv.org\/de\/wp-json\/wp\/v2\/users\/1"}],"replies":[{"embeddable":true,"href":"https:\/\/www.newcreationtv.org\/de\/wp-json\/wp\/v2\/comments?post=3"}],"version-history":[{"count":64,"href":"https:\/\/www.newcreationtv.org\/de\/wp-json\/wp\/v2\/pages\/3\/revisions"}],"predecessor-version":[{"id":26860,"href":"https:\/\/www.newcreationtv.org\/de\/wp-json\/wp\/v2\/pages\/3\/revisions\/26860"}],"wp:attachment":[{"href":"https:\/\/www.newcreationtv.org\/de\/wp-json\/wp\/v2\/media?parent=3"}],"curies":[{"name":"wp","href":"https:\/\/api.w.org\/{rel}","templated":true}]}}