{"id":112,"date":"2024-10-23T02:01:04","date_gmt":"2024-10-23T02:01:04","guid":{"rendered":"https:\/\/www.newcreationtv.org\/de-backup\/?page_id=112"},"modified":"2026-02-06T12:10:52","modified_gmt":"2026-02-06T04:10:52","slug":"nutzungsbedingungen","status":"publish","type":"page","link":"https:\/\/www.newcreationtv.org\/de\/nutzungsbedingungen\/","title":{"rendered":"Nutzungsbedingungen"},"content":{"rendered":"\t\t<div data-elementor-type=\"wp-page\" data-elementor-id=\"112\" class=\"elementor elementor-112\" data-elementor-post-type=\"page\">\n\t\t\t\t<div class=\"elementor-element elementor-element-e298608 e-flex e-con-boxed e-con e-parent\" data-id=\"e298608\" data-element_type=\"container\" data-e-type=\"container\">\n\t\t\t\t\t<div class=\"e-con-inner\">\n\t\t\t\t<div class=\"elementor-element elementor-element-029a9d5 elementor-widget elementor-widget-text-editor\" data-id=\"029a9d5\" data-element_type=\"widget\" data-e-type=\"widget\" data-widget_type=\"text-editor.default\">\n\t\t\t\t<div class=\"elementor-widget-container\">\n\t\t\t\t\t\t\t\t\t<div class=\"page-header text-center\">\n<h2 class=\"text-theme-primary\">Nutzungsbedingungen<\/h2>\n<\/div>\n<h5><strong>Allgemeine Gesch\u00e4ftsbedingungen der Nutzung<\/strong><\/h5>\n<p>Vielen Dank, dass du die Webseiten und Webanwendungen der New Creation Church (\u201eNCC\u201c) nutzt (zusammenfassend die \u201ePlattformen\u201c).<\/p>\n<p>Durch den Zugriff auf und die Nutzung beliebiger Teile der Plattformen gilst du als einverstanden mit den nachstehenden Allgemeinen Gesch\u00e4ftsbedingungen (\u201eNutzungsbedingungen\u201c). Wenn du diesen Nutzungsbedingungen nicht zustimmst, nutze die Plattformen bitte nicht.<\/p>\n<h5><strong>Allgemeines<\/strong><\/h5>\n<p>Diese Nutzungsbedingungen k\u00f6nnen von Zeit zu Zeit ge\u00e4ndert werden; alle \u00c4nderungen werden auf dieser Seite bekanntgegeben. Deine weitere Nutzung der Plattformen nach Ver\u00f6ffentlichung solcher \u00c4nderungen gilt als Zustimmung zu den ge\u00e4nderten Nutzungsbedingungen. Deshalb solltest du diese Seite bei jedem Besuch der Plattformen sorgf\u00e4ltig lesen.<\/p>\n<h5><strong>Einschr\u00e4nkungen bei der Nutzung von Materialien<\/strong><\/h5>\n<p>Die Plattformen sind Eigentum der NCC und werden von ihr betrieben. Die Materialien auf den Plattformen, einschlie\u00dflich Informationen, Grafiken, Texte, Videos, T\u00f6ne (in Audiodateien oder anderer Form), Bilder sowie deren Gestaltung und Layout (zusammenfassend die \u201eInhalte\u201c), sind durch Urheberrecht, Markenrecht und andere Schutzrechte gesch\u00fctzt. Du darfst diese Inhalte ausschlie\u00dflich f\u00fcr pers\u00f6nliche, nicht kommerzielle Zwecke abrufen. Du darfst diese Inhalte ohne vorherige schriftliche Zustimmung der NCC weder vervielf\u00e4ltigen, erneut ver\u00f6ffentlichen, ver\u00e4ndern, kopieren, imitieren, \u00fcbertragen, verbreiten noch in sonstiger Weise nutzen.<\/p>\n<p>Dir wird keinerlei Lizenz oder Recht einger\u00e4umt, und dein Zugriff auf die Plattformen und\/oder die Nutzung der Online-Tools und -Dienste darf nicht so verstanden werden, dass dir stillschweigend, durch Rechtsverwirkung oder auf andere Weise eine Lizenz oder ein Recht zur Nutzung von Inhalten ohne vorherige schriftliche Zustimmung der NCC oder des jeweiligen Dritten, dem die Schutzrechte zustehen, erteilt wird.<\/p>\n<h5><strong>Haftungsausschluss und Gew\u00e4hrleistung<\/strong><\/h5>\n<p>Die auf den Plattformen bereitgestellten Inhalte werden \u201ewie besehen\u201c und ohne jegliche Garantien zur Verf\u00fcgung gestellt. Soweit gesetzlich zul\u00e4ssig, lehnt die NCC ausdr\u00fccklich jede Haftung und jede Gew\u00e4hrleistung ab, insbesondere, aber nicht ausschlie\u00dflich:<\/p>\n<ul>\n\t<li>hinsichtlich Genauigkeit, Korrektheit, Verl\u00e4sslichkeit, Aktualit\u00e4t, Vollst\u00e4ndigkeit, Nichtverletzung von Rechten, Eigentum, Marktg\u00e4ngigkeit oder Eignung f\u00fcr einen bestimmten Zweck;<\/li>\n\t<li>dass die Inhalte auf den Plattformen ununterbrochen oder fehlerfrei verf\u00fcgbar sein werden oder dass Fehler behoben werden k\u00f6nnen oder behoben werden; oder dass die Plattformen und\/oder Server frei von Viren oder anderen sch\u00e4dlichen Elementen sind;<\/li>\n\t<li>dass die Plattformen und\/oder Inhalte jederzeit verf\u00fcgbar oder zug\u00e4nglich sein werden.<\/li>\n<\/ul>\n<p>Du erkl\u00e4rst dich au\u00dferdem damit einverstanden, dass weder die NCC noch Drittanbieter von Inhalten irgendeine Haftung f\u00fcr Anspr\u00fcche, Sch\u00e4den oder Verluste jeglicher Art im Zusammenhang mit der Nutzung der Plattformen \u00fcbernehmen, einschlie\u00dflich, aber nicht beschr\u00e4nkt auf Sch\u00e4den oder Verluste im Hinblick auf deine Hardware, Daten, Informationen, Inhalte oder gesch\u00e4ftliche T\u00e4tigkeiten, die aus den Informationen oder dem Fehlen solcher Informationen auf den Plattformen resultieren.<\/p>\n<p>Unter keinen Umst\u00e4nden haften die NCC oder Drittanbieter von Inhalten f\u00fcr Leistungsst\u00f6rungen, Systemausf\u00e4lle, Server- oder Verbindungsabbr\u00fcche, Unterbrechungen, Defekte, Fehler, Auslassungen, Verz\u00f6gerungen im Betrieb oder in der \u00dcbertragung, Sicherheitsverletzungen, Schadcode, Computerviren oder die Unm\u00f6glichkeit der Nutzung oder des Zugriffs in Verbindung mit deinem Zugriff auf die Plattformen und\/oder deren Tools und Dienste \u2013 selbst wenn die NCC oder die Drittanbieter zuvor auf die M\u00f6glichkeit solcher Probleme hingewiesen wurden.<\/p>\n<h5><strong>Zugriffsrechte<\/strong><\/h5>\n<p>Die NCC kann nach eigenem Ermessen Nutzern ihrer Plattformen gestatten, Inhalte \u2013 darunter Zeugnisse, Fotos, Texte, Videos oder Links \u2013 zu ver\u00f6ffentlichen, hochzuladen, einzustellen oder zu \u00fcbermitteln. Die NCC beh\u00e4lt sich das Recht vor, die Plattformen jederzeit zu aktualisieren oder zu \u00e4ndern. Au\u00dferdem beh\u00e4lt sich die NCC das Recht vor, bestimmten Personen den Zugriff auf die Plattformen zu verweigern oder den Zugriff von bestimmten IP-Adressen zu sperren \u2013 jederzeit, ohne Angabe von Gr\u00fcnden und ohne vorherige Ank\u00fcndigung.<\/p>\n<p>Du erkl\u00e4rst dich damit einverstanden, Folgendes zu unterlassen:<\/p>\n<ul>\n\t<li>den Einsatz von Robotern, Crawlern, automatischen Ger\u00e4ten oder manuellen Prozessen, um Seiten oder Inhalte der Plattformen ohne vorherige schriftliche Genehmigung der NCC zu \u00fcberwachen oder zu kopieren;<\/li>\n\t<li>den Einsatz von Ger\u00e4ten, Software oder Routinen, um den ordnungsgem\u00e4\u00dfen Betrieb der Plattformen zu st\u00f6ren oder dies zu versuchen; und\/oder<\/li>\n\t<li>Handlungen vorzunehmen, die eine unangemessene oder unverh\u00e4ltnism\u00e4\u00dfig gro\u00dfe Belastung der Server der NCC verursachen.<\/li>\n<\/ul>\n<h5><strong>Verlinkungen zu anderen Webseiten<\/strong><\/h5>\n<p>Die Plattformen enthalten Links zu anderen Webseiten, die nicht von der NCC betrieben werden. Die NCC ist nicht verantwortlich f\u00fcr deren Inhalte und haftet nicht f\u00fcr Sch\u00e4den oder Verluste, die aus dem Zugriff auf diese Seiten entstehen. Das Anklicken solcher Links erfolgt ausschlie\u00dflich auf eigenes Risiko.<\/p>\n<p>Die NCC beh\u00e4lt sich das Recht vor, Links oder Frames von den Plattformen zu deaktivieren, und lehnt jegliche Verantwortung f\u00fcr Inhalte anderer Webseiten ab, die durch Links von oder zu den Plattformen erreichbar sind.<\/p>\n<h5><strong>Verlinkungen von anderen Webseiten<\/strong><\/h5>\n<p>Sofern nicht ausdr\u00fccklich anders angegeben, sind das Zwischenspeichern, das Verlinken und das Einbetten (Framing) der Plattformen oder ihrer Inhalte untersagt.<\/p>\n<p>Vor jeder Verlinkung oder jedem Framing der Plattformen oder ihrer Inhalte muss eine vorherige schriftliche Genehmigung der NCC eingeholt werden. Die NCC beh\u00e4lt sich das Recht vor, Bedingungen f\u00fcr die Genehmigung festzulegen.<\/p>\n<p>Eine Verlinkung oder Einbettung der Plattformen oder ihrer Inhalte gilt als Zustimmung zu diesen Nutzungsbedingungen. Dies gilt auch nach Ver\u00f6ffentlichung von \u00c4nderungen oder Anpassungen der Nutzungsbedingungen. Wenn du diesen Bedingungen nicht zustimmst, musst du das Verlinken oder Einbetten der Plattformen oder ihrer Inhalte unterlassen.<\/p>\n<p>Unter keinen Umst\u00e4nden darf die NCC als verbunden oder assoziiert mit Marken, Logos, Emblemen oder anderen Kennzeichen betrachtet werden, die auf Webseiten erscheinen, die Plattformen verlinken oder von den Plattformen verlinkt werden oder in den Inhalten genannt sind.<\/p>\n<p>Die NCC beh\u00e4lt sich das Recht vor, Links oder Frames von Seiten zu deaktivieren, die unangemessene, anst\u00f6\u00dfige, verleumderische, rechtsverletzende, obsz\u00f6ne, unsittliche oder unrechtm\u00e4\u00dfige Inhalte enthalten, oder Material, das gegen geltendes Recht oder geistige Eigentumsrechte, Datenschutz- oder Pers\u00f6nlichkeitsrechte verst\u00f6\u00dft.<\/p>\n<h5><strong>Haftungsbeschr\u00e4nkung<\/strong><\/h5>\n<p>Unter keinen Umst\u00e4nden haftet die NCC f\u00fcr Verluste oder Sch\u00e4den gleich welcher Art, sei es aus Vertrag, unerlaubter Handlung oder anderweitig, die aus der Nutzung oder dem Vertrauen auf die Informationen auf den Plattformen oder aus deiner Internetnutzung im Allgemeinen entstehen.<\/p>\t\t\t\t\t\t\t\t<\/div>\n\t\t\t\t<\/div>\n\t\t\t\t\t<\/div>\n\t\t\t\t<\/div>\n\t\t\t\t<\/div>\n\t\t","protected":false},"excerpt":{"rendered":"<p>Nutzungsbedingungen Allgemeine Gesch\u00e4ftsbedingungen der Nutzung Vielen Dank, dass du die Webseiten und Webanwendungen der New Creation Church (\u201eNCC\u201c) nutzt (zusammenfassend die \u201ePlattformen\u201c). Durch den Zugriff auf und die Nutzung beliebiger Teile der Plattformen gilst du als einverstanden mit den nachstehenden Allgemeinen Gesch\u00e4ftsbedingungen (\u201eNutzungsbedingungen\u201c). Wenn du diesen Nutzungsbedingungen nicht zustimmst, nutze die Plattformen bitte nicht. Allgemeines [&hellip;]<\/p>\n","protected":false},"author":1,"featured_media":0,"parent":0,"menu_order":0,"comment_status":"closed","ping_status":"closed","template":"","meta":{"footnotes":"","_links_to":"","_links_to_target":""},"class_list":["post-112","page","type-page","status-publish","hentry"],"yoast_head":"<!-- This site is optimized with the Yoast SEO plugin v25.5 - https:\/\/yoast.com\/wordpress\/plugins\/seo\/ -->\n<title>Nutzungsbedingungen | New Creation TV Deutsch<\/title>\n<meta name=\"description\" content=\"Nutzungsbedingungen Allgemeine Gesch\u00e4ftsbedingungen der Nutzung Vielen Dank, dass du die Webseiten und Webanwendungen der New Creation Church (\u201eNCC\u201c)\" \/>\n<meta name=\"robots\" content=\"index, follow, max-snippet:-1, max-image-preview:large, max-video-preview:-1\" \/>\n<link rel=\"canonical\" href=\"https:\/\/www.newcreationtv.org\/de\/nutzungsbedingungen\/\" \/>\n<meta property=\"og:locale\" content=\"en_US\" \/>\n<meta property=\"og:type\" content=\"article\" \/>\n<meta property=\"og:title\" content=\"Nutzungsbedingungen | New Creation TV Deutsch\" \/>\n<meta property=\"og:description\" content=\"Nutzungsbedingungen Allgemeine Gesch\u00e4ftsbedingungen der Nutzung Vielen Dank, dass du die Webseiten und Webanwendungen der New Creation Church (\u201eNCC\u201c)\" \/>\n<meta property=\"og:url\" content=\"https:\/\/www.newcreationtv.org\/de\/nutzungsbedingungen\/\" \/>\n<meta property=\"og:site_name\" content=\"New Creation TV Deutsch\" \/>\n<meta property=\"article:modified_time\" content=\"2026-02-06T04:10:52+00:00\" \/>\n<meta name=\"twitter:card\" content=\"summary_large_image\" \/>\n<meta name=\"twitter:label1\" content=\"Est. reading time\" \/>\n\t<meta name=\"twitter:data1\" content=\"5 minutes\" \/>\n<script type=\"application\/ld+json\" class=\"yoast-schema-graph\">{\"@context\":\"https:\/\/schema.org\",\"@graph\":[{\"@type\":\"WebPage\",\"@id\":\"https:\/\/www.newcreationtv.org\/de\/nutzungsbedingungen\/\",\"url\":\"https:\/\/www.newcreationtv.org\/de\/nutzungsbedingungen\/\",\"name\":\"Nutzungsbedingungen | New Creation TV Deutsch\",\"isPartOf\":{\"@id\":\"https:\/\/www.newcreationtv.org\/de\/#website\"},\"datePublished\":\"2024-10-23T02:01:04+00:00\",\"dateModified\":\"2026-02-06T04:10:52+00:00\",\"description\":\"Nutzungsbedingungen Allgemeine Gesch\u00e4ftsbedingungen der Nutzung Vielen Dank, dass du die Webseiten und Webanwendungen der New Creation Church (\u201eNCC\u201c)\",\"breadcrumb\":{\"@id\":\"https:\/\/www.newcreationtv.org\/de\/nutzungsbedingungen\/#breadcrumb\"},\"inLanguage\":\"en-US\",\"potentialAction\":[{\"@type\":\"ReadAction\",\"target\":[\"https:\/\/www.newcreationtv.org\/de\/nutzungsbedingungen\/\"]}]},{\"@type\":\"BreadcrumbList\",\"@id\":\"https:\/\/www.newcreationtv.org\/de\/nutzungsbedingungen\/#breadcrumb\",\"itemListElement\":[{\"@type\":\"ListItem\",\"position\":1,\"name\":\"Home\",\"item\":\"https:\/\/www.newcreationtv.org\/de\/\"},{\"@type\":\"ListItem\",\"position\":2,\"name\":\"Nutzungsbedingungen\"}]},{\"@type\":\"WebSite\",\"@id\":\"https:\/\/www.newcreationtv.org\/de\/#website\",\"url\":\"https:\/\/www.newcreationtv.org\/de\/\",\"name\":\"New Creation TV Deutsch\",\"description\":\"\",\"potentialAction\":[{\"@type\":\"SearchAction\",\"target\":{\"@type\":\"EntryPoint\",\"urlTemplate\":\"https:\/\/www.newcreationtv.org\/de\/?s={search_term_string}\"},\"query-input\":{\"@type\":\"PropertyValueSpecification\",\"valueRequired\":true,\"valueName\":\"search_term_string\"}}],\"inLanguage\":\"en-US\"}]}<\/script>\n<!-- \/ Yoast SEO plugin. -->","yoast_head_json":{"title":"Nutzungsbedingungen | New Creation TV Deutsch","description":"Nutzungsbedingungen Allgemeine Gesch\u00e4ftsbedingungen der Nutzung Vielen Dank, dass du die Webseiten und Webanwendungen der New Creation Church (\u201eNCC\u201c)","robots":{"index":"index","follow":"follow","max-snippet":"max-snippet:-1","max-image-preview":"max-image-preview:large","max-video-preview":"max-video-preview:-1"},"canonical":"https:\/\/www.newcreationtv.org\/de\/nutzungsbedingungen\/","og_locale":"en_US","og_type":"article","og_title":"Nutzungsbedingungen | New Creation TV Deutsch","og_description":"Nutzungsbedingungen Allgemeine Gesch\u00e4ftsbedingungen der Nutzung Vielen Dank, dass du die Webseiten und Webanwendungen der New Creation Church (\u201eNCC\u201c)","og_url":"https:\/\/www.newcreationtv.org\/de\/nutzungsbedingungen\/","og_site_name":"New Creation TV Deutsch","article_modified_time":"2026-02-06T04:10:52+00:00","twitter_card":"summary_large_image","twitter_misc":{"Est. reading time":"5 minutes"},"schema":{"@context":"https:\/\/schema.org","@graph":[{"@type":"WebPage","@id":"https:\/\/www.newcreationtv.org\/de\/nutzungsbedingungen\/","url":"https:\/\/www.newcreationtv.org\/de\/nutzungsbedingungen\/","name":"Nutzungsbedingungen | New Creation TV Deutsch","isPartOf":{"@id":"https:\/\/www.newcreationtv.org\/de\/#website"},"datePublished":"2024-10-23T02:01:04+00:00","dateModified":"2026-02-06T04:10:52+00:00","description":"Nutzungsbedingungen Allgemeine Gesch\u00e4ftsbedingungen der Nutzung Vielen Dank, dass du die Webseiten und Webanwendungen der New Creation Church (\u201eNCC\u201c)","breadcrumb":{"@id":"https:\/\/www.newcreationtv.org\/de\/nutzungsbedingungen\/#breadcrumb"},"inLanguage":"en-US","potentialAction":[{"@type":"ReadAction","target":["https:\/\/www.newcreationtv.org\/de\/nutzungsbedingungen\/"]}]},{"@type":"BreadcrumbList","@id":"https:\/\/www.newcreationtv.org\/de\/nutzungsbedingungen\/#breadcrumb","itemListElement":[{"@type":"ListItem","position":1,"name":"Home","item":"https:\/\/www.newcreationtv.org\/de\/"},{"@type":"ListItem","position":2,"name":"Nutzungsbedingungen"}]},{"@type":"WebSite","@id":"https:\/\/www.newcreationtv.org\/de\/#website","url":"https:\/\/www.newcreationtv.org\/de\/","name":"New Creation TV Deutsch","description":"","potentialAction":[{"@type":"SearchAction","target":{"@type":"EntryPoint","urlTemplate":"https:\/\/www.newcreationtv.org\/de\/?s={search_term_string}"},"query-input":{"@type":"PropertyValueSpecification","valueRequired":true,"valueName":"search_term_string"}}],"inLanguage":"en-US"}]}},"_links":{"self":[{"href":"https:\/\/www.newcreationtv.org\/de\/wp-json\/wp\/v2\/pages\/112","targetHints":{"allow":["GET"]}}],"collection":[{"href":"https:\/\/www.newcreationtv.org\/de\/wp-json\/wp\/v2\/pages"}],"about":[{"href":"https:\/\/www.newcreationtv.org\/de\/wp-json\/wp\/v2\/types\/page"}],"author":[{"embeddable":true,"href":"https:\/\/www.newcreationtv.org\/de\/wp-json\/wp\/v2\/users\/1"}],"replies":[{"embeddable":true,"href":"https:\/\/www.newcreationtv.org\/de\/wp-json\/wp\/v2\/comments?post=112"}],"version-history":[{"count":75,"href":"https:\/\/www.newcreationtv.org\/de\/wp-json\/wp\/v2\/pages\/112\/revisions"}],"predecessor-version":[{"id":26373,"href":"https:\/\/www.newcreationtv.org\/de\/wp-json\/wp\/v2\/pages\/112\/revisions\/26373"}],"wp:attachment":[{"href":"https:\/\/www.newcreationtv.org\/de\/wp-json\/wp\/v2\/media?parent=112"}],"curies":[{"name":"wp","href":"https:\/\/api.w.org\/{rel}","templated":true}]}}